{"id":51410,"date":"2024-12-18T11:15:38","date_gmt":"2024-12-18T11:15:38","guid":{"rendered":"https:\/\/ruumistruumi.ee\/pood\/soogilaud-noia-suitsutatud-tamm-ja-metallist-o140-cm\/"},"modified":"2025-08-20T21:47:48","modified_gmt":"2025-08-20T21:47:48","slug":"soogilaud-noia-suitsutatud-tamm-ja-metallist-o140-cm","status":"publish","type":"product","link":"https:\/\/blankpage.ee\/_ruumist-ruumi\/pood\/soogilaud-noia-suitsutatud-tamm-ja-metallist-o140-cm\/","title":{"rendered":"S\u00f6\u00f6gilaud Noia, suitsutatud tamm ja metallist (\u00d8140 cm)"},"content":{"rendered":"<h2>S\u00f6\u00f6gilaud Noia suitsutatud tamm<\/h2>\n<p>S\u00f6\u00f6gilaud Noia suitsutatud tammest loob kauni koduse \u00f5hkkonna. Hea kvaliteet ja stiilne disain.<\/p>\n<h4>Ideaalne v\u00e4iksematesse ruumidesse<\/h4>\n<p>See laud on ideaalne neile, kes hindavad kvaliteeti ja vastupidavust. Suitsutatud tammeviimistlus ja metallist alus annavad lauale modernse v\u00e4limuse, sobides suurep\u00e4raselt v\u00e4iksematesse ruumidesse. See on suurep\u00e4rane valik k\u00f5igile, kes otsivad kvaliteetset ja stiilset lauda.<\/p>\n<h4>Oluline v\u00e4limus<\/h4>\n<p>Laud on sirgete ja \u00fcmardatud jalgadega, andes sellele elegantse ja modernse v\u00e4limuse. Kvaliteetsed materjalid muudavad selle vastupidavaks ja ajatu m\u00f6\u00f6bliesemeks, mis on suurep\u00e4rane koht, kus koos pere ja s\u00f5pradega aega veeta.<\/p>\n<h4>Omadused<\/h4>\n<ul>\n<li>Suitsutatud tammeviimistlus<\/li>\n<li>Metallist alus<\/li>\n<li>Mahutab kuni 4 inimest<\/li>\n<li>Modernne disain<\/li>\n<li>Ideaalne v\u00e4iksematesse ruumidesse<\/li>\n<li>Vastupidavad ja kvaliteetsed materjalid<\/li>\n<\/ul>\n","protected":false},"excerpt":{"rendered":"<p>S\u00f6\u00f6gilaud Noia suitsutatud tamm S\u00f6\u00f6gilaud Noia suitsutatud tammest loob kauni koduse \u00f5hkkonna. Hea kvaliteet ja stiilne disain. Ideaalne v\u00e4iksematesse ruumidesse See laud on ideaalne neile, kes hindavad kvaliteeti ja vastupidavust. Suitsutatud tammeviimistlus ja metallist alus annavad lauale modernse v\u00e4limuse, sobides suurep\u00e4raselt v\u00e4iksematesse ruumidesse. See on suurep\u00e4rane valik k\u00f5igile, kes otsivad kvaliteetset ja stiilset lauda. Oluline [&hellip;]<\/p>\n","protected":false},"featured_media":51411,"comment_status":"closed","ping_status":"open","template":"","meta":[],"product_brand":[],"product_cat":[93],"product_tag":[],"class_list":{"0":"post-51410","1":"product","2":"type-product","3":"status-publish","4":"has-post-thumbnail","6":"product_cat-soogilauad","7":"product_shipping_class-furnicher","8":"pa_istekohtade-arv-kuni-6","9":"pa_kollektsioon-noia","10":"pa_laua-korgus-1190","11":"pa_laua-pikkus-1206","12":"pa_materjal-puit","13":"pa_varv-pruun","15":"first","16":"outofstock","17":"sale","18":"taxable","19":"shipping-taxable","20":"purchasable","21":"product-type-simple"},"_links":{"self":[{"href":"https:\/\/blankpage.ee\/_ruumist-ruumi\/wp-json\/wp\/v2\/product\/51410","targetHints":{"allow":["GET"]}}],"collection":[{"href":"https:\/\/blankpage.ee\/_ruumist-ruumi\/wp-json\/wp\/v2\/product"}],"about":[{"href":"https:\/\/blankpage.ee\/_ruumist-ruumi\/wp-json\/wp\/v2\/types\/product"}],"replies":[{"embeddable":true,"href":"https:\/\/blankpage.ee\/_ruumist-ruumi\/wp-json\/wp\/v2\/comments?post=51410"}],"wp:featuredmedia":[{"embeddable":true,"href":"https:\/\/blankpage.ee\/_ruumist-ruumi\/wp-json\/wp\/v2\/media\/51411"}],"wp:attachment":[{"href":"https:\/\/blankpage.ee\/_ruumist-ruumi\/wp-json\/wp\/v2\/media?parent=51410"}],"wp:term":[{"taxonomy":"product_brand","embeddable":true,"href":"https:\/\/blankpage.ee\/_ruumist-ruumi\/wp-json\/wp\/v2\/product_brand?post=51410"},{"taxonomy":"product_cat","embeddable":true,"href":"https:\/\/blankpage.ee\/_ruumist-ruumi\/wp-json\/wp\/v2\/product_cat?post=51410"},{"taxonomy":"product_tag","embeddable":true,"href":"https:\/\/blankpage.ee\/_ruumist-ruumi\/wp-json\/wp\/v2\/product_tag?post=51410"}],"curies":[{"name":"wp","href":"https:\/\/api.w.org\/{rel}","templated":true}]}}