{"id":51417,"date":"2024-12-18T11:15:38","date_gmt":"2024-12-18T11:15:38","guid":{"rendered":"https:\/\/ruumistruumi.ee\/pood\/soogilaud-saeko-naturaalne-puit-ja-tammejalad\/"},"modified":"2025-08-20T21:47:51","modified_gmt":"2025-08-20T21:47:51","slug":"soogilaud-saeko-naturaalne-puit-ja-tammejalad","status":"publish","type":"product","link":"https:\/\/blankpage.ee\/_ruumist-ruumi\/pood\/soogilaud-saeko-naturaalne-puit-ja-tammejalad\/","title":{"rendered":"S\u00f6\u00f6gilaud Saeko, naturaalne puit ja tammejalad"},"content":{"rendered":"<h2>S\u00f6\u00f6gilaud Saeko, naturaalne puit<\/h2>\n<p>Naturaalsest puidust s\u00f6\u00f6gilaud Saeko on hinnatud oma lihtsa disaini ja orgaanilise v\u00e4limuse poolest.<\/p>\n<h4>Hubane ja kutsuv disain<\/h4>\n<p>Disainil on \u00fcmarad nurgad, mis muudavad selle hubaseks ja kutsuvaks. Vaadake seda kui vaikivat kaaslast, kelle eesm\u00e4rk on koguda teid ja teie l\u00e4hedasi eriliseks s\u00fcndmuseks. Puidust disain ja t\u00e4iuslik toon, mis t\u00f5stavad esile mugavat \u00f5hkkonda, r\u00f5hutavad seda veelgi.<\/p>\n<h4>T\u00e4iuslik igasse s\u00f6\u00f6giruumi<\/h4>\n<p>Siledal ja avaral lauaplaadil on Saeko s\u00f6\u00f6gilaual rohkelt ruumi nii einestamiseks kui ka k\u00fclaliste v\u00f5\u00f5rustamiseks. Selle lihtne vorm \u00fcmarate servadega muudab selle universaalseks t\u00fckiks, mis sobib sujuvalt igasse s\u00f6\u00f6giruumi.<\/p>\n<h4>Omadused<\/h4>\n<ul>\n<li>Sile ja avar lauaplaat<\/li>\n<li>Lihtne vorm \u00fcmarate servadega<\/li>\n<li>Massiivne puidust materjal<\/li>\n<li>\u00d5litatud tammepind loomuliku ja sooja tunde jaoks<\/li>\n<li>Mahutab mugavalt kuni 6 inimest<\/li>\n<\/ul>\n","protected":false},"excerpt":{"rendered":"<p>S\u00f6\u00f6gilaud Saeko, naturaalne puit Naturaalsest puidust s\u00f6\u00f6gilaud Saeko on hinnatud oma lihtsa disaini ja orgaanilise v\u00e4limuse poolest. Hubane ja kutsuv disain Disainil on \u00fcmarad nurgad, mis muudavad selle hubaseks ja kutsuvaks. Vaadake seda kui vaikivat kaaslast, kelle eesm\u00e4rk on koguda teid ja teie l\u00e4hedasi eriliseks s\u00fcndmuseks. Puidust disain ja t\u00e4iuslik toon, mis t\u00f5stavad esile mugavat [&hellip;]<\/p>\n","protected":false},"featured_media":51418,"comment_status":"closed","ping_status":"open","template":"","meta":[],"product_brand":[],"product_cat":[93],"product_tag":[],"class_list":{"0":"post-51417","1":"product","2":"type-product","3":"status-publish","4":"has-post-thumbnail","6":"product_cat-soogilauad","7":"product_shipping_class-furnicher","8":"pa_istekohtade-arv-kuni-6","9":"pa_laua-korgus-75-5","10":"pa_laua-pikkus-1197","11":"pa_materjal-puit","12":"pa_varv-naturaalne","14":"first","15":"outofstock","16":"sale","17":"taxable","18":"shipping-taxable","19":"purchasable","20":"product-type-simple"},"_links":{"self":[{"href":"https:\/\/blankpage.ee\/_ruumist-ruumi\/wp-json\/wp\/v2\/product\/51417","targetHints":{"allow":["GET"]}}],"collection":[{"href":"https:\/\/blankpage.ee\/_ruumist-ruumi\/wp-json\/wp\/v2\/product"}],"about":[{"href":"https:\/\/blankpage.ee\/_ruumist-ruumi\/wp-json\/wp\/v2\/types\/product"}],"replies":[{"embeddable":true,"href":"https:\/\/blankpage.ee\/_ruumist-ruumi\/wp-json\/wp\/v2\/comments?post=51417"}],"wp:featuredmedia":[{"embeddable":true,"href":"https:\/\/blankpage.ee\/_ruumist-ruumi\/wp-json\/wp\/v2\/media\/51418"}],"wp:attachment":[{"href":"https:\/\/blankpage.ee\/_ruumist-ruumi\/wp-json\/wp\/v2\/media?parent=51417"}],"wp:term":[{"taxonomy":"product_brand","embeddable":true,"href":"https:\/\/blankpage.ee\/_ruumist-ruumi\/wp-json\/wp\/v2\/product_brand?post=51417"},{"taxonomy":"product_cat","embeddable":true,"href":"https:\/\/blankpage.ee\/_ruumist-ruumi\/wp-json\/wp\/v2\/product_cat?post=51417"},{"taxonomy":"product_tag","embeddable":true,"href":"https:\/\/blankpage.ee\/_ruumist-ruumi\/wp-json\/wp\/v2\/product_tag?post=51417"}],"curies":[{"name":"wp","href":"https:\/\/api.w.org\/{rel}","templated":true}]}}