{"id":51420,"date":"2024-12-18T11:15:38","date_gmt":"2024-12-18T11:15:38","guid":{"rendered":"https:\/\/ruumistruumi.ee\/pood\/soogilaud-saeko-olitatud-puit-ja-tammejalad\/"},"modified":"2025-08-20T21:47:53","modified_gmt":"2025-08-20T21:47:53","slug":"soogilaud-saeko-olitatud-puit-ja-tammejalad","status":"publish","type":"product","link":"https:\/\/blankpage.ee\/_ruumist-ruumi\/pood\/soogilaud-saeko-olitatud-puit-ja-tammejalad\/","title":{"rendered":"S\u00f6\u00f6gilaud Saeko, \u00f5litatud puit ja tammejalad"},"content":{"rendered":"<h2>S\u00f6\u00f6gilaud Saeko, \u00f5litatud puidust<\/h2>\n<p>\u00d5litatud puidust s\u00f6\u00f6gilaud Saeko tammepuidust jalgadega pakub lihtsat ja elegantset stiili.<\/p>\n<h4>Ideaalne kogunemisteks<\/h4>\n<p>S\u00f6\u00f6gilaud on hinnatud oma lihtsa disaini ja loodusliku v\u00e4limuse poolest. Laudade \u00fcmardatud nurgad annavad sellele hubase ja kutsuva ilme. M\u00f5elge sellele kui vaiksele kaaslasele, kelle eesm\u00e4rk on koguda teid ja teie l\u00e4hedasi erilisteks s\u00fcndmusteks. Valge tooni ja tammevaigu s\u00fcmbiootiline suhe, mis t\u00f5stab veelgi mugavat atmosf\u00e4\u00e4ri, on siin t\u00f5stetud esile.<\/p>\n<h4>Stiilne lihtsus<\/h4>\n<p>Saeko s\u00f6\u00f6gilaud kehastab skandinaavia disaini p\u00f5him\u00f5tteid, pakkudes siledat ja avarat lauaplaati. Selle lihtne vorm \u00fcmarate servadega lisab igale s\u00f6\u00f6gitoale elegantsi. T\u00e4ispuidust materjal tagab vastupidavuse, s\u00e4ilitades samal ajal loodusliku ja sooja esteetika.<\/p>\n<h4>Omadused<\/h4>\n<ul>\n<li>Skandinaavia disain<\/li>\n<li>Sujuv ja ruumikas lauaplaat<\/li>\n<li>Lihtne vorm \u00fcmarate servadega<\/li>\n<li>T\u00e4ispuidust materjal<\/li>\n<li>Mahutab mugavalt kuni 6 inimest<\/li>\n<\/ul>\n","protected":false},"excerpt":{"rendered":"<p>S\u00f6\u00f6gilaud Saeko, \u00f5litatud puidust \u00d5litatud puidust s\u00f6\u00f6gilaud Saeko tammepuidust jalgadega pakub lihtsat ja elegantset stiili. Ideaalne kogunemisteks S\u00f6\u00f6gilaud on hinnatud oma lihtsa disaini ja loodusliku v\u00e4limuse poolest. Laudade \u00fcmardatud nurgad annavad sellele hubase ja kutsuva ilme. M\u00f5elge sellele kui vaiksele kaaslasele, kelle eesm\u00e4rk on koguda teid ja teie l\u00e4hedasi erilisteks s\u00fcndmusteks. Valge tooni ja tammevaigu [&hellip;]<\/p>\n","protected":false},"featured_media":51421,"comment_status":"closed","ping_status":"closed","template":"","meta":[],"product_brand":[],"product_cat":[93],"product_tag":[],"class_list":{"0":"post-51420","1":"product","2":"type-product","3":"status-publish","4":"has-post-thumbnail","6":"product_cat-soogilauad","7":"product_shipping_class-furnicher","8":"pa_istekohtade-arv-kuni-6","9":"pa_laua-korgus-75-5","10":"pa_laua-pikkus-1197","11":"pa_materjal-puit","12":"pa_varv-naturaalne","14":"first","15":"outofstock","16":"sale","17":"taxable","18":"shipping-taxable","19":"purchasable","20":"product-type-simple"},"_links":{"self":[{"href":"https:\/\/blankpage.ee\/_ruumist-ruumi\/wp-json\/wp\/v2\/product\/51420","targetHints":{"allow":["GET"]}}],"collection":[{"href":"https:\/\/blankpage.ee\/_ruumist-ruumi\/wp-json\/wp\/v2\/product"}],"about":[{"href":"https:\/\/blankpage.ee\/_ruumist-ruumi\/wp-json\/wp\/v2\/types\/product"}],"replies":[{"embeddable":true,"href":"https:\/\/blankpage.ee\/_ruumist-ruumi\/wp-json\/wp\/v2\/comments?post=51420"}],"wp:featuredmedia":[{"embeddable":true,"href":"https:\/\/blankpage.ee\/_ruumist-ruumi\/wp-json\/wp\/v2\/media\/51421"}],"wp:attachment":[{"href":"https:\/\/blankpage.ee\/_ruumist-ruumi\/wp-json\/wp\/v2\/media?parent=51420"}],"wp:term":[{"taxonomy":"product_brand","embeddable":true,"href":"https:\/\/blankpage.ee\/_ruumist-ruumi\/wp-json\/wp\/v2\/product_brand?post=51420"},{"taxonomy":"product_cat","embeddable":true,"href":"https:\/\/blankpage.ee\/_ruumist-ruumi\/wp-json\/wp\/v2\/product_cat?post=51420"},{"taxonomy":"product_tag","embeddable":true,"href":"https:\/\/blankpage.ee\/_ruumist-ruumi\/wp-json\/wp\/v2\/product_tag?post=51420"}],"curies":[{"name":"wp","href":"https:\/\/api.w.org\/{rel}","templated":true}]}}