{"id":5145,"date":"2024-11-01T09:46:33","date_gmt":"2024-11-01T09:46:33","guid":{"rendered":"https:\/\/ruumistruumi.ee\/pood\/tumepruun-vitriinkapp-ashton-astl03-akatsiapuust\/"},"modified":"2025-04-10T11:56:59","modified_gmt":"2025-04-10T11:56:59","slug":"tumepruun-vitriinkapp-ashton-astl03-akaatsiapuidust","status":"publish","type":"product","link":"https:\/\/blankpage.ee\/_ruumist-ruumi\/pood\/tumepruun-vitriinkapp-ashton-astl03-akaatsiapuidust\/","title":{"rendered":"Tumepruun vitriinkapp Ashton ASTL03, akaatsiapuidust"},"content":{"rendered":"<p>Ashton ASTL03 vitriinkapp elutuppa. See stiilne vitriinkapp on valmistatud tugevast harjatud akaatsiapuidust, tuues teie elutuppa retro, vintage ja boho stiili h\u00f5ngu. Kaunis tumepruun v\u00e4rv koos messingitoonides k\u00e4epidemetega lisab ruumile soojust ja elegantsi. Vitriinkapp on t\u00e4ielikult puidust, pakkudes kolme reguleeritavat riiulit, kolme sahtlit ja kolme liugust, millel on kalasabamustriga esipaneelid.<\/p>\n<p>Ashton ASTL03 vitriinkapp on ideaalne valik, kui soovite oma lemmik esemeid stiilselt esitleda. Kolm reguleeritavat riiulit v\u00f5imaldavad teil kohandada ruumi vastavalt vajadusele, samas kui sahtlid pakuvad t\u00e4iendavat hoiuruumi. Metallist k\u00e4epidemed lisavad kapile vastupidavust ja kaasaegset ilmet. Liuguste s\u00fcsteem tagab sujuva ja vaikse avamise, muutes selle praktiliseks valikuks igasse elutuppa.<\/p>\n<p>Omadused:<br \/>\n<strong>Materjal:<\/strong> Akaatsiapuit.<br \/>\n<strong>V\u00e4rv:<\/strong> Tumepruun.<br \/>\n<strong>M\u00f5\u00f5tmed:<\/strong> Laius 100 cm, s\u00fcgavus 45 cm, k\u00f5rgus 195 cm.<br \/>\n<strong>T\u00e4iendavad detailid:<\/strong> Kolm ust, kolm riiulit, metallist k\u00e4epidemed, kalasabamustriga esipaneelid.<br \/>\n<strong>Kokkupanek:<\/strong> Kokkupandud, ei vaja paigaldust. S\u00e4\u00e4stab aega ja vaeva.<\/p>\n<p>&nbsp;<\/p>\n","protected":false},"excerpt":{"rendered":"<p>Ashton ASTL03 vitriinkapp elutuppa. See stiilne vitriinkapp on valmistatud tugevast harjatud akaatsiapuidust, tuues teie elutuppa retro, vintage ja boho stiili h\u00f5ngu. Kaunis tumepruun v\u00e4rv koos messingitoonides k\u00e4epidemetega lisab ruumile soojust ja elegantsi. Vitriinkapp on t\u00e4ielikult puidust, pakkudes kolme reguleeritavat riiulit, kolme sahtlit ja kolme liugust, millel on kalasabamustriga esipaneelid. Ashton ASTL03 vitriinkapp on ideaalne valik, [&hellip;]<\/p>\n","protected":false},"featured_media":5146,"comment_status":"open","ping_status":"closed","template":"","meta":[],"product_brand":[],"product_cat":[73],"product_tag":[],"class_list":{"0":"post-5145","1":"product","2":"type-product","3":"status-publish","4":"has-post-thumbnail","6":"product_cat-vitriinkapid","7":"product_shipping_class-livin-hill","8":"pa_kaepidemed-metall","9":"pa_kollektsioon-ashton","10":"pa_materjal-akaatsiapuit","11":"pa_riiulite-arv-89","12":"pa_sahtlite-arv-95","13":"pa_uste-arv-84","14":"pa_varv-tumepruun","16":"first","17":"instock","18":"sale","19":"taxable","20":"shipping-taxable","21":"purchasable","22":"product-type-simple"},"_links":{"self":[{"href":"https:\/\/blankpage.ee\/_ruumist-ruumi\/wp-json\/wp\/v2\/product\/5145","targetHints":{"allow":["GET"]}}],"collection":[{"href":"https:\/\/blankpage.ee\/_ruumist-ruumi\/wp-json\/wp\/v2\/product"}],"about":[{"href":"https:\/\/blankpage.ee\/_ruumist-ruumi\/wp-json\/wp\/v2\/types\/product"}],"replies":[{"embeddable":true,"href":"https:\/\/blankpage.ee\/_ruumist-ruumi\/wp-json\/wp\/v2\/comments?post=5145"}],"wp:featuredmedia":[{"embeddable":true,"href":"https:\/\/blankpage.ee\/_ruumist-ruumi\/wp-json\/wp\/v2\/media\/5146"}],"wp:attachment":[{"href":"https:\/\/blankpage.ee\/_ruumist-ruumi\/wp-json\/wp\/v2\/media?parent=5145"}],"wp:term":[{"taxonomy":"product_brand","embeddable":true,"href":"https:\/\/blankpage.ee\/_ruumist-ruumi\/wp-json\/wp\/v2\/product_brand?post=5145"},{"taxonomy":"product_cat","embeddable":true,"href":"https:\/\/blankpage.ee\/_ruumist-ruumi\/wp-json\/wp\/v2\/product_cat?post=5145"},{"taxonomy":"product_tag","embeddable":true,"href":"https:\/\/blankpage.ee\/_ruumist-ruumi\/wp-json\/wp\/v2\/product_tag?post=5145"}],"curies":[{"name":"wp","href":"https:\/\/api.w.org\/{rel}","templated":true}]}}