{"id":51459,"date":"2024-12-18T11:16:09","date_gmt":"2024-12-18T11:16:09","guid":{"rendered":"https:\/\/ruumistruumi.ee\/pood\/ovaalne-soogilaud-saulo-helepruun-200-cm\/"},"modified":"2025-08-20T21:47:34","modified_gmt":"2025-08-20T21:47:34","slug":"ovaalne-soogilaud-saulo-helepruun-200-cm","status":"publish","type":"product","link":"https:\/\/blankpage.ee\/_ruumist-ruumi\/pood\/ovaalne-soogilaud-saulo-helepruun-200-cm\/","title":{"rendered":"Ovaalne s\u00f6\u00f6gilaud Saulo, helepruun, 200 cm"},"content":{"rendered":"<h2>Ovaalne s\u00f6\u00f6gilaud Saulo 200 cm<\/h2>\n<p>Ovaalne s\u00f6\u00f6gilaud Saulo on stiilne ja modernne m\u00f6\u00f6bliese, mis on loodud teie eluruumi t\u00e4iendama. Selle keskmise suurusega s\u00f6\u00f6gilaua valmistamisel on p\u00f6\u00f6ratud suurt t\u00e4helepanu detailidele, pakkudes v\u00f5rreldamatut mugavust ja rafineeritust.<\/p>\n<h4>Elegantne disain ja mugavus<\/h4>\n<p>Keskmine ovaalne s\u00f6\u00f6gilaud Saulo heledas pruunis toonis pakub elegantsi ja mugavuse segu, olles suurep\u00e4rane t\u00e4iendus igasse ruumi. Looge stiilne ja mugav s\u00f6\u00f6giala ning lisage Saulo s\u00f6\u00f6gilaud, et nautida \u00f5htus\u00f6\u00f6ki oma k\u00fclalistega.<\/p>\n<h4>Ideaalne igasse ruumi<\/h4>\n<p>Olgu teie eesm\u00e4rk uuendada oma s\u00f6\u00f6gituba v\u00f5i k\u00f6\u00f6giala, ovaalne s\u00f6\u00f6gilaud Saulo sobitub vaevata igasse sisekujundusstiili. Selle mitmek\u00fclgne disain t\u00e4iustab nii kaasaegseid kui ka klassikalisi interj\u00f6\u00f6re.<\/p>\n<h4>Omadused<\/h4>\n<ul>\n<li>Luksuslik helepruun viimistlus<\/li>\n<li>Kauakestev ja k\u00f5rgekvaliteetne konstruktsioon<\/li>\n<li>Kavandatud mugavuse ja stiili jaoks<\/li>\n<li>Ideaalne t\u00e4iendus elutuppa, magamistuppa ja kontorisse<\/li>\n<li>Lihtne puhastada ja hooldada<\/li>\n<\/ul>\n<p>Otsid stiilset ja praktilist s\u00f6\u00f6gilauda? Siis on Saulo just sinu jaoks loodud. See laud, oma ainulaadse ovaalse disainiga, on otse Skandinaavia stiili k\u00e4siraamatust! Saulo pakub kolme suuruse valikut. Kas valid hubase ja kompaktse 180 cm? V\u00f5i eelistad ruumikamat ja kutsuvamat 200 v\u00f5i 230 cm? Kindlasti leiad suuruse, mis sobitub ideaalselt sinu s\u00f6\u00f6gituppa. Saulo puhul saad valida ka kahe atraktiivse v\u00e4rvi vahel. Mis teeb selle laua t\u00f5eliselt eriliseks, on jalg. See pole mitte ainult tugev, vaid sellel on ka kaunis ribimuster. See annab lauale erilisema ilme. Kokkuv\u00f5ttes: Saulo \u00fchendab disaini ja funktsionaalsuse. See on ideaalne laud, et koguneda ja nautida einet.<\/p>\n","protected":false},"excerpt":{"rendered":"<p>Ovaalne s\u00f6\u00f6gilaud Saulo 200 cm Ovaalne s\u00f6\u00f6gilaud Saulo on stiilne ja modernne m\u00f6\u00f6bliese, mis on loodud teie eluruumi t\u00e4iendama. Selle keskmise suurusega s\u00f6\u00f6gilaua valmistamisel on p\u00f6\u00f6ratud suurt t\u00e4helepanu detailidele, pakkudes v\u00f5rreldamatut mugavust ja rafineeritust. Elegantne disain ja mugavus Keskmine ovaalne s\u00f6\u00f6gilaud Saulo heledas pruunis toonis pakub elegantsi ja mugavuse segu, olles suurep\u00e4rane t\u00e4iendus igasse ruumi. [&hellip;]<\/p>\n","protected":false},"featured_media":51460,"comment_status":"closed","ping_status":"open","template":"","meta":[],"product_brand":[],"product_cat":[93],"product_tag":[],"class_list":{"0":"post-51459","1":"product","2":"type-product","3":"status-publish","4":"has-post-thumbnail","6":"product_cat-soogilauad","7":"product_shipping_class-furnicher","8":"pa_istekohtade-arv-kuni-8","9":"pa_kollektsioon-saulo","10":"pa_laua-korgus-1186","11":"pa_laua-pikkus-1187","12":"pa_materjal-puit","13":"pa_varv-naturaalne","15":"first","16":"outofstock","17":"sale","18":"taxable","19":"shipping-taxable","20":"purchasable","21":"product-type-simple"},"_links":{"self":[{"href":"https:\/\/blankpage.ee\/_ruumist-ruumi\/wp-json\/wp\/v2\/product\/51459","targetHints":{"allow":["GET"]}}],"collection":[{"href":"https:\/\/blankpage.ee\/_ruumist-ruumi\/wp-json\/wp\/v2\/product"}],"about":[{"href":"https:\/\/blankpage.ee\/_ruumist-ruumi\/wp-json\/wp\/v2\/types\/product"}],"replies":[{"embeddable":true,"href":"https:\/\/blankpage.ee\/_ruumist-ruumi\/wp-json\/wp\/v2\/comments?post=51459"}],"wp:featuredmedia":[{"embeddable":true,"href":"https:\/\/blankpage.ee\/_ruumist-ruumi\/wp-json\/wp\/v2\/media\/51460"}],"wp:attachment":[{"href":"https:\/\/blankpage.ee\/_ruumist-ruumi\/wp-json\/wp\/v2\/media?parent=51459"}],"wp:term":[{"taxonomy":"product_brand","embeddable":true,"href":"https:\/\/blankpage.ee\/_ruumist-ruumi\/wp-json\/wp\/v2\/product_brand?post=51459"},{"taxonomy":"product_cat","embeddable":true,"href":"https:\/\/blankpage.ee\/_ruumist-ruumi\/wp-json\/wp\/v2\/product_cat?post=51459"},{"taxonomy":"product_tag","embeddable":true,"href":"https:\/\/blankpage.ee\/_ruumist-ruumi\/wp-json\/wp\/v2\/product_tag?post=51459"}],"curies":[{"name":"wp","href":"https:\/\/api.w.org\/{rel}","templated":true}]}}