{"id":51463,"date":"2024-12-18T11:16:09","date_gmt":"2024-12-18T11:16:09","guid":{"rendered":"https:\/\/ruumistruumi.ee\/pood\/ovaalne-soogilaud-saulo-helepruun-230-cm\/"},"modified":"2025-08-20T21:47:36","modified_gmt":"2025-08-20T21:47:36","slug":"ovaalne-soogilaud-saulo-helepruun-230-cm","status":"publish","type":"product","link":"https:\/\/blankpage.ee\/_ruumist-ruumi\/pood\/ovaalne-soogilaud-saulo-helepruun-230-cm\/","title":{"rendered":"Ovaalne s\u00f6\u00f6gilaud Saulo, helepruun, 230 cm"},"content":{"rendered":"<h2>Ovaalne s\u00f6\u00f6gilaud Saulo 230 cm<\/h2>\n<p>Ovaalne s\u00f6\u00f6gilaud Saulo on stiilne ja kaasaegne m\u00f6\u00f6bliese, mis on loodud teie eluruumi t\u00e4iustamiseks. Detailidele p\u00f6\u00f6ratakse suurt t\u00e4helepanu, see suur s\u00f6\u00f6gilaud pakub ennen\u00e4gematut mugavust ja elegantsi.<\/p>\n<h4>Elegantne disain ja mugavus<\/h4>\n<p>See suur Saulo ovaalne s\u00f6\u00f6gilaud heledas pruunis toonis \u00fchendab elegantsi ja mugavust, muutes selle ideaalseks t\u00e4iustuseks igas ruumis. Looge stiilne ja mugav einestamisala ning lisage Saulo s\u00f6\u00f6gilaud, et nautida \u00f5htus\u00f6\u00f6ki koos k\u00fclalistega.<\/p>\n<h4>T\u00e4iuslik sobitus igasse ruumi<\/h4>\n<p>Otsite v\u00f5imalust oma s\u00f6\u00f6gitoa v\u00f5i k\u00f6\u00f6ginurga uuendamiseks? Saulo ovaalne s\u00f6\u00f6gilaud sobitub sujuvalt igasuguse sisustusega. Selle mitmek\u00fclgne disain t\u00e4iendab nii kaasaegset kui ka klassikalist interj\u00f6\u00f6ri.<\/p>\n<h4>Omadused<\/h4>\n<ul>\n<li>Luksuslik helepruun viimistlus<\/li>\n<li>Vastupidav ja k\u00f5rgekvaliteediline konstruktsioon<\/li>\n<li>Kavandatud nii mugavuse kui ka stiili jaoks<\/li>\n<li>T\u00e4iuslik lisandus elutuppa, magamistuppa ja kontorisse<\/li>\n<li>Lihtne puhastada ja hooldada<\/li>\n<\/ul>\n<p>Kas otsite stiilset ja praktilist s\u00f6\u00f6gilauda? Siis on Saulo t\u00f5epoolest just midagi teile. See laud, oma unikaalse ovaalse disainiga, tuleb otse Skandinaavia stiili maailmast! Saulo pakub valikut kolmest suurusest. Kas valite hubase ja kompaktse 180 cm v\u00f5i pigem avara ja kutsuva 200 v\u00f5i 230 cm? Alati leidub suurus, mis sobib ideaalselt teie s\u00f6\u00f6gituppa. Saulo juures saate valida ka kahe kauni v\u00e4rvi vahel. Selle laua t\u00f5eliselt eriliseks muudab aga jalg. See on mitte ainult tugev, vaid ka kauni ribilise mustriga. See annab lauale ekstra erilise aktsendi. L\u00fchidalt: Saulo \u00fchendab disaini ja funktsionaalsuse. See on t\u00e4iuslik laud koosolemisteks ja maitsvateks eineteks.<\/p>\n","protected":false},"excerpt":{"rendered":"<p>Ovaalne s\u00f6\u00f6gilaud Saulo 230 cm Ovaalne s\u00f6\u00f6gilaud Saulo on stiilne ja kaasaegne m\u00f6\u00f6bliese, mis on loodud teie eluruumi t\u00e4iustamiseks. Detailidele p\u00f6\u00f6ratakse suurt t\u00e4helepanu, see suur s\u00f6\u00f6gilaud pakub ennen\u00e4gematut mugavust ja elegantsi. Elegantne disain ja mugavus See suur Saulo ovaalne s\u00f6\u00f6gilaud heledas pruunis toonis \u00fchendab elegantsi ja mugavust, muutes selle ideaalseks t\u00e4iustuseks igas ruumis. Looge stiilne [&hellip;]<\/p>\n","protected":false},"featured_media":51464,"comment_status":"closed","ping_status":"open","template":"","meta":[],"product_brand":[],"product_cat":[93],"product_tag":[],"class_list":{"0":"post-51463","1":"product","2":"type-product","3":"status-publish","4":"has-post-thumbnail","6":"product_cat-soogilauad","7":"product_shipping_class-furnicher","8":"pa_istekohtade-arv-kuni-8","9":"pa_kollektsioon-saulo","10":"pa_laua-korgus-1186","11":"pa_laua-pikkus-1189","12":"pa_materjal-puit","13":"pa_varv-naturaalne","15":"first","16":"outofstock","17":"sale","18":"taxable","19":"shipping-taxable","20":"purchasable","21":"product-type-simple"},"_links":{"self":[{"href":"https:\/\/blankpage.ee\/_ruumist-ruumi\/wp-json\/wp\/v2\/product\/51463","targetHints":{"allow":["GET"]}}],"collection":[{"href":"https:\/\/blankpage.ee\/_ruumist-ruumi\/wp-json\/wp\/v2\/product"}],"about":[{"href":"https:\/\/blankpage.ee\/_ruumist-ruumi\/wp-json\/wp\/v2\/types\/product"}],"replies":[{"embeddable":true,"href":"https:\/\/blankpage.ee\/_ruumist-ruumi\/wp-json\/wp\/v2\/comments?post=51463"}],"wp:featuredmedia":[{"embeddable":true,"href":"https:\/\/blankpage.ee\/_ruumist-ruumi\/wp-json\/wp\/v2\/media\/51464"}],"wp:attachment":[{"href":"https:\/\/blankpage.ee\/_ruumist-ruumi\/wp-json\/wp\/v2\/media?parent=51463"}],"wp:term":[{"taxonomy":"product_brand","embeddable":true,"href":"https:\/\/blankpage.ee\/_ruumist-ruumi\/wp-json\/wp\/v2\/product_brand?post=51463"},{"taxonomy":"product_cat","embeddable":true,"href":"https:\/\/blankpage.ee\/_ruumist-ruumi\/wp-json\/wp\/v2\/product_cat?post=51463"},{"taxonomy":"product_tag","embeddable":true,"href":"https:\/\/blankpage.ee\/_ruumist-ruumi\/wp-json\/wp\/v2\/product_tag?post=51463"}],"curies":[{"name":"wp","href":"https:\/\/api.w.org\/{rel}","templated":true}]}}