{"id":51469,"date":"2024-12-18T11:16:09","date_gmt":"2024-12-18T11:16:09","guid":{"rendered":"https:\/\/ruumistruumi.ee\/pood\/soogilaud-seth-olitatud-tamm\/"},"modified":"2025-08-20T21:47:37","modified_gmt":"2025-08-20T21:47:37","slug":"soogilaud-seth-olitatud-tamm","status":"publish","type":"product","link":"https:\/\/blankpage.ee\/_ruumist-ruumi\/pood\/soogilaud-seth-olitatud-tamm\/","title":{"rendered":"S\u00f6\u00f6gilaud Seth, \u00f5litatud tamm"},"content":{"rendered":"<h2>S\u00f6\u00f6gilaud Seth<\/h2>\n<p>Tutvustame s\u00f6\u00f6gilauda Seth, mis on ideaalne t\u00e4iendus teie interj\u00f6\u00f6ri.<\/p>\n<p>Selle s\u00f6\u00f6gilauaga valite lihtsama stiili. See sisaldab p\u00f5hjamaiseid disainielemente, nagu n\u00e4iteks \u00f5litatud tammespoon, mis annab lauale rikkaliku v\u00e4limuse. Ristjalad muudavad laua tugevaks, luues samas skulpturaalse v\u00e4limuse.<\/p>\n<h4>P\u00f5hjamaade disaini esteetika<\/h4>\n<p>S\u00f6\u00f6gilaud Seth kehastab p\u00f5hjamaade disaini olemust, tuues teie s\u00f6\u00f6gialale lihtsuse ja elegantsi. Selle puhtad jooned ja looduslikud materjalid muudavad laua mitmek\u00fclgseks, sobides nii kaasaegsesse kui ka traditsioonilisse interj\u00f6\u00f6ri.<\/p>\n<h4>Tugav ja skulpturaalne alus<\/h4>\n<p>Laua ristjalad tagavad mitte ainult stabiilsuse, vaid lisavad ka unikaalse skulpturaalse elemendi kogu disainile. See tugev konstruktsioon kindlustab vastupidavuse, muutes selle praktiliseks ja stiilseks valikuks teie koju.<\/p>\n<h4>Omadused<\/h4>\n<ul>\n<li>S\u00f6\u00f6gilaud p\u00f5hjamaise, klassikalise disainiga<\/li>\n<li>Skulpturaalne ristjalad tugevuse tundega<\/li>\n<li>Valmistatud \u00f5litatud tammespoonist<\/li>\n<li>Mugavalt mahutab kuni 4 inimest<\/li>\n<\/ul>\n","protected":false},"excerpt":{"rendered":"<p>S\u00f6\u00f6gilaud Seth Tutvustame s\u00f6\u00f6gilauda Seth, mis on ideaalne t\u00e4iendus teie interj\u00f6\u00f6ri. Selle s\u00f6\u00f6gilauaga valite lihtsama stiili. See sisaldab p\u00f5hjamaiseid disainielemente, nagu n\u00e4iteks \u00f5litatud tammespoon, mis annab lauale rikkaliku v\u00e4limuse. Ristjalad muudavad laua tugevaks, luues samas skulpturaalse v\u00e4limuse. P\u00f5hjamaade disaini esteetika S\u00f6\u00f6gilaud Seth kehastab p\u00f5hjamaade disaini olemust, tuues teie s\u00f6\u00f6gialale lihtsuse ja elegantsi. Selle puhtad jooned [&hellip;]<\/p>\n","protected":false},"featured_media":51470,"comment_status":"closed","ping_status":"open","template":"","meta":[],"product_brand":[],"product_cat":[93],"product_tag":[],"class_list":{"0":"post-51469","1":"product","2":"type-product","3":"status-publish","4":"has-post-thumbnail","6":"product_cat-soogilauad","7":"product_shipping_class-furnicher","8":"pa_istekohtade-arv-kuni-4","9":"pa_kollektsioon-seth","10":"pa_laua-korgus-1190","11":"pa_laua-pikkus-1195","12":"pa_materjal-puit","13":"pa_varv-naturaalne","15":"first","16":"outofstock","17":"sale","18":"taxable","19":"shipping-taxable","20":"purchasable","21":"product-type-simple"},"_links":{"self":[{"href":"https:\/\/blankpage.ee\/_ruumist-ruumi\/wp-json\/wp\/v2\/product\/51469","targetHints":{"allow":["GET"]}}],"collection":[{"href":"https:\/\/blankpage.ee\/_ruumist-ruumi\/wp-json\/wp\/v2\/product"}],"about":[{"href":"https:\/\/blankpage.ee\/_ruumist-ruumi\/wp-json\/wp\/v2\/types\/product"}],"replies":[{"embeddable":true,"href":"https:\/\/blankpage.ee\/_ruumist-ruumi\/wp-json\/wp\/v2\/comments?post=51469"}],"wp:featuredmedia":[{"embeddable":true,"href":"https:\/\/blankpage.ee\/_ruumist-ruumi\/wp-json\/wp\/v2\/media\/51470"}],"wp:attachment":[{"href":"https:\/\/blankpage.ee\/_ruumist-ruumi\/wp-json\/wp\/v2\/media?parent=51469"}],"wp:term":[{"taxonomy":"product_brand","embeddable":true,"href":"https:\/\/blankpage.ee\/_ruumist-ruumi\/wp-json\/wp\/v2\/product_brand?post=51469"},{"taxonomy":"product_cat","embeddable":true,"href":"https:\/\/blankpage.ee\/_ruumist-ruumi\/wp-json\/wp\/v2\/product_cat?post=51469"},{"taxonomy":"product_tag","embeddable":true,"href":"https:\/\/blankpage.ee\/_ruumist-ruumi\/wp-json\/wp\/v2\/product_tag?post=51469"}],"curies":[{"name":"wp","href":"https:\/\/api.w.org\/{rel}","templated":true}]}}