{"id":51474,"date":"2024-12-18T11:16:09","date_gmt":"2024-12-18T11:16:09","guid":{"rendered":"https:\/\/ruumistruumi.ee\/pood\/soogilaud-seth-naturaalne-servamata-tamme-puit\/"},"modified":"2025-08-20T21:47:38","modified_gmt":"2025-08-20T21:47:38","slug":"soogilaud-seth-naturaalne-servamata-tamme-puit","status":"publish","type":"product","link":"https:\/\/blankpage.ee\/_ruumist-ruumi\/pood\/soogilaud-seth-naturaalne-servamata-tamme-puit\/","title":{"rendered":"S\u00f6\u00f6gilaud Seth, naturaalne servamata tamme puit"},"content":{"rendered":"<h2>S\u00f6\u00f6gilaud Seth : P\u00f5hjamaine minimalism<\/h2>\n<p>Tervitage oma kodus s\u00f6\u00f6gilauda Seth , mis \u00fchendab endas kaunilt P\u00f5hjamaade disaini ja naturaalse tamme puidu orgaanilise v\u00f5lu. See laud, millel on elus serv ja tugevad materjalid, on ideaalne keskpunkt igas s\u00f6\u00f6gitoas, pakkudes nii stiili kui ka sooja ja kutsuvat atmosf\u00e4\u00e4ri.<\/p>\n<h4>Kaunis loomulik esteetika<\/h4>\n<p>S\u00f6\u00f6gilaud Seth paistab silma toore serva lauaplaadiga, mis p\u00fc\u00fcab pilku ja s\u00fcdant. Valmistatud valgest pigmenteeritud metsiku tamme spoonist, millel on \u00f5litatud viimistlus, see kiirgab toorest ja loomulikku tunnet, mis t\u00e4iustab iga s\u00f6\u00f6giruumi. See laud ei paista mitte ainult erakordne, vaid ka kutsub end pikale ja vabale s\u00f6\u00f6gikorrale pere ja s\u00f5pradega.<\/p>\n<h4>Julge ja funktsionaalne disain<\/h4>\n<p>Lauda toetavad mustaks lakitud tammespoonist kelgjalad, lisades silmatorkavat visuaalset kontrasti, mis ankurdab s\u00f6\u00f6giala. Naturaalse tamme ja mustade aktsentide kombinatsioon annab kaasaegse ilme, mis sobib erinevate sisustusstiilidega. Seth laud mahutab mugavalt kuni kaheksa inimest, olles nii avar kui ka praktiline koosviibimiste korraldamiseks.<\/p>\n<h4>Omadused<\/h4>\n<ul>\n<li>P\u00f5hjamaade inspireeritud disain elava, toore servaga<\/li>\n<li>Kaunis valge pigmenteeritud metsiku tamme spoon<\/li>\n<li>Mustaks lakitud kelgjalad kaasaegse v\u00e4ljan\u00e4gemise jaoks<\/li>\n<li>Mugav istumisv\u00f5imalus kaheksale, ideaalne koosviibimisteks<\/li>\n<li>\u00d5litatud viimistlus, et parandada vastupidavust ja tunnet<\/li>\n<\/ul>\n","protected":false},"excerpt":{"rendered":"<p>S\u00f6\u00f6gilaud Seth : P\u00f5hjamaine minimalism Tervitage oma kodus s\u00f6\u00f6gilauda Seth , mis \u00fchendab endas kaunilt P\u00f5hjamaade disaini ja naturaalse tamme puidu orgaanilise v\u00f5lu. See laud, millel on elus serv ja tugevad materjalid, on ideaalne keskpunkt igas s\u00f6\u00f6gitoas, pakkudes nii stiili kui ka sooja ja kutsuvat atmosf\u00e4\u00e4ri. Kaunis loomulik esteetika S\u00f6\u00f6gilaud Seth paistab silma toore serva [&hellip;]<\/p>\n","protected":false},"featured_media":51475,"comment_status":"closed","ping_status":"closed","template":"","meta":[],"product_brand":[],"product_cat":[93],"product_tag":[],"class_list":{"0":"post-51474","1":"product","2":"type-product","3":"status-publish","4":"has-post-thumbnail","6":"product_cat-soogilauad","7":"product_shipping_class-furnicher","8":"pa_istekohtade-arv-kuni-6","9":"pa_kollektsioon-seth","10":"pa_laua-korgus-1190","11":"pa_laua-pikkus-1187","12":"pa_materjal-puit","13":"pa_varv-naturaalne","15":"first","16":"outofstock","17":"sale","18":"taxable","19":"shipping-taxable","20":"purchasable","21":"product-type-simple"},"_links":{"self":[{"href":"https:\/\/blankpage.ee\/_ruumist-ruumi\/wp-json\/wp\/v2\/product\/51474","targetHints":{"allow":["GET"]}}],"collection":[{"href":"https:\/\/blankpage.ee\/_ruumist-ruumi\/wp-json\/wp\/v2\/product"}],"about":[{"href":"https:\/\/blankpage.ee\/_ruumist-ruumi\/wp-json\/wp\/v2\/types\/product"}],"replies":[{"embeddable":true,"href":"https:\/\/blankpage.ee\/_ruumist-ruumi\/wp-json\/wp\/v2\/comments?post=51474"}],"wp:featuredmedia":[{"embeddable":true,"href":"https:\/\/blankpage.ee\/_ruumist-ruumi\/wp-json\/wp\/v2\/media\/51475"}],"wp:attachment":[{"href":"https:\/\/blankpage.ee\/_ruumist-ruumi\/wp-json\/wp\/v2\/media?parent=51474"}],"wp:term":[{"taxonomy":"product_brand","embeddable":true,"href":"https:\/\/blankpage.ee\/_ruumist-ruumi\/wp-json\/wp\/v2\/product_brand?post=51474"},{"taxonomy":"product_cat","embeddable":true,"href":"https:\/\/blankpage.ee\/_ruumist-ruumi\/wp-json\/wp\/v2\/product_cat?post=51474"},{"taxonomy":"product_tag","embeddable":true,"href":"https:\/\/blankpage.ee\/_ruumist-ruumi\/wp-json\/wp\/v2\/product_tag?post=51474"}],"curies":[{"name":"wp","href":"https:\/\/api.w.org\/{rel}","templated":true}]}}