{"id":51485,"date":"2024-12-18T11:16:09","date_gmt":"2024-12-18T11:16:09","guid":{"rendered":"https:\/\/ruumistruumi.ee\/pood\/soogilaud-stefano-olitatud-tamm-must-200-cm\/"},"modified":"2025-08-20T21:47:40","modified_gmt":"2025-08-20T21:47:40","slug":"soogilaud-stefano-olitatud-tamm-must-200-cm","status":"publish","type":"product","link":"https:\/\/blankpage.ee\/_ruumist-ruumi\/pood\/soogilaud-stefano-olitatud-tamm-must-200-cm\/","title":{"rendered":"S\u00f6\u00f6gilaud Stefano, \u00f5litatud tamm &#038; must &#8211; 200 cm"},"content":{"rendered":"<h2>Pikk ristk\u00fclikukujuline s\u00f6\u00f6gilaud Stefano, t\u00e4ispuidust tammepuidust lauaplaat ja metallist ristjalad \u2013 200 cm, mahutab kuni 8 inimest<\/h2>\n<p>S\u00f6\u00f6gilaud Stefano on sirgete servadega t\u00e4ispuidust tammepuidust lauaplaadiga, mis \u00fchendab looduslikku ilu ja moodsa disaini. Selle t\u00f6\u00f6stuslik stiil koos rustikaalse varjundiga muudab selle mitmek\u00fclgseks keskpunktiks, mis sobib nii kaasaegsetesse kui ka traditsioonilistesse s\u00f6\u00f6gikohtadesse.<\/p>\n<h4>Vastupidavad metallist ristjalad lisavad stabiilsust<\/h4>\n<p>Vastupidavad metallist ristjad toetavad Stefano s\u00f6\u00f6gilauda, pakkudes nii j\u00f5udu kui ka visuaalset huvi teie s\u00f6\u00f6gialale. Vastupidav metallist alus t\u00e4iendab tammepuidust lauaplaati, pakkudes tasakaalustatud disaini, mis on loodud igap\u00e4evaseks kasutamiseks ning t\u00f5stab esile laua t\u00f6\u00f6stuslikku v\u00f5lu.<\/p>\n<h4>Laiendamisvalmidus, v\u00f5imaldab istekohti kuni 10 inimesele<\/h4>\n<p>Laiendusplaatide valikuga saab Stefano laud mahutada kuni 10 inimest, tehes sellest suurep\u00e4rase valiku suurematele kogunemistele. See paindlikkus v\u00f5imaldab reguleerida istekohtade arvu vastavalt vajadusele, tagades piisava ruumi pereliikmetele ja s\u00f5pradele pidustuste v\u00f5i \u00f5htus\u00f6\u00f6kide ajal.<\/p>\n<p>S\u00f6\u00f6gilaud Stefano \u00fchendab praktilisuse ja stiili, pakkudes vastupidavuse ja elegantsi kombinatsiooni. T\u00e4iuslik mistahes s\u00f6\u00f6gikohta, kohandub see laud vaevata teie ruumi ja stiiliga, olles p\u00fcsiv lisa teie koju.<\/p>\n<h4>Omadused<\/h4>\n<ul>\n<li>T\u00e4ispuidust tammepuidust lauaplaat sirgete servadega<\/li>\n<li>Vastupidavad metallist ristjalad t\u00f6\u00f6stuslikust esteetikast<\/li>\n<li>Mahutab kuni 8 inimest, laiendusplaatide lisamise v\u00f5imalus, et mahutada kuni 10<\/li>\n<li>T\u00f6\u00f6stuslik stiil rustikaalse varjundiga<\/li>\n<li>Ideaalne nii kaasaegsetesse kui ka traditsioonilistesse interj\u00f6\u00f6ridesse<\/li>\n<\/ul>\n","protected":false},"excerpt":{"rendered":"<p>Pikk ristk\u00fclikukujuline s\u00f6\u00f6gilaud Stefano, t\u00e4ispuidust tammepuidust lauaplaat ja metallist ristjalad \u2013 200 cm, mahutab kuni 8 inimest S\u00f6\u00f6gilaud Stefano on sirgete servadega t\u00e4ispuidust tammepuidust lauaplaadiga, mis \u00fchendab looduslikku ilu ja moodsa disaini. Selle t\u00f6\u00f6stuslik stiil koos rustikaalse varjundiga muudab selle mitmek\u00fclgseks keskpunktiks, mis sobib nii kaasaegsetesse kui ka traditsioonilistesse s\u00f6\u00f6gikohtadesse. Vastupidavad metallist ristjalad lisavad stabiilsust [&hellip;]<\/p>\n","protected":false},"featured_media":51486,"comment_status":"closed","ping_status":"open","template":"","meta":[],"product_brand":[],"product_cat":[93],"product_tag":[],"class_list":{"0":"post-51485","1":"product","2":"type-product","3":"status-publish","4":"has-post-thumbnail","6":"product_cat-soogilauad","7":"product_shipping_class-furnicher","8":"pa_istekohtade-arv-kuni-8","9":"pa_kollektsioon-stefano","10":"pa_laua-korgus-1190","11":"pa_laua-pikkus-1198","12":"pa_materjal-metallist-puit","13":"pa_varv-naturaalne","15":"first","16":"outofstock","17":"sale","18":"taxable","19":"shipping-taxable","20":"purchasable","21":"product-type-simple"},"_links":{"self":[{"href":"https:\/\/blankpage.ee\/_ruumist-ruumi\/wp-json\/wp\/v2\/product\/51485","targetHints":{"allow":["GET"]}}],"collection":[{"href":"https:\/\/blankpage.ee\/_ruumist-ruumi\/wp-json\/wp\/v2\/product"}],"about":[{"href":"https:\/\/blankpage.ee\/_ruumist-ruumi\/wp-json\/wp\/v2\/types\/product"}],"replies":[{"embeddable":true,"href":"https:\/\/blankpage.ee\/_ruumist-ruumi\/wp-json\/wp\/v2\/comments?post=51485"}],"wp:featuredmedia":[{"embeddable":true,"href":"https:\/\/blankpage.ee\/_ruumist-ruumi\/wp-json\/wp\/v2\/media\/51486"}],"wp:attachment":[{"href":"https:\/\/blankpage.ee\/_ruumist-ruumi\/wp-json\/wp\/v2\/media?parent=51485"}],"wp:term":[{"taxonomy":"product_brand","embeddable":true,"href":"https:\/\/blankpage.ee\/_ruumist-ruumi\/wp-json\/wp\/v2\/product_brand?post=51485"},{"taxonomy":"product_cat","embeddable":true,"href":"https:\/\/blankpage.ee\/_ruumist-ruumi\/wp-json\/wp\/v2\/product_cat?post=51485"},{"taxonomy":"product_tag","embeddable":true,"href":"https:\/\/blankpage.ee\/_ruumist-ruumi\/wp-json\/wp\/v2\/product_tag?post=51485"}],"curies":[{"name":"wp","href":"https:\/\/api.w.org\/{rel}","templated":true}]}}