{"id":51489,"date":"2024-12-18T11:16:09","date_gmt":"2024-12-18T11:16:09","guid":{"rendered":"https:\/\/ruumistruumi.ee\/pood\/soogilaud-stefano-suitsutatud-tamm-must-200-cm\/"},"modified":"2025-08-20T21:47:41","modified_gmt":"2025-08-20T21:47:41","slug":"soogilaud-stefano-suitsutatud-tamm-must-200-cm","status":"publish","type":"product","link":"https:\/\/blankpage.ee\/_ruumist-ruumi\/pood\/soogilaud-stefano-suitsutatud-tamm-must-200-cm\/","title":{"rendered":"S\u00f6\u00f6gilaud Stefano, suitsutatud tamm &#038; must &#8211; 200 cm"},"content":{"rendered":"<h2>S\u00f6\u00f6gilaud Stefano, suitsutatud tammest lauaplaat metallist tugeva ja risti asetseva alumise raamistikuga &#8211; 200cm, mahutab kuni 8 inimest<\/h2>\n<p>Stefano s\u00f6\u00f6gilaud sisaldab suitsutatud tammest lauaplaati sirgete servadega, mis \u00fchendab endas loodusliku ilu ja kaasaegse disaini. Selle industriaalne stiil koos rustikaalse joonega teeb sellest mitmek\u00fclgse keskse elemendi, mis sobib nii kaasaegsetesse kui ka traditsioonilistesse s\u00f6\u00f6gitubadesse.<\/p>\n<h4>Tugevad metallist risti kelmikule annavad stabiilsust juurde<\/h4>\n<p>Toetatud tugevate metallist risti kandes\u00fcsteemidega, toob Stefano s\u00f6\u00f6gilaud teie s\u00f6\u00f6gialale nii tugevust kui ka visuaalset huvi. Vastupidav metallist alus t\u00e4iendab tammest lauaplaati, pakkudes tasakaalustatud disaini, mis on loodud igap\u00e4evaseks kasutamiseks, samal ajal tugevdades laua industriaalset v\u00e4limust.<\/p>\n<h4>Pikendatav, et mahutada kuni 10 inimest<\/h4>\n<p>Laiendusplaatide lisamisega v\u00f5ib Stefano laud mahutada kuni 10 inimest, muutes selle ideaalseks suuremate kogunemiste jaoks. See paindlikkus v\u00f5imaldab reguleerida istekohtade arvu vastavalt vajadusele, tagades piisava ruumi perele ja s\u00f5pradele pidustuste v\u00f5i \u00f5htus\u00f6\u00f6gi\u00fcrituste ajal.<\/p>\n<p>Stefano s\u00f6\u00f6gilaud \u00fchendab praktilisuse ja stiili, pakkudes vastupidavuse ja elegantsuse kooslust. T\u00e4iuslik igasse s\u00f6\u00f6gisituatsiooni, see laud kohandub h\u00f5lpsalt teie ruumi ja stiiliga, muutes selle teie kodu p\u00fcsivaks osaks.<\/p>\n<h4>Omadused<\/h4>\n<ul>\n<li>Massiivne tammest lauaplaat sirgete servadega<\/li>\n<li>Tugevad metallist risti raamistikud industriaalsete esteetiliste jaoks<\/li>\n<li>Mahutab kuni 8 inimest, v\u00f5imalus lisada laiendusplaate, et mahutada kuni 10<\/li>\n<li>Industriaalne stiil rustikaalse lihviga<\/li>\n<li>Ideaalne nii t\u00e4nap\u00e4evastesse kui traditsioonilistesse interj\u00f6\u00f6ridesse<\/li>\n<\/ul>\n","protected":false},"excerpt":{"rendered":"<p>S\u00f6\u00f6gilaud Stefano, suitsutatud tammest lauaplaat metallist tugeva ja risti asetseva alumise raamistikuga &#8211; 200cm, mahutab kuni 8 inimest Stefano s\u00f6\u00f6gilaud sisaldab suitsutatud tammest lauaplaati sirgete servadega, mis \u00fchendab endas loodusliku ilu ja kaasaegse disaini. Selle industriaalne stiil koos rustikaalse joonega teeb sellest mitmek\u00fclgse keskse elemendi, mis sobib nii kaasaegsetesse kui ka traditsioonilistesse s\u00f6\u00f6gitubadesse. Tugevad metallist [&hellip;]<\/p>\n","protected":false},"featured_media":51490,"comment_status":"closed","ping_status":"open","template":"","meta":[],"product_brand":[],"product_cat":[93],"product_tag":[],"class_list":{"0":"post-51489","1":"product","2":"type-product","3":"status-publish","4":"has-post-thumbnail","6":"product_cat-soogilauad","7":"product_shipping_class-furnicher","8":"pa_istekohtade-arv-kuni-8","9":"pa_kollektsioon-monte","10":"pa_laua-korgus-1190","11":"pa_laua-pikkus-1198","12":"pa_materjal-metallist-puit","13":"pa_varv-pruun","15":"first","16":"instock","17":"sale","18":"taxable","19":"shipping-taxable","20":"purchasable","21":"product-type-simple"},"_links":{"self":[{"href":"https:\/\/blankpage.ee\/_ruumist-ruumi\/wp-json\/wp\/v2\/product\/51489","targetHints":{"allow":["GET"]}}],"collection":[{"href":"https:\/\/blankpage.ee\/_ruumist-ruumi\/wp-json\/wp\/v2\/product"}],"about":[{"href":"https:\/\/blankpage.ee\/_ruumist-ruumi\/wp-json\/wp\/v2\/types\/product"}],"replies":[{"embeddable":true,"href":"https:\/\/blankpage.ee\/_ruumist-ruumi\/wp-json\/wp\/v2\/comments?post=51489"}],"wp:featuredmedia":[{"embeddable":true,"href":"https:\/\/blankpage.ee\/_ruumist-ruumi\/wp-json\/wp\/v2\/media\/51490"}],"wp:attachment":[{"href":"https:\/\/blankpage.ee\/_ruumist-ruumi\/wp-json\/wp\/v2\/media?parent=51489"}],"wp:term":[{"taxonomy":"product_brand","embeddable":true,"href":"https:\/\/blankpage.ee\/_ruumist-ruumi\/wp-json\/wp\/v2\/product_brand?post=51489"},{"taxonomy":"product_cat","embeddable":true,"href":"https:\/\/blankpage.ee\/_ruumist-ruumi\/wp-json\/wp\/v2\/product_cat?post=51489"},{"taxonomy":"product_tag","embeddable":true,"href":"https:\/\/blankpage.ee\/_ruumist-ruumi\/wp-json\/wp\/v2\/product_tag?post=51489"}],"curies":[{"name":"wp","href":"https:\/\/api.w.org\/{rel}","templated":true}]}}