{"id":51497,"date":"2024-12-18T11:16:09","date_gmt":"2024-12-18T11:16:09","guid":{"rendered":"https:\/\/ruumistruumi.ee\/pood\/soogilaud-stefano-laineline-suitsutamm-ja-must-200cm\/"},"modified":"2025-08-20T21:47:44","modified_gmt":"2025-08-20T21:47:44","slug":"soogilaud-stefano-laineline-suitsutamm-ja-must-200cm","status":"publish","type":"product","link":"https:\/\/blankpage.ee\/_ruumist-ruumi\/pood\/soogilaud-stefano-laineline-suitsutamm-ja-must-200cm\/","title":{"rendered":"S\u00f6\u00f6gilaud Stefano, laineline suitsutamm ja must &#8211; 200cm"},"content":{"rendered":"<h2>Stefano tahke suitsutatud tammeplaat ristk\u00fclikukujuline s\u00f6\u00f6gilaud ja metallist ristjalad &#8211; 200 cm mahutab kuni 8 inimest<\/h2>\n<p>Stefano s\u00f6\u00f6gilaud esitleb tahket suitsutatud tammeplaati laineliste servadega, mis \u00fchendab loodusliku ilu kaasaegse disainiga. Selle industriaalne stiil koos maal\u00e4hedase n\u00fcansiga muudab selle mitmek\u00fclgseks keskpunktiks, sobides nii kaasaegsetesse kui ka traditsioonilistesse s\u00f6\u00f6giruumidesse.<\/p>\n<h4>Kindlad metallist ristjalad tagavad lisastabiilsuse<\/h4>\n<p>Kindlatel metallist ristjalgadel toetuv Stefano s\u00f6\u00f6gilaud toob s\u00f6\u00f6gialale nii tugevust kui ka visuaalset huvi. Vastupidav metallist alus t\u00e4iendab suitsutatud tammeplaati, pakkudes h\u00e4sti tasakaalustatud disaini, mis on loodud igap\u00e4evaseks kasutamiseks, samal ajal suurendades laua industriaalset k\u00f5la.<\/p>\n<h4>Pikendamisvalmidus kuni 10 inimese jaoks<\/h4>\n<p>Pikendusplaatide v\u00f5imalustega Stefano s\u00f6\u00f6gilaud mahutab kuni 10 inimest, muutes selle ideaalseks suuremateks kogunemisteks. See paindlikkus v\u00f5imaldab istumisv\u00f5imet vajaduse j\u00e4rgi reguleerida, tagades piisava ruumi perekonnale ja s\u00f5pradele pidustuste v\u00f5i \u00f5htus\u00f6\u00f6gipidude ajal.<\/p>\n<p>Stefano s\u00f6\u00f6gilaud \u00fchendab praktilisuse ja stiili, pakkudes vastupidavuse ja elegantsi segu. T\u00e4iuslik igasse s\u00f6\u00f6gikeskkonda, see laud kohandub vaevata teie ruumi ja stiiliga, muutes selle p\u00fcsivaks lisandiks teie kodus.<\/p>\n<h4>Omadused<\/h4>\n<ul>\n<li>Tahke suitsutatud tammeplaat laineliste servadega<\/li>\n<li>Kindlad metallist ristjalad industriaalseteesteetika saavutamiseks<\/li>\n<li>Mahutab kuni 8 inimest, v\u00f5imalus lisada pikendusplaate kuni 10 inimese jaoks<\/li>\n<li>Industriaalne stiil maal\u00e4hedase n\u00fcansiga<\/li>\n<li>Ideaalne nii modernsetele kui traditsioonilistele interj\u00f6\u00f6ridele<\/li>\n<\/ul>\n","protected":false},"excerpt":{"rendered":"<p>Stefano tahke suitsutatud tammeplaat ristk\u00fclikukujuline s\u00f6\u00f6gilaud ja metallist ristjalad &#8211; 200 cm mahutab kuni 8 inimest Stefano s\u00f6\u00f6gilaud esitleb tahket suitsutatud tammeplaati laineliste servadega, mis \u00fchendab loodusliku ilu kaasaegse disainiga. Selle industriaalne stiil koos maal\u00e4hedase n\u00fcansiga muudab selle mitmek\u00fclgseks keskpunktiks, sobides nii kaasaegsetesse kui ka traditsioonilistesse s\u00f6\u00f6giruumidesse. Kindlad metallist ristjalad tagavad lisastabiilsuse Kindlatel metallist ristjalgadel [&hellip;]<\/p>\n","protected":false},"featured_media":51498,"comment_status":"closed","ping_status":"open","template":"","meta":[],"product_brand":[],"product_cat":[93],"product_tag":[],"class_list":{"0":"post-51497","1":"product","2":"type-product","3":"status-publish","4":"has-post-thumbnail","6":"product_cat-soogilauad","7":"product_shipping_class-furnicher","8":"pa_istekohtade-arv-kuni-8","9":"pa_kollektsioon-stefano","10":"pa_laua-korgus-1190","11":"pa_laua-pikkus-1198","12":"pa_materjal-metallist-puit","13":"pa_varv-pruun","15":"first","16":"instock","17":"sale","18":"taxable","19":"shipping-taxable","20":"purchasable","21":"product-type-simple"},"_links":{"self":[{"href":"https:\/\/blankpage.ee\/_ruumist-ruumi\/wp-json\/wp\/v2\/product\/51497","targetHints":{"allow":["GET"]}}],"collection":[{"href":"https:\/\/blankpage.ee\/_ruumist-ruumi\/wp-json\/wp\/v2\/product"}],"about":[{"href":"https:\/\/blankpage.ee\/_ruumist-ruumi\/wp-json\/wp\/v2\/types\/product"}],"replies":[{"embeddable":true,"href":"https:\/\/blankpage.ee\/_ruumist-ruumi\/wp-json\/wp\/v2\/comments?post=51497"}],"wp:featuredmedia":[{"embeddable":true,"href":"https:\/\/blankpage.ee\/_ruumist-ruumi\/wp-json\/wp\/v2\/media\/51498"}],"wp:attachment":[{"href":"https:\/\/blankpage.ee\/_ruumist-ruumi\/wp-json\/wp\/v2\/media?parent=51497"}],"wp:term":[{"taxonomy":"product_brand","embeddable":true,"href":"https:\/\/blankpage.ee\/_ruumist-ruumi\/wp-json\/wp\/v2\/product_brand?post=51497"},{"taxonomy":"product_cat","embeddable":true,"href":"https:\/\/blankpage.ee\/_ruumist-ruumi\/wp-json\/wp\/v2\/product_cat?post=51497"},{"taxonomy":"product_tag","embeddable":true,"href":"https:\/\/blankpage.ee\/_ruumist-ruumi\/wp-json\/wp\/v2\/product_tag?post=51497"}],"curies":[{"name":"wp","href":"https:\/\/api.w.org\/{rel}","templated":true}]}}