{"id":51503,"date":"2024-12-18T11:16:38","date_gmt":"2024-12-18T11:16:38","guid":{"rendered":"https:\/\/ruumistruumi.ee\/pood\/soogilaud-talon-must-keraamika-ja-metallist-200x100-cm\/"},"modified":"2025-08-20T21:47:07","modified_gmt":"2025-08-20T21:47:07","slug":"soogilaud-talon-must-keraamika-ja-metallist-200x100-cm","status":"publish","type":"product","link":"https:\/\/blankpage.ee\/_ruumist-ruumi\/pood\/soogilaud-talon-must-keraamika-ja-metallist-200x100-cm\/","title":{"rendered":"S\u00f6\u00f6gilaud Talon, must keraamika ja metallist (200&#215;100 cm)"},"content":{"rendered":"<h2>S\u00f6\u00f6gilaud Talon, must keraamika ja metallist (200&#215;100 cm<\/h2>\n<p>Talon seeria on v\u00e4ga mitmekesine ning see must klaasist ja metallist laud (200 cm) leiab kindlasti koha enamikus interj\u00f6\u00f6rides.<\/p>\n<h4>Elegantne S\u00f6\u00f6gikogemus<\/h4>\n<p>S\u00f6\u00f6gilaud pakub harmoonilist v\u00e4limust ning piisavalt ruumi nauditavateks toidukordadeks. Selle musta keraamika v\u00e4limusega lauaplaat ei ole mitte ainult stiilne, vaid ka praktiline, olles nii kuuma- kui kriimukindel. See teeb lauast ideaalse valiku peredele ja sagedastele v\u00f5\u00f5rustajatele, tagades, et laud p\u00fcsib suurep\u00e4rases seisukorras aastaid.<\/p>\n<h4>Kaasaegne Disain<\/h4>\n<p>Skulpturaalse ristjala kujundusega Talon s\u00f6\u00f6gilaud pakub kaasaegset v\u00e4limust, mis sulandub sujuvalt erinevate sisustusstiilidega. Must viimistlus lisab rafineeritust, tuues esile iga s\u00f6\u00f6gitoa erilisuse. Lihtne hooldada, see laud v\u00f5imaldab keskenduda toidukordade nautimisele pere ja s\u00f5pradega, ilma et peaks muret tundma hoolduse p\u00e4rast.<\/p>\n<h4>Omadused<\/h4>\n<ul>\n<li>V\u00f5imas ja ajatu disain<\/li>\n<li>Elegantse v\u00e4limusega<\/li>\n<li>Kuuma ja kriimukindel laua pind<\/li>\n<li>Lihtne puhastada<\/li>\n<li>Mahutab mugavalt kuni 8 inimest<\/li>\n<\/ul>\n","protected":false},"excerpt":{"rendered":"<p>S\u00f6\u00f6gilaud Talon, must keraamika ja metallist (200&#215;100 cm Talon seeria on v\u00e4ga mitmekesine ning see must klaasist ja metallist laud (200 cm) leiab kindlasti koha enamikus interj\u00f6\u00f6rides. Elegantne S\u00f6\u00f6gikogemus S\u00f6\u00f6gilaud pakub harmoonilist v\u00e4limust ning piisavalt ruumi nauditavateks toidukordadeks. Selle musta keraamika v\u00e4limusega lauaplaat ei ole mitte ainult stiilne, vaid ka praktiline, olles nii kuuma- kui [&hellip;]<\/p>\n","protected":false},"featured_media":51504,"comment_status":"closed","ping_status":"closed","template":"","meta":[],"product_brand":[],"product_cat":[93],"product_tag":[],"class_list":{"0":"post-51503","1":"product","2":"type-product","3":"status-publish","4":"has-post-thumbnail","6":"product_cat-soogilauad","7":"product_shipping_class-furnicher","8":"pa_istekohtade-arv-kuni-6","9":"pa_kollektsioon-talon","10":"pa_laua-korgus-75-5","11":"pa_laua-pikkus-1187","12":"pa_materjal-keraamika","13":"pa_varv-must","15":"first","16":"instock","17":"sale","18":"taxable","19":"shipping-taxable","20":"purchasable","21":"product-type-simple"},"_links":{"self":[{"href":"https:\/\/blankpage.ee\/_ruumist-ruumi\/wp-json\/wp\/v2\/product\/51503","targetHints":{"allow":["GET"]}}],"collection":[{"href":"https:\/\/blankpage.ee\/_ruumist-ruumi\/wp-json\/wp\/v2\/product"}],"about":[{"href":"https:\/\/blankpage.ee\/_ruumist-ruumi\/wp-json\/wp\/v2\/types\/product"}],"replies":[{"embeddable":true,"href":"https:\/\/blankpage.ee\/_ruumist-ruumi\/wp-json\/wp\/v2\/comments?post=51503"}],"wp:featuredmedia":[{"embeddable":true,"href":"https:\/\/blankpage.ee\/_ruumist-ruumi\/wp-json\/wp\/v2\/media\/51504"}],"wp:attachment":[{"href":"https:\/\/blankpage.ee\/_ruumist-ruumi\/wp-json\/wp\/v2\/media?parent=51503"}],"wp:term":[{"taxonomy":"product_brand","embeddable":true,"href":"https:\/\/blankpage.ee\/_ruumist-ruumi\/wp-json\/wp\/v2\/product_brand?post=51503"},{"taxonomy":"product_cat","embeddable":true,"href":"https:\/\/blankpage.ee\/_ruumist-ruumi\/wp-json\/wp\/v2\/product_cat?post=51503"},{"taxonomy":"product_tag","embeddable":true,"href":"https:\/\/blankpage.ee\/_ruumist-ruumi\/wp-json\/wp\/v2\/product_tag?post=51503"}],"curies":[{"name":"wp","href":"https:\/\/api.w.org\/{rel}","templated":true}]}}