{"id":51507,"date":"2024-12-18T11:16:38","date_gmt":"2024-12-18T11:16:38","guid":{"rendered":"https:\/\/ruumistruumi.ee\/pood\/soogilaud-talon-naturaalne-puit-ja-metallist-220x90-cm\/"},"modified":"2025-08-20T21:47:09","modified_gmt":"2025-08-20T21:47:09","slug":"soogilaud-talon-naturaalne-puit-ja-metallist-220x90-cm","status":"publish","type":"product","link":"https:\/\/blankpage.ee\/_ruumist-ruumi\/pood\/soogilaud-talon-naturaalne-puit-ja-metallist-220x90-cm\/","title":{"rendered":"S\u00f6\u00f6gilaud Talon, naturaalne puit ja metallist (220&#215;90 cm)"},"content":{"rendered":"<h2>Elegantne s\u00f6\u00f6gilaud Talon naturaalsest puidust<\/h2>\n<p>Suure s\u00f6\u00f6gilauaga nagu Talon naturaalsest puidust (220 cm) leiate kindlasti ruumi k\u00f5igile oma k\u00fclalistele. See muljetavaldav ese pakub palju ruumi mugavateks einekordadeks, muutes selle ideaalseks valikuks kokkusaamisteks ja pidustusteks.<\/p>\n<h4>Moodne disain, rustikaalse v\u00f5luga<\/h4>\n<p>S\u00f6\u00f6gilaud Talon \u00fchendab endas stiilise moodsa v\u00e4limuse ja rustikaalse v\u00f5lu. Selle puidust lauaplaat, valmistatud \u00f5litatud metsiku tamme vineerist, toetub musta t\u00f6\u00f6tlemata pulberv\u00e4rviga viimistletud terasalusele. Ristaluse nurgelised jalad lisavad silmapaistva visuaalse elemendi, suurendades laua kaasaegset veetlust.<\/p>\n<h4>Funktsionaalne ja lihtne hooldada<\/h4>\n<p>Lisaks esteetilisele atraktiivsusele on s\u00f6\u00f6gilaud Talon kujundatud praktilisust silmas pidades. Kasutatud materjalid tagavad lihtsa hoolduse, lauaplaadi, mida on lihtne puhtaks p\u00fchkida. Seet\u00f5ttu on see eelistatud valik h\u00f5ivatud kodudele, kes otsivad stiilset ja funktsionaalset m\u00f6\u00f6blit.<\/p>\n<h4>Omadused<\/h4>\n<ul>\n<li>V\u00f5imas ja ajatu disain<\/li>\n<li>Lauaplaat \u00f5litatud metsiku tamme vineerist<\/li>\n<li>Ristalus demonstreerib nurgelisi jalgu<\/li>\n<li>Lihtne puhastada<\/li>\n<li>Eelistatud t\u00e4iendus igale kodusisustusele<\/li>\n<li>Lihtne kokku panna<\/li>\n<li>Mugavalt mahutab kuni 8 inimest<\/li>\n<\/ul>\n","protected":false},"excerpt":{"rendered":"<p>Elegantne s\u00f6\u00f6gilaud Talon naturaalsest puidust Suure s\u00f6\u00f6gilauaga nagu Talon naturaalsest puidust (220 cm) leiate kindlasti ruumi k\u00f5igile oma k\u00fclalistele. See muljetavaldav ese pakub palju ruumi mugavateks einekordadeks, muutes selle ideaalseks valikuks kokkusaamisteks ja pidustusteks. Moodne disain, rustikaalse v\u00f5luga S\u00f6\u00f6gilaud Talon \u00fchendab endas stiilise moodsa v\u00e4limuse ja rustikaalse v\u00f5lu. Selle puidust lauaplaat, valmistatud \u00f5litatud metsiku tamme [&hellip;]<\/p>\n","protected":false},"featured_media":51508,"comment_status":"closed","ping_status":"open","template":"","meta":[],"product_brand":[],"product_cat":[93],"product_tag":[],"class_list":{"0":"post-51507","1":"product","2":"type-product","3":"status-publish","4":"has-post-thumbnail","6":"product_cat-soogilauad","7":"product_shipping_class-furnicher","8":"pa_istekohtade-arv-kuni-6","9":"pa_kollektsioon-talon","10":"pa_laua-korgus-75-5","11":"pa_laua-pikkus-1192","12":"pa_materjal-puit","13":"pa_varv-naturaalne","15":"first","16":"instock","17":"sale","18":"taxable","19":"shipping-taxable","20":"purchasable","21":"product-type-simple"},"_links":{"self":[{"href":"https:\/\/blankpage.ee\/_ruumist-ruumi\/wp-json\/wp\/v2\/product\/51507","targetHints":{"allow":["GET"]}}],"collection":[{"href":"https:\/\/blankpage.ee\/_ruumist-ruumi\/wp-json\/wp\/v2\/product"}],"about":[{"href":"https:\/\/blankpage.ee\/_ruumist-ruumi\/wp-json\/wp\/v2\/types\/product"}],"replies":[{"embeddable":true,"href":"https:\/\/blankpage.ee\/_ruumist-ruumi\/wp-json\/wp\/v2\/comments?post=51507"}],"wp:featuredmedia":[{"embeddable":true,"href":"https:\/\/blankpage.ee\/_ruumist-ruumi\/wp-json\/wp\/v2\/media\/51508"}],"wp:attachment":[{"href":"https:\/\/blankpage.ee\/_ruumist-ruumi\/wp-json\/wp\/v2\/media?parent=51507"}],"wp:term":[{"taxonomy":"product_brand","embeddable":true,"href":"https:\/\/blankpage.ee\/_ruumist-ruumi\/wp-json\/wp\/v2\/product_brand?post=51507"},{"taxonomy":"product_cat","embeddable":true,"href":"https:\/\/blankpage.ee\/_ruumist-ruumi\/wp-json\/wp\/v2\/product_cat?post=51507"},{"taxonomy":"product_tag","embeddable":true,"href":"https:\/\/blankpage.ee\/_ruumist-ruumi\/wp-json\/wp\/v2\/product_tag?post=51507"}],"curies":[{"name":"wp","href":"https:\/\/api.w.org\/{rel}","templated":true}]}}