{"id":51511,"date":"2024-12-18T11:16:38","date_gmt":"2024-12-18T11:16:38","guid":{"rendered":"https:\/\/ruumistruumi.ee\/pood\/soogilaud-talon-valge-keraamika-ja-metallist-160x90-cm\/"},"modified":"2025-08-20T21:47:10","modified_gmt":"2025-08-20T21:47:10","slug":"soogilaud-talon-valge-keraamika-ja-metallist-160x90-cm","status":"publish","type":"product","link":"https:\/\/blankpage.ee\/_ruumist-ruumi\/pood\/soogilaud-talon-valge-keraamika-ja-metallist-160x90-cm\/","title":{"rendered":"S\u00f6\u00f6gilaud Talon, valge keraamika ja metallist (160&#215;90 cm)"},"content":{"rendered":"<h2>S\u00f6\u00f6gilaud Talon: Valge klaasi ja metallist elegants<\/h2>\n<p>Valgest klaasist ja metallist (160cm) s\u00f6\u00f6gilaud Talon on t\u00e4iuslik t\u00e4iendus teie s\u00f6\u00f6gituppa.<\/p>\n<h4>Kaasaegne s\u00f6\u00f6gitoa keskpunkt<\/h4>\n<p>S\u00f6\u00f6gilaud on meeldiva esteetilise tasakaaluga ja pakub piisavalt ruumi meeldivateks \u00fchisteks s\u00f6\u00f6gikordadeks. Sellel laual on kaasaegne v\u00e4limus ja seda on lihtne hooldada. Laud on valmistatud kuuma- ja kriimustuskindla valge keraamika v\u00e4limusega lauaplaadiga ja skulptuurse ristv\u00f5rega alusel. Need omadused muudavad kujunduse suurep\u00e4raseks t\u00e4ienduseks igasse koju.<\/p>\n<h4>Vastupidavad ja stiilsed materjalid<\/h4>\n<p>Kuuma- ja kriimustuskindel lauaplaat tagab vastupidavuse, samas kui stiilne valge klaas ja metallist konstruktsioon lisab s\u00f6\u00f6giruumi modernse ilme. See kombinatsioon mitte ainult ei paku vastupidavust, vaid suurendab ka laua esteetilist atraktiivsust, muutes selle stiilseks valikuks igasse koju.<\/p>\n<h4>Omadused<\/h4>\n<ul>\n<li>V\u00f5imas ja ajatu disain<\/li>\n<li>Kuuma- ja kriimustuskindel lauaplaat<\/li>\n<li>Pakkub skulptuurset alust elegantse v\u00e4limusega<\/li>\n<li>Lihtne puhastada<\/li>\n<li>Mahutab mugavalt kuni 6 inimest<\/li>\n<\/ul>\n","protected":false},"excerpt":{"rendered":"<p>S\u00f6\u00f6gilaud Talon: Valge klaasi ja metallist elegants Valgest klaasist ja metallist (160cm) s\u00f6\u00f6gilaud Talon on t\u00e4iuslik t\u00e4iendus teie s\u00f6\u00f6gituppa. Kaasaegne s\u00f6\u00f6gitoa keskpunkt S\u00f6\u00f6gilaud on meeldiva esteetilise tasakaaluga ja pakub piisavalt ruumi meeldivateks \u00fchisteks s\u00f6\u00f6gikordadeks. Sellel laual on kaasaegne v\u00e4limus ja seda on lihtne hooldada. Laud on valmistatud kuuma- ja kriimustuskindla valge keraamika v\u00e4limusega lauaplaadiga ja [&hellip;]<\/p>\n","protected":false},"featured_media":51512,"comment_status":"closed","ping_status":"open","template":"","meta":[],"product_brand":[],"product_cat":[93],"product_tag":[],"class_list":{"0":"post-51511","1":"product","2":"type-product","3":"status-publish","4":"has-post-thumbnail","6":"product_cat-soogilauad","7":"product_shipping_class-furnicher","8":"pa_istekohtade-arv-kuni-6","9":"pa_kollektsioon-talon","10":"pa_laua-korgus-75-5","11":"pa_laua-pikkus-1192","12":"pa_materjal-keraamika","13":"pa_varv-valge","15":"first","16":"instock","17":"sale","18":"taxable","19":"shipping-taxable","20":"purchasable","21":"product-type-simple"},"_links":{"self":[{"href":"https:\/\/blankpage.ee\/_ruumist-ruumi\/wp-json\/wp\/v2\/product\/51511","targetHints":{"allow":["GET"]}}],"collection":[{"href":"https:\/\/blankpage.ee\/_ruumist-ruumi\/wp-json\/wp\/v2\/product"}],"about":[{"href":"https:\/\/blankpage.ee\/_ruumist-ruumi\/wp-json\/wp\/v2\/types\/product"}],"replies":[{"embeddable":true,"href":"https:\/\/blankpage.ee\/_ruumist-ruumi\/wp-json\/wp\/v2\/comments?post=51511"}],"wp:featuredmedia":[{"embeddable":true,"href":"https:\/\/blankpage.ee\/_ruumist-ruumi\/wp-json\/wp\/v2\/media\/51512"}],"wp:attachment":[{"href":"https:\/\/blankpage.ee\/_ruumist-ruumi\/wp-json\/wp\/v2\/media?parent=51511"}],"wp:term":[{"taxonomy":"product_brand","embeddable":true,"href":"https:\/\/blankpage.ee\/_ruumist-ruumi\/wp-json\/wp\/v2\/product_brand?post=51511"},{"taxonomy":"product_cat","embeddable":true,"href":"https:\/\/blankpage.ee\/_ruumist-ruumi\/wp-json\/wp\/v2\/product_cat?post=51511"},{"taxonomy":"product_tag","embeddable":true,"href":"https:\/\/blankpage.ee\/_ruumist-ruumi\/wp-json\/wp\/v2\/product_tag?post=51511"}],"curies":[{"name":"wp","href":"https:\/\/api.w.org\/{rel}","templated":true}]}}