{"id":51517,"date":"2024-12-18T11:16:38","date_gmt":"2024-12-18T11:16:38","guid":{"rendered":"https:\/\/ruumistruumi.ee\/pood\/soogilaud-talon-valge-keraamika-ja-metallist-200x100-cm\/"},"modified":"2025-08-20T21:47:23","modified_gmt":"2025-08-20T21:47:23","slug":"soogilaud-talon-valge-keraamika-ja-metallist-200x100-cm","status":"publish","type":"product","link":"https:\/\/blankpage.ee\/_ruumist-ruumi\/pood\/soogilaud-talon-valge-keraamika-ja-metallist-200x100-cm\/","title":{"rendered":"S\u00f6\u00f6gilaud Talon, valge keraamika ja metallist (200&#215;100 cm)"},"content":{"rendered":"<h2>Elegantne valge klaasist ja metallist laud (200 cm)<\/h2>\n<p>Stiilisari Talon on v\u00e4ga mitmekesine ja see valge klaasist ja metallist laud (200 cm) leiab kindlasti koha enamikus interj\u00f6\u00f6rides. S\u00f6\u00f6gilaud pakub harmoonilist v\u00e4limust ja palju ruumi meeldivaks einestamiseks. Valge keraamilise v\u00e4limusega lauaplaat, mis on kuumuskindel ja kriimustuskindel, ning skulptuurne ristjalg annavad sellele disainile kaasaegse v\u00e4limuse ja muudavad selle lihtsasti hooldatavaks. S\u00f6\u00f6gilaud on oma omaduste t\u00f5ttu igas kodus imeline t\u00e4iendus.<\/p>\n<h4>Stiilne ja funktsionaalne disain<\/h4>\n<p>Valge keraamilise v\u00e4limusega lauaplaat pakub sujuvat ja modernset esteetikat, mis sobitub ideaalselt kaasaegsetesse interj\u00f6\u00f6ridesse. Selle kuumuskindlad ja kriimustuskindlad omadused tagavad vastupidavuse, muutes selle igap\u00e4evakasutuseks praktiliseks valikuks. Skulptuurne ristjalg ei paku mitte ainult kindlat tuge, vaid lisab ka s\u00f6\u00f6ginurka elegantset aktsenti.<\/p>\n<h4>Ideaalne koosviibimisteks<\/h4>\n<p>See s\u00f6\u00f6gilaud mahutab mugavalt kuni 8 inimest, muutes selle ideaalseks peres\u00f6\u00f6gikordadeks ja seltskondlikeks koosviibimisteks. Avatud disain pakub rohkelt ruumi s\u00f6\u00f6gikordade nautimiseks ja k\u00fclaliste v\u00f5\u00f5rustamiseks, luues kodus s\u00f5braliku \u00f5hkkonna.<\/p>\n<h4>Omadused<\/h4>\n<ul>\n<li>V\u00f5imas ja ajatu disain<\/li>\n<li>Pakkub elegantse v\u00e4limusega skulptuurset alust<\/li>\n<li>Kuumus- ja kriimustuskindel lauaplaat<\/li>\n<li>Lihtne puhastada<\/li>\n<li>Mahutab mugavalt kuni 8 inimest<\/li>\n<\/ul>\n","protected":false},"excerpt":{"rendered":"<p>Elegantne valge klaasist ja metallist laud (200 cm) Stiilisari Talon on v\u00e4ga mitmekesine ja see valge klaasist ja metallist laud (200 cm) leiab kindlasti koha enamikus interj\u00f6\u00f6rides. S\u00f6\u00f6gilaud pakub harmoonilist v\u00e4limust ja palju ruumi meeldivaks einestamiseks. Valge keraamilise v\u00e4limusega lauaplaat, mis on kuumuskindel ja kriimustuskindel, ning skulptuurne ristjalg annavad sellele disainile kaasaegse v\u00e4limuse ja muudavad [&hellip;]<\/p>\n","protected":false},"featured_media":51518,"comment_status":"closed","ping_status":"open","template":"","meta":[],"product_brand":[],"product_cat":[93],"product_tag":[],"class_list":{"0":"post-51517","1":"product","2":"type-product","3":"status-publish","4":"has-post-thumbnail","6":"product_cat-soogilauad","7":"product_shipping_class-furnicher","8":"pa_istekohtade-arv-kuni-6","9":"pa_kollektsioon-talon","10":"pa_laua-korgus-75-5","11":"pa_laua-pikkus-1187","12":"pa_materjal-keraamika","13":"pa_varv-valge","15":"first","16":"instock","17":"sale","18":"taxable","19":"shipping-taxable","20":"purchasable","21":"product-type-simple"},"_links":{"self":[{"href":"https:\/\/blankpage.ee\/_ruumist-ruumi\/wp-json\/wp\/v2\/product\/51517","targetHints":{"allow":["GET"]}}],"collection":[{"href":"https:\/\/blankpage.ee\/_ruumist-ruumi\/wp-json\/wp\/v2\/product"}],"about":[{"href":"https:\/\/blankpage.ee\/_ruumist-ruumi\/wp-json\/wp\/v2\/types\/product"}],"replies":[{"embeddable":true,"href":"https:\/\/blankpage.ee\/_ruumist-ruumi\/wp-json\/wp\/v2\/comments?post=51517"}],"wp:featuredmedia":[{"embeddable":true,"href":"https:\/\/blankpage.ee\/_ruumist-ruumi\/wp-json\/wp\/v2\/media\/51518"}],"wp:attachment":[{"href":"https:\/\/blankpage.ee\/_ruumist-ruumi\/wp-json\/wp\/v2\/media?parent=51517"}],"wp:term":[{"taxonomy":"product_brand","embeddable":true,"href":"https:\/\/blankpage.ee\/_ruumist-ruumi\/wp-json\/wp\/v2\/product_brand?post=51517"},{"taxonomy":"product_cat","embeddable":true,"href":"https:\/\/blankpage.ee\/_ruumist-ruumi\/wp-json\/wp\/v2\/product_cat?post=51517"},{"taxonomy":"product_tag","embeddable":true,"href":"https:\/\/blankpage.ee\/_ruumist-ruumi\/wp-json\/wp\/v2\/product_tag?post=51517"}],"curies":[{"name":"wp","href":"https:\/\/api.w.org\/{rel}","templated":true}]}}