{"id":51521,"date":"2024-12-18T11:16:38","date_gmt":"2024-12-18T11:16:38","guid":{"rendered":"https:\/\/ruumistruumi.ee\/pood\/ummargune-soogilaud-talon-pruun-marmor-ja-metallist-alus\/"},"modified":"2025-08-20T21:47:24","modified_gmt":"2025-08-20T21:47:24","slug":"ummargune-soogilaud-talon-pruun-marmor-ja-metallist-alus","status":"publish","type":"product","link":"https:\/\/blankpage.ee\/_ruumist-ruumi\/pood\/ummargune-soogilaud-talon-pruun-marmor-ja-metallist-alus\/","title":{"rendered":"\u00dcmmargune s\u00f6\u00f6gilaud Talon, pruun marmor ja metallist alus"},"content":{"rendered":"<h2>Elegantne \u00fcmmargune s\u00f6\u00f6gilaud Talon<\/h2>\n<p>Elegantses Taloni \u00fcmmarguses s\u00f6\u00f6gilauas on pruun marmorist pealispind ja metallist raam, mis sobib ideaalselt teie \u0161ikisse s\u00f6\u00f6gituppa. See kaasaegne s\u00f6\u00f6gilaud pakub t\u00e4iuslikku stiili ja funktsionaalsuse tasakaalu, muutes selle silmatorkavaks m\u00f6\u00f6bliesemeks igas kodus.<\/p>\n<h4>Modernne ja stiilne disain<\/h4>\n<p>\u00dcmmargune Taloni s\u00f6\u00f6gilaud loob tasakaalustatud ilme ja pakub piisavalt ruumi neljale inimesele mugavalt istuda. Laua moodsa v\u00e4limuse t\u00e4iustab musta pulberv\u00e4rviga kaetud metallist ristialus ja luksuslik pruun marmorist pealispind. Marmori loomulikud soonemustrid lisavad ainulaadsust, samas kui skulpturaalne alustade disain tagab stabiilsuse ja stiili.<\/p>\n<h4>Funktsionaalne ja mitmek\u00fclgne<\/h4>\n<p>Nii esteetika kui ka praktilisust silmas pidades loodud Taloni s\u00f6\u00f6gilaud sobib erinevatesse s\u00f6\u00f6giruumidesse. Selle poleeritud marmorist lauaplaat on mitte ainult elegantne, vaid ka kergesti puhastatav, tagades, et see j\u00e4\u00e4b teie s\u00f6\u00f6giala kauniks keskpunktiks. Lauda on ka lihtne kokku panna, muutes selle mugavaks lisandiks teie koju.<\/p>\n<h4>Omadused<\/h4>\n<ul>\n<li>J\u00f5uline ja ajatult kaunis disain<\/li>\n<li>Marmor<\/li>\n<li>Poleeritud marmorist lauapinda on lihtne puhastada<\/li>\n<li>Mati musta pulberv\u00e4rviga metallist alusviimistlus<\/li>\n<li>Lihtne kokku panna<\/li>\n<li>Mahutab mugavalt kuni 4 inimest<\/li>\n<\/ul>\n","protected":false},"excerpt":{"rendered":"<p>Elegantne \u00fcmmargune s\u00f6\u00f6gilaud Talon Elegantses Taloni \u00fcmmarguses s\u00f6\u00f6gilauas on pruun marmorist pealispind ja metallist raam, mis sobib ideaalselt teie \u0161ikisse s\u00f6\u00f6gituppa. See kaasaegne s\u00f6\u00f6gilaud pakub t\u00e4iuslikku stiili ja funktsionaalsuse tasakaalu, muutes selle silmatorkavaks m\u00f6\u00f6bliesemeks igas kodus. Modernne ja stiilne disain \u00dcmmargune Taloni s\u00f6\u00f6gilaud loob tasakaalustatud ilme ja pakub piisavalt ruumi neljale inimesele mugavalt istuda. Laua [&hellip;]<\/p>\n","protected":false},"featured_media":51522,"comment_status":"closed","ping_status":"closed","template":"","meta":[],"product_brand":[],"product_cat":[93],"product_tag":[],"class_list":{"0":"post-51521","1":"product","2":"type-product","3":"status-publish","4":"has-post-thumbnail","6":"product_cat-soogilauad","7":"product_shipping_class-furnicher","8":"pa_istekohtade-arv-kuni-4","9":"pa_kollektsioon-talon","10":"pa_laua-korgus-75-5","11":"pa_laua-pikkus-1195","12":"pa_materjal-marmor","13":"pa_varv-pruun","15":"first","16":"instock","17":"sale","18":"taxable","19":"shipping-taxable","20":"purchasable","21":"product-type-simple"},"_links":{"self":[{"href":"https:\/\/blankpage.ee\/_ruumist-ruumi\/wp-json\/wp\/v2\/product\/51521","targetHints":{"allow":["GET"]}}],"collection":[{"href":"https:\/\/blankpage.ee\/_ruumist-ruumi\/wp-json\/wp\/v2\/product"}],"about":[{"href":"https:\/\/blankpage.ee\/_ruumist-ruumi\/wp-json\/wp\/v2\/types\/product"}],"replies":[{"embeddable":true,"href":"https:\/\/blankpage.ee\/_ruumist-ruumi\/wp-json\/wp\/v2\/comments?post=51521"}],"wp:featuredmedia":[{"embeddable":true,"href":"https:\/\/blankpage.ee\/_ruumist-ruumi\/wp-json\/wp\/v2\/media\/51522"}],"wp:attachment":[{"href":"https:\/\/blankpage.ee\/_ruumist-ruumi\/wp-json\/wp\/v2\/media?parent=51521"}],"wp:term":[{"taxonomy":"product_brand","embeddable":true,"href":"https:\/\/blankpage.ee\/_ruumist-ruumi\/wp-json\/wp\/v2\/product_brand?post=51521"},{"taxonomy":"product_cat","embeddable":true,"href":"https:\/\/blankpage.ee\/_ruumist-ruumi\/wp-json\/wp\/v2\/product_cat?post=51521"},{"taxonomy":"product_tag","embeddable":true,"href":"https:\/\/blankpage.ee\/_ruumist-ruumi\/wp-json\/wp\/v2\/product_tag?post=51521"}],"curies":[{"name":"wp","href":"https:\/\/api.w.org\/{rel}","templated":true}]}}