{"id":51525,"date":"2024-12-18T11:16:38","date_gmt":"2024-12-18T11:16:38","guid":{"rendered":"https:\/\/ruumistruumi.ee\/pood\/umar-soogilaud-talon-klaas-ja-tamm\/"},"modified":"2025-08-20T21:47:25","modified_gmt":"2025-08-20T21:47:25","slug":"umar-soogilaud-talon-klaas-ja-tamm","status":"publish","type":"product","link":"https:\/\/blankpage.ee\/_ruumist-ruumi\/pood\/umar-soogilaud-talon-klaas-ja-tamm\/","title":{"rendered":"\u00dcmar s\u00f6\u00f6gilaud Talon, klaas ja tamm"},"content":{"rendered":"<h2>Elegantne \u00fcmmargune s\u00f6\u00f6gilaud Talon<\/h2>\n<p>Talon \u00fcmmargune s\u00f6\u00f6gilaud klaasist lauaplaadiga ja tammev\u00e4limusega alusega, millel on ideaalne klassikaline disain.<\/p>\n<h4>T\u00e4iuslik kaasaegsetesse s\u00f6\u00f6gitubadesse<\/h4>\n<p>See suur s\u00f6\u00f6gilaud pakub rohkelt ruumi mugavaks einestamiseks, olles silmapaistev element igas kaasaegses s\u00f6\u00f6gitoas. L\u00e4bipaistev klaasist lauaplaat ja tammev\u00e4limusega alus loovad sileda, kaasaegse v\u00e4limuse, mis t\u00e4iustab igat kodukujundust.<\/p>\n<h4>Stiilne ja praktiline disain<\/h4>\n<p>K\u00f5vastatud klaasist lauaplaat on mitte ainult visuaalselt l\u00f6\u00f6v, vaid ka uskumatult lihtne puhastada, tagades, et teie s\u00f6\u00f6gituba p\u00fcsib v\u00e4hese vaevaga puhas. Nurgelised ristjalad lisavad arhitektuurset huvi, muutes selle laua tugeva ja kaasaegse t\u00e4ienduse teie koju.<\/p>\n<h4>Omadused<\/h4>\n<ul>\n<li>J\u00f5uline ja ajatu disain<\/li>\n<li>K\u00f5vastatud klaasist lauaplaat on lihtne puhastada<\/li>\n<li>Tammev\u00e4limusega ristalus<\/li>\n<li>Kerge kokku panna<\/li>\n<li>Mahutab mugavalt kuni 4 inimest<\/li>\n<\/ul>\n","protected":false},"excerpt":{"rendered":"<p>Elegantne \u00fcmmargune s\u00f6\u00f6gilaud Talon Talon \u00fcmmargune s\u00f6\u00f6gilaud klaasist lauaplaadiga ja tammev\u00e4limusega alusega, millel on ideaalne klassikaline disain. T\u00e4iuslik kaasaegsetesse s\u00f6\u00f6gitubadesse See suur s\u00f6\u00f6gilaud pakub rohkelt ruumi mugavaks einestamiseks, olles silmapaistev element igas kaasaegses s\u00f6\u00f6gitoas. L\u00e4bipaistev klaasist lauaplaat ja tammev\u00e4limusega alus loovad sileda, kaasaegse v\u00e4limuse, mis t\u00e4iustab igat kodukujundust. Stiilne ja praktiline disain K\u00f5vastatud klaasist lauaplaat [&hellip;]<\/p>\n","protected":false},"featured_media":51526,"comment_status":"closed","ping_status":"open","template":"","meta":[],"product_brand":[],"product_cat":[93],"product_tag":[],"class_list":{"0":"post-51525","1":"product","2":"type-product","3":"status-publish","4":"has-post-thumbnail","6":"product_cat-soogilauad","7":"product_shipping_class-furnicher","8":"pa_istekohtade-arv-kuni-4","9":"pa_kollektsioon-talon","10":"pa_laua-korgus-75-5","11":"pa_laua-pikkus-1208","12":"pa_materjal-klaas","13":"pa_varv-naturaalne","15":"first","16":"instock","17":"sale","18":"taxable","19":"shipping-taxable","20":"purchasable","21":"product-type-simple"},"_links":{"self":[{"href":"https:\/\/blankpage.ee\/_ruumist-ruumi\/wp-json\/wp\/v2\/product\/51525","targetHints":{"allow":["GET"]}}],"collection":[{"href":"https:\/\/blankpage.ee\/_ruumist-ruumi\/wp-json\/wp\/v2\/product"}],"about":[{"href":"https:\/\/blankpage.ee\/_ruumist-ruumi\/wp-json\/wp\/v2\/types\/product"}],"replies":[{"embeddable":true,"href":"https:\/\/blankpage.ee\/_ruumist-ruumi\/wp-json\/wp\/v2\/comments?post=51525"}],"wp:featuredmedia":[{"embeddable":true,"href":"https:\/\/blankpage.ee\/_ruumist-ruumi\/wp-json\/wp\/v2\/media\/51526"}],"wp:attachment":[{"href":"https:\/\/blankpage.ee\/_ruumist-ruumi\/wp-json\/wp\/v2\/media?parent=51525"}],"wp:term":[{"taxonomy":"product_brand","embeddable":true,"href":"https:\/\/blankpage.ee\/_ruumist-ruumi\/wp-json\/wp\/v2\/product_brand?post=51525"},{"taxonomy":"product_cat","embeddable":true,"href":"https:\/\/blankpage.ee\/_ruumist-ruumi\/wp-json\/wp\/v2\/product_cat?post=51525"},{"taxonomy":"product_tag","embeddable":true,"href":"https:\/\/blankpage.ee\/_ruumist-ruumi\/wp-json\/wp\/v2\/product_tag?post=51525"}],"curies":[{"name":"wp","href":"https:\/\/api.w.org\/{rel}","templated":true}]}}