{"id":51537,"date":"2024-12-18T11:16:38","date_gmt":"2024-12-18T11:16:38","guid":{"rendered":"https:\/\/ruumistruumi.ee\/pood\/aialaud-terra-must\/"},"modified":"2025-08-20T21:47:30","modified_gmt":"2025-08-20T21:47:30","slug":"aialaud-terra-must","status":"publish","type":"product","link":"https:\/\/blankpage.ee\/_ruumist-ruumi\/pood\/aialaud-terra-must\/","title":{"rendered":"Aialaud Terra, must"},"content":{"rendered":"<h2>\u0160ikk ja Vastupidav Terra Aialaud<\/h2>\n<p>Kui otsite vastupidavat ja moodsa disainiga pilkup\u00fc\u00fcdvat aialauda, siis must Terra aialaud on just see, mida vajate.<\/p>\n<h4>T\u00f5stke Oma V\u00e4litingimuste Kogemus K\u00f5rgemale Tasemele<\/h4>\n<p>Terra aialaud loob oma musta lauaplaadi ja vastupidava musta metallist alusega stiilse ja moodsa atmosf\u00e4\u00e4ri teie v\u00e4li\u00fcritusteks. Olgu tegu grillpeo, \u00f5htus\u00f6\u00f6giga v\u00f5i lihtsalt pereringis v\u00e4ljas einestamisega, see laud mahutab mugavalt kuus inimest, muutes selle sobivaks igaks juhuks.<\/p>\n<h4>Looge Oma Aias Pilkup\u00fc\u00fcdev Sisekujunduselement<\/h4>\n<p>Terra aialaud on valmistatud ilmastikukindlatest materjalidest, mis on loodud taluma erinevaid ilmastikutingimusi ja kulumist, tagades selle stiilse v\u00e4limuse s\u00e4ilimise aastateks. Selle kaasaegne disain lisab mistahes v\u00e4litingimustes julge aktsendi, muutes selle ideaalseks t\u00e4ienduseks teie terrassi v\u00f5i hoovi kaunistuseks.<\/p>\n<h4>Omadused<\/h4>\n<ul>\n<li>Vastupidav must metallist alus<\/li>\n<li>Ilmastikukindlad materjalid<\/li>\n<li>Mugavalt mahutab kuus inimest<\/li>\n<li>\u0160ikk ja moodne disain<\/li>\n<li>Ideaalne v\u00e4li\u00fcritusteks<\/li>\n<\/ul>\n","protected":false},"excerpt":{"rendered":"<p>\u0160ikk ja Vastupidav Terra Aialaud Kui otsite vastupidavat ja moodsa disainiga pilkup\u00fc\u00fcdvat aialauda, siis must Terra aialaud on just see, mida vajate. T\u00f5stke Oma V\u00e4litingimuste Kogemus K\u00f5rgemale Tasemele Terra aialaud loob oma musta lauaplaadi ja vastupidava musta metallist alusega stiilse ja moodsa atmosf\u00e4\u00e4ri teie v\u00e4li\u00fcritusteks. Olgu tegu grillpeo, \u00f5htus\u00f6\u00f6giga v\u00f5i lihtsalt pereringis v\u00e4ljas einestamisega, see [&hellip;]<\/p>\n","protected":false},"featured_media":51538,"comment_status":"closed","ping_status":"open","template":"","meta":[],"product_brand":[],"product_cat":[1782],"product_tag":[],"class_list":{"0":"post-51537","1":"product","2":"type-product","3":"status-publish","4":"has-post-thumbnail","6":"product_cat-aialauad-ja-soogilauad-terrassile","7":"product_shipping_class-furnicher","8":"pa_istekohtade-arv-kuni-6","9":"pa_kollektsioon-terra","10":"pa_laua-korgus-1193","11":"pa_laua-pikkus-1187","12":"pa_materjal-plastik","13":"pa_varv-must","15":"first","16":"instock","17":"sale","18":"taxable","19":"shipping-taxable","20":"purchasable","21":"product-type-simple"},"_links":{"self":[{"href":"https:\/\/blankpage.ee\/_ruumist-ruumi\/wp-json\/wp\/v2\/product\/51537","targetHints":{"allow":["GET"]}}],"collection":[{"href":"https:\/\/blankpage.ee\/_ruumist-ruumi\/wp-json\/wp\/v2\/product"}],"about":[{"href":"https:\/\/blankpage.ee\/_ruumist-ruumi\/wp-json\/wp\/v2\/types\/product"}],"replies":[{"embeddable":true,"href":"https:\/\/blankpage.ee\/_ruumist-ruumi\/wp-json\/wp\/v2\/comments?post=51537"}],"wp:featuredmedia":[{"embeddable":true,"href":"https:\/\/blankpage.ee\/_ruumist-ruumi\/wp-json\/wp\/v2\/media\/51538"}],"wp:attachment":[{"href":"https:\/\/blankpage.ee\/_ruumist-ruumi\/wp-json\/wp\/v2\/media?parent=51537"}],"wp:term":[{"taxonomy":"product_brand","embeddable":true,"href":"https:\/\/blankpage.ee\/_ruumist-ruumi\/wp-json\/wp\/v2\/product_brand?post=51537"},{"taxonomy":"product_cat","embeddable":true,"href":"https:\/\/blankpage.ee\/_ruumist-ruumi\/wp-json\/wp\/v2\/product_cat?post=51537"},{"taxonomy":"product_tag","embeddable":true,"href":"https:\/\/blankpage.ee\/_ruumist-ruumi\/wp-json\/wp\/v2\/product_tag?post=51537"}],"curies":[{"name":"wp","href":"https:\/\/api.w.org\/{rel}","templated":true}]}}