{"id":51543,"date":"2024-12-18T11:16:38","date_gmt":"2024-12-18T11:16:38","guid":{"rendered":"https:\/\/ruumistruumi.ee\/pood\/soogilaud-zayn-klaas-ja-kroom-180x90-cm\/"},"modified":"2025-08-20T21:47:31","modified_gmt":"2025-08-20T21:47:31","slug":"soogilaud-zayn-klaas-ja-kroom-180x90-cm","status":"publish","type":"product","link":"https:\/\/blankpage.ee\/_ruumist-ruumi\/pood\/soogilaud-zayn-klaas-ja-kroom-180x90-cm\/","title":{"rendered":"S\u00f6\u00f6gilaud Zayn, klaas ja kroom (180&#215;90 cm)"},"content":{"rendered":"<h2>S\u00f6\u00f6gilaud Zayn, klaas (180 cm)<\/h2>\n<p>S\u00f6\u00f6gilaud Zayn (180 cm) on viimistletud t\u00f6\u00f6stusliku kroomitud metallist alusega, mis t\u00e4iendab selle disaini.<\/p>\n<h4>Kaasaegne ja Kaunis Disain<\/h4>\n<p>Laua disain on nii kaasaegne kui ka kaunis. Kuna klaas on l\u00e4bipaistev, siis laua ilme on \u00f5huline ja v\u00f5ib s\u00f6\u00f6gitoa ruumi visuaalselt suurendada. Materjalid t\u00f5mbavad t\u00e4helepanu, vaatamata vormi lihtsusele. Klaas ja kroom peegeldavad valgust ja on vastupidavamad kriimustustele. Samuti ei vaja laud palju hooldust. M\u00f5ned stiilsed toolid v\u00f5i uus vaip t\u00e4iendavad \u00fcldilmet.<\/p>\n<h4>Ideaalne Kaasaegsetele S\u00f6\u00f6giruumidele<\/h4>\n<p>See s\u00f6\u00f6gilaud on ideaalne kaasaegsetele s\u00f6\u00f6giruumidele, pakkudes elegantset ja stiilset v\u00e4limust. Kroomitud metallist alus lisab t\u00f6\u00f6stuslikku aktsenti, muutes selle ideaalseks valikuks linnalikele loftidele v\u00f5i kaasaegsetele kodudele. L\u00e4bipaistev klaasist pealis loob mulje avaramast ruumist, muutes teie s\u00f6\u00f6giala avatud ja kutsuvaks.<\/p>\n<h4>Omadused<\/h4>\n<ul>\n<li>Karastatud turvaklaas, et v\u00e4ltida \u00f5nnetusi ja vigastusi<\/li>\n<li>Lihtsasti hooldatavad materjalid<\/li>\n<li>Elegantne ja kaasaegne v\u00e4limus<\/li>\n<li>Mugavalt mahutab kuni 8 inimest<\/li>\n<\/ul>\n","protected":false},"excerpt":{"rendered":"<p>S\u00f6\u00f6gilaud Zayn, klaas (180 cm) S\u00f6\u00f6gilaud Zayn (180 cm) on viimistletud t\u00f6\u00f6stusliku kroomitud metallist alusega, mis t\u00e4iendab selle disaini. Kaasaegne ja Kaunis Disain Laua disain on nii kaasaegne kui ka kaunis. Kuna klaas on l\u00e4bipaistev, siis laua ilme on \u00f5huline ja v\u00f5ib s\u00f6\u00f6gitoa ruumi visuaalselt suurendada. Materjalid t\u00f5mbavad t\u00e4helepanu, vaatamata vormi lihtsusele. Klaas ja kroom [&hellip;]<\/p>\n","protected":false},"featured_media":51544,"comment_status":"closed","ping_status":"closed","template":"","meta":[],"product_brand":[],"product_cat":[93],"product_tag":[],"class_list":{"0":"post-51543","1":"product","2":"type-product","3":"status-publish","4":"has-post-thumbnail","6":"product_cat-soogilauad","7":"product_shipping_class-furnicher","8":"pa_istekohtade-arv-kuni-6","9":"pa_laua-korgus-1190","10":"pa_laua-pikkus-1192","11":"pa_materjal-klaas","12":"pa_varv-hobedane","14":"first","15":"instock","16":"sale","17":"taxable","18":"shipping-taxable","19":"purchasable","20":"product-type-simple"},"_links":{"self":[{"href":"https:\/\/blankpage.ee\/_ruumist-ruumi\/wp-json\/wp\/v2\/product\/51543","targetHints":{"allow":["GET"]}}],"collection":[{"href":"https:\/\/blankpage.ee\/_ruumist-ruumi\/wp-json\/wp\/v2\/product"}],"about":[{"href":"https:\/\/blankpage.ee\/_ruumist-ruumi\/wp-json\/wp\/v2\/types\/product"}],"replies":[{"embeddable":true,"href":"https:\/\/blankpage.ee\/_ruumist-ruumi\/wp-json\/wp\/v2\/comments?post=51543"}],"wp:featuredmedia":[{"embeddable":true,"href":"https:\/\/blankpage.ee\/_ruumist-ruumi\/wp-json\/wp\/v2\/media\/51544"}],"wp:attachment":[{"href":"https:\/\/blankpage.ee\/_ruumist-ruumi\/wp-json\/wp\/v2\/media?parent=51543"}],"wp:term":[{"taxonomy":"product_brand","embeddable":true,"href":"https:\/\/blankpage.ee\/_ruumist-ruumi\/wp-json\/wp\/v2\/product_brand?post=51543"},{"taxonomy":"product_cat","embeddable":true,"href":"https:\/\/blankpage.ee\/_ruumist-ruumi\/wp-json\/wp\/v2\/product_cat?post=51543"},{"taxonomy":"product_tag","embeddable":true,"href":"https:\/\/blankpage.ee\/_ruumist-ruumi\/wp-json\/wp\/v2\/product_tag?post=51543"}],"curies":[{"name":"wp","href":"https:\/\/api.w.org\/{rel}","templated":true}]}}