{"id":5160,"date":"2024-11-01T09:47:31","date_gmt":"2024-11-01T09:47:31","guid":{"rendered":"https:\/\/ruumistruumi.ee\/pood\/tumepruun-konsoollaud-ashton-astl08-akatsiapuidust\/"},"modified":"2025-06-17T08:56:54","modified_gmt":"2025-06-17T08:56:54","slug":"tumepruun-konsoollaud-ashton-astl08-akatsiapuidust","status":"publish","type":"product","link":"https:\/\/blankpage.ee\/_ruumist-ruumi\/pood\/tumepruun-konsoollaud-ashton-astl08-akatsiapuidust\/","title":{"rendered":"Tumepruun konsoollaud Ashton ASTL08, akaatsiapuidust"},"content":{"rendered":"<p>Ashton ASTL08 konsoollaud esikusse. Ashton kollektsiooni kuuluv stiilne konsoollaud on valmistatud tugevast harjatud akaatsiapuidust, mille disainis on \u00fchendatud retro, vintage ja boho stiil. Kaunis tumepruun toon koos messingiv\u00e4rvi k\u00e4epidemetega lisab ruumile iseloomu ja elegantsi. T\u00e4ispuidust konsoollaud on varustatud kolme sahtliga, mille esipaneelidel on kalasabamustriline intarsia. Laual on tugevad puidust jalad, mis tagavad stabiilsuse ja vastupidavuse.<\/p>\n<p>Ashton ASTL08 konsoollaud on suurep\u00e4rane lisand igasse esikusse, pakkudes nii praktilist hoiuruumi kui ka visuaalset naudingut. Sahtlid on varustatud metallist k\u00e4epidemetega, mis lihtsustavad avamist ja sulgemist. Laua osaline kokkupanek t\u00e4hendab, et see on lihtne ja kiire paigaldada, s\u00e4\u00e4stes teie aega ja vaeva.<\/p>\n<p>Omadused:<br \/>\n<strong>Materjal:<\/strong> Akaatsiapuit.<br \/>\n<strong>V\u00e4rv:<\/strong> Tumepruun.<br \/>\n<strong>M\u00f5\u00f5tmed:<\/strong> Laius 140 cm, s\u00fcgavus 35 cm, k\u00f5rgus 80 cm.<br \/>\n<strong>T\u00e4iendavad detailid:<\/strong> Intarsia esipaneelid ja metallist k\u00e4epidemed.<br \/>\n<strong>Kokkupanek:<\/strong> Osaliselt kokku pandud, ei vaja paigaldust. S\u00e4\u00e4stab aega ja vaeva.<\/p>\n<p>&nbsp;<\/p>\n","protected":false},"excerpt":{"rendered":"<p>Ashton ASTL08 konsoollaud esikusse. Ashton kollektsiooni kuuluv stiilne konsoollaud on valmistatud tugevast harjatud akaatsiapuidust, mille disainis on \u00fchendatud retro, vintage ja boho stiil. Kaunis tumepruun toon koos messingiv\u00e4rvi k\u00e4epidemetega lisab ruumile iseloomu ja elegantsi. T\u00e4ispuidust konsoollaud on varustatud kolme sahtliga, mille esipaneelidel on kalasabamustriline intarsia. Laual on tugevad puidust jalad, mis tagavad stabiilsuse ja vastupidavuse. [&hellip;]<\/p>\n","protected":false},"featured_media":5161,"comment_status":"open","ping_status":"closed","template":"","meta":[],"product_brand":[],"product_cat":[83],"product_tag":[],"class_list":{"0":"post-5160","1":"product","2":"type-product","3":"status-publish","4":"has-post-thumbnail","6":"product_cat-konsoollauad","7":"product_shipping_class-livin-hill","8":"pa_kaepidemed-metall","9":"pa_kollektsioon-ashton","10":"pa_materjal-akaatsiapuit","11":"pa_sahtlite-arv-95","12":"pa_varv-tumepruun","14":"first","15":"instock","16":"sale","17":"taxable","18":"shipping-taxable","19":"purchasable","20":"product-type-simple"},"_links":{"self":[{"href":"https:\/\/blankpage.ee\/_ruumist-ruumi\/wp-json\/wp\/v2\/product\/5160","targetHints":{"allow":["GET"]}}],"collection":[{"href":"https:\/\/blankpage.ee\/_ruumist-ruumi\/wp-json\/wp\/v2\/product"}],"about":[{"href":"https:\/\/blankpage.ee\/_ruumist-ruumi\/wp-json\/wp\/v2\/types\/product"}],"replies":[{"embeddable":true,"href":"https:\/\/blankpage.ee\/_ruumist-ruumi\/wp-json\/wp\/v2\/comments?post=5160"}],"wp:featuredmedia":[{"embeddable":true,"href":"https:\/\/blankpage.ee\/_ruumist-ruumi\/wp-json\/wp\/v2\/media\/5161"}],"wp:attachment":[{"href":"https:\/\/blankpage.ee\/_ruumist-ruumi\/wp-json\/wp\/v2\/media?parent=5160"}],"wp:term":[{"taxonomy":"product_brand","embeddable":true,"href":"https:\/\/blankpage.ee\/_ruumist-ruumi\/wp-json\/wp\/v2\/product_brand?post=5160"},{"taxonomy":"product_cat","embeddable":true,"href":"https:\/\/blankpage.ee\/_ruumist-ruumi\/wp-json\/wp\/v2\/product_cat?post=5160"},{"taxonomy":"product_tag","embeddable":true,"href":"https:\/\/blankpage.ee\/_ruumist-ruumi\/wp-json\/wp\/v2\/product_tag?post=5160"}],"curies":[{"name":"wp","href":"https:\/\/api.w.org\/{rel}","templated":true}]}}