{"id":5175,"date":"2024-11-01T09:48:34","date_gmt":"2024-11-01T09:48:34","guid":{"rendered":"https:\/\/ruumistruumi.ee\/pood\/looduslik-helepuit-portofino-f007-ookapp-kuusepuust\/"},"modified":"2025-04-10T11:57:02","modified_gmt":"2025-04-10T11:57:02","slug":"helepruun-ookapp-portofino-f007-kuusepuidust","status":"publish","type":"product","link":"https:\/\/blankpage.ee\/_ruumist-ruumi\/pood\/helepruun-ookapp-portofino-f007-kuusepuidust\/","title":{"rendered":"Helepruun \u00f6\u00f6kapp Portofino F007, kuusepuidust"},"content":{"rendered":"<p>Portofino F007 \u00f6\u00f6kapp magamistuppa. See ainulaadne ja retroh\u00f5nguline \u00f6\u00f6kapp lisab teie magamistoale iseloomu ja stiili. Valmistatud MDF-plaadist, millel on naturaalne, toores kuusepuidust vineer, ning seisab vasksete metalljalgade peal. Kapi disaini iseloomustavad puidu\u00fchenduste n\u00e4htavad s\u00fcvendid ja mitmekesised vaskv\u00e4rvi k\u00e4epidemed, mis annavad sellele vintage ilme.<\/p>\n<p>Portofino kollektsiooni F007 \u00f6\u00f6kapp \u00fchendab endas praktilisuse ja esteetika. Sellel on \u00fcks uks, mis avab ruumi vajalike esemete hoidmiseks, olles samal ajal kaunis sisustuselement. Metallist k\u00e4epidemed ja jalad lisavad vastupidavust ja kaasaegset puudutust, samas kui k\u00e4sitsi v\u00e4rvitud mitmev\u00e4rviline muster loob ainulaadse ja silmapaistva v\u00e4limuse.<\/p>\n<p>Omadused:<br \/>\n<strong>Materjal:<\/strong> Kuusepuit ja metallist detailid.<br \/>\n<strong>V\u00e4rv:<\/strong> Naturaalne hele puit koos mitmev\u00e4rvilise mustriga, vasksed jalad.<br \/>\n<strong>M\u00f5\u00f5tmed:<\/strong> Laius 40 cm, s\u00fcgavus 30 cm, k\u00f5rgus 70 cm.<br \/>\n<strong>T\u00e4iendavad detailid:<\/strong> \u00dcks uks, metallist k\u00e4epidemed ja jalad.<br \/>\n<strong>Kokkupanek:<\/strong> Osaliselt kokku pandud, ei vaja paigaldust. S\u00e4\u00e4stab aega ja vaeva.<\/p>\n<p>&nbsp;<\/p>\n","protected":false},"excerpt":{"rendered":"<p>Portofino F007 \u00f6\u00f6kapp magamistuppa. See ainulaadne ja retroh\u00f5nguline \u00f6\u00f6kapp lisab teie magamistoale iseloomu ja stiili. Valmistatud MDF-plaadist, millel on naturaalne, toores kuusepuidust vineer, ning seisab vasksete metalljalgade peal. Kapi disaini iseloomustavad puidu\u00fchenduste n\u00e4htavad s\u00fcvendid ja mitmekesised vaskv\u00e4rvi k\u00e4epidemed, mis annavad sellele vintage ilme. Portofino kollektsiooni F007 \u00f6\u00f6kapp \u00fchendab endas praktilisuse ja esteetika. Sellel on \u00fcks [&hellip;]<\/p>\n","protected":false},"featured_media":5176,"comment_status":"open","ping_status":"closed","template":"","meta":[],"product_brand":[],"product_cat":[92],"product_tag":[],"class_list":{"0":"post-5175","1":"product","2":"type-product","3":"status-publish","4":"has-post-thumbnail","6":"product_cat-ookapid","7":"product_shipping_class-livin-hill","8":"pa_kaepidemed-metall","9":"pa_kollektsioon-portofino","10":"pa_materjal-kuuskpuit","11":"pa_sahtlite-arv-87","12":"pa_uste-arv-88","13":"pa_varv-mitmevarviline","15":"first","16":"instock","17":"sale","18":"taxable","19":"shipping-taxable","20":"purchasable","21":"product-type-simple"},"_links":{"self":[{"href":"https:\/\/blankpage.ee\/_ruumist-ruumi\/wp-json\/wp\/v2\/product\/5175","targetHints":{"allow":["GET"]}}],"collection":[{"href":"https:\/\/blankpage.ee\/_ruumist-ruumi\/wp-json\/wp\/v2\/product"}],"about":[{"href":"https:\/\/blankpage.ee\/_ruumist-ruumi\/wp-json\/wp\/v2\/types\/product"}],"replies":[{"embeddable":true,"href":"https:\/\/blankpage.ee\/_ruumist-ruumi\/wp-json\/wp\/v2\/comments?post=5175"}],"wp:featuredmedia":[{"embeddable":true,"href":"https:\/\/blankpage.ee\/_ruumist-ruumi\/wp-json\/wp\/v2\/media\/5176"}],"wp:attachment":[{"href":"https:\/\/blankpage.ee\/_ruumist-ruumi\/wp-json\/wp\/v2\/media?parent=5175"}],"wp:term":[{"taxonomy":"product_brand","embeddable":true,"href":"https:\/\/blankpage.ee\/_ruumist-ruumi\/wp-json\/wp\/v2\/product_brand?post=5175"},{"taxonomy":"product_cat","embeddable":true,"href":"https:\/\/blankpage.ee\/_ruumist-ruumi\/wp-json\/wp\/v2\/product_cat?post=5175"},{"taxonomy":"product_tag","embeddable":true,"href":"https:\/\/blankpage.ee\/_ruumist-ruumi\/wp-json\/wp\/v2\/product_tag?post=5175"}],"curies":[{"name":"wp","href":"https:\/\/api.w.org\/{rel}","templated":true}]}}