{"id":5177,"date":"2024-11-01T09:49:03","date_gmt":"2024-11-01T09:49:03","guid":{"rendered":"https:\/\/ruumistruumi.ee\/pood\/valge-kummut-rimini-white-riw01-paulownia-puidust\/"},"modified":"2025-06-17T08:56:55","modified_gmt":"2025-06-17T08:56:55","slug":"valge-vitriinkapp-rimini-white-riw01-lehtpuu-puidust","status":"publish","type":"product","link":"https:\/\/blankpage.ee\/_ruumist-ruumi\/pood\/valge-vitriinkapp-rimini-white-riw01-lehtpuu-puidust\/","title":{"rendered":"Valge vitriinkapp Rimini White RIW01, lehtpuu puidust"},"content":{"rendered":"<p>Rimini White RIW01 vitriinkapp s\u00f6\u00f6gituppa. See elegantne Provencal stiilis vitriinkapp lisab teie s\u00f6\u00f6gituppa klassikalist v\u00f5lu. Valged nikerdused ja tumedast pruunist puitu pealispind koos \u00fclemise karniisiga loovad harmoonilise ja ajatu v\u00e4limuse. Metallist k\u00e4epidemed ja kaardus jalad lisavad sellele m\u00f6\u00f6bliesemele unikaalsust ja stiili.<\/p>\n<p>Rimini White kollektsiooni vitriinkapp on valmistatud kvaliteetsest Paulownia puidust ja MDF-ist, tagades vastupidavuse ja pikaealisuse. Sellel on kaks ust ja neli riiulit, pakkudes piisavalt ruumi teie lemmikn\u00f5ude v\u00f5i dekoratiivesemete hoidmiseks. Kapi loomulik, pleegitatud spoon koos n\u00e4htavate oksakohtadega annab sellele ainulaadse ja maal\u00e4hedase ilme.<\/p>\n<p>Omadused:<br \/>\n<strong>Materjal:<\/strong> Paulownia puit ja MDF.<br \/>\n<strong>V\u00e4rv:<\/strong> Valge, tumepruun pealispind, \u00fclemine\/\u00e4\u00e4rise v\u00e4rv: pruun.<br \/>\n<strong>M\u00f5\u00f5tmed:<\/strong> Laius: 90 cm, s\u00fcgavus: 40 cm, k\u00f5rgus: 190 cm.<br \/>\n<strong>T\u00e4iendavad detailid:<\/strong> Looduslik, pleegitatud spoon n\u00e4htavate oksakohtadega.<br \/>\n<strong>Kokkupanek:<\/strong> Kokkupandud, ei vaja paigaldust. S\u00e4\u00e4stab aega ja vaeva.<\/p>\n<p>&nbsp;<\/p>\n","protected":false},"excerpt":{"rendered":"<p>Rimini White RIW01 vitriinkapp s\u00f6\u00f6gituppa. See elegantne Provencal stiilis vitriinkapp lisab teie s\u00f6\u00f6gituppa klassikalist v\u00f5lu. Valged nikerdused ja tumedast pruunist puitu pealispind koos \u00fclemise karniisiga loovad harmoonilise ja ajatu v\u00e4limuse. Metallist k\u00e4epidemed ja kaardus jalad lisavad sellele m\u00f6\u00f6bliesemele unikaalsust ja stiili. Rimini White kollektsiooni vitriinkapp on valmistatud kvaliteetsest Paulownia puidust ja MDF-ist, tagades vastupidavuse ja [&hellip;]<\/p>\n","protected":false},"featured_media":5178,"comment_status":"open","ping_status":"closed","template":"","meta":[],"product_brand":[],"product_cat":[73],"product_tag":[],"class_list":{"0":"post-5177","1":"product","2":"type-product","3":"status-publish","4":"has-post-thumbnail","6":"product_cat-vitriinkapid","7":"product_shipping_class-livin-hill","8":"pa_kaepidemed-metall","9":"pa_kollektsioon-rimini-white","10":"pa_materjal-paulownia-puit","11":"pa_riiulite-arv-110","12":"pa_sahtlite-arv-74","13":"pa_uste-arv-94","14":"pa_varv-valge","16":"first","17":"instock","18":"sale","19":"taxable","20":"shipping-taxable","21":"purchasable","22":"product-type-simple"},"_links":{"self":[{"href":"https:\/\/blankpage.ee\/_ruumist-ruumi\/wp-json\/wp\/v2\/product\/5177","targetHints":{"allow":["GET"]}}],"collection":[{"href":"https:\/\/blankpage.ee\/_ruumist-ruumi\/wp-json\/wp\/v2\/product"}],"about":[{"href":"https:\/\/blankpage.ee\/_ruumist-ruumi\/wp-json\/wp\/v2\/types\/product"}],"replies":[{"embeddable":true,"href":"https:\/\/blankpage.ee\/_ruumist-ruumi\/wp-json\/wp\/v2\/comments?post=5177"}],"wp:featuredmedia":[{"embeddable":true,"href":"https:\/\/blankpage.ee\/_ruumist-ruumi\/wp-json\/wp\/v2\/media\/5178"}],"wp:attachment":[{"href":"https:\/\/blankpage.ee\/_ruumist-ruumi\/wp-json\/wp\/v2\/media?parent=5177"}],"wp:term":[{"taxonomy":"product_brand","embeddable":true,"href":"https:\/\/blankpage.ee\/_ruumist-ruumi\/wp-json\/wp\/v2\/product_brand?post=5177"},{"taxonomy":"product_cat","embeddable":true,"href":"https:\/\/blankpage.ee\/_ruumist-ruumi\/wp-json\/wp\/v2\/product_cat?post=5177"},{"taxonomy":"product_tag","embeddable":true,"href":"https:\/\/blankpage.ee\/_ruumist-ruumi\/wp-json\/wp\/v2\/product_tag?post=5177"}],"curies":[{"name":"wp","href":"https:\/\/api.w.org\/{rel}","templated":true}]}}