{"id":5188,"date":"2024-11-01T09:49:40","date_gmt":"2024-11-01T09:49:40","guid":{"rendered":"https:\/\/ruumistruumi.ee\/pood\/valge-raamaturiiul-rimini-white-riw02-paulownia-puidust\/"},"modified":"2025-04-10T11:57:02","modified_gmt":"2025-04-10T11:57:02","slug":"valge-raamaturiiul-rimini-white-riw02-lehtpuu-puidust","status":"publish","type":"product","link":"https:\/\/blankpage.ee\/_ruumist-ruumi\/pood\/valge-raamaturiiul-rimini-white-riw02-lehtpuu-puidust\/","title":{"rendered":"Valge raamaturiiul Rimini White RIW02, lehtpuu puidust"},"content":{"rendered":"<p>Rimini White RIW02 raamaturiiul kodukontorisse. See elegantne Provencal stiilis raamaturiiul on kaunistatud valgete nikerdustega ning sellel on tumedast pruunist puidust \u00fclemine osa, mis lisab ruumile soojust ja iseloomu. Metallist k\u00e4epidemed ja kumerad jalad annavad riiulile ainulaadse ja rafineeritud v\u00e4limuse.<\/p>\n<p>Rimini White kollektsiooni kuuluv raamaturiiul pakub kolme avarat riiulit, mis sobivad suurep\u00e4raselt raamatute, dekoratiivesemete v\u00f5i t\u00f6\u00f6vahendite hoidmiseks. Paulownia puidust ja MDF-ist valmistatud riiul on vastupidav ja kauakestev, samas kui valge v\u00e4rv koos tumeda pruuniga loob ajatu ja stiilse kontrasti. Riiuli loomulik, pleegitatud spoon koos n\u00e4htavate puidukandidega lisab sellele maal\u00e4hedast v\u00f5lu.<\/p>\n<p>Omadused:<br \/>\n<strong>Materjal:<\/strong> Paulownia puit ja MDF.<br \/>\n<strong>V\u00e4rv:<\/strong> Valge, tumepruun \u00fclemine osa.<br \/>\n<strong>M\u00f5\u00f5tmed:<\/strong> Laius 90 cm, s\u00fcgavus 35 cm, k\u00f5rgus 179 cm.<br \/>\n<strong>T\u00e4iendavad detailid:<\/strong> Kolm riiulit, metallist k\u00e4epidemed, loomulik spoon n\u00e4htavate kandidega.<br \/>\n<strong>Kokkupanek:<\/strong> Kokkupandud, ei vaja paigaldust. S\u00e4\u00e4stab aega ja vaeva.<\/p>\n<p>&nbsp;<\/p>\n","protected":false},"excerpt":{"rendered":"<p>Rimini White RIW02 raamaturiiul kodukontorisse. See elegantne Provencal stiilis raamaturiiul on kaunistatud valgete nikerdustega ning sellel on tumedast pruunist puidust \u00fclemine osa, mis lisab ruumile soojust ja iseloomu. Metallist k\u00e4epidemed ja kumerad jalad annavad riiulile ainulaadse ja rafineeritud v\u00e4limuse. Rimini White kollektsiooni kuuluv raamaturiiul pakub kolme avarat riiulit, mis sobivad suurep\u00e4raselt raamatute, dekoratiivesemete v\u00f5i t\u00f6\u00f6vahendite [&hellip;]<\/p>\n","protected":false},"featured_media":5189,"comment_status":"open","ping_status":"closed","template":"","meta":[],"product_brand":[],"product_cat":[97],"product_tag":[],"class_list":{"0":"post-5188","1":"product","2":"type-product","3":"status-publish","4":"has-post-thumbnail","6":"product_cat-raamaturiiulid","7":"product_shipping_class-livin-hill","8":"pa_kaepidemed-metall","9":"pa_kollektsioon-rimini-white","10":"pa_materjal-paulownia-puit","11":"pa_riiulite-arv-89","12":"pa_sahtlite-arv-74","13":"pa_varv-valge","15":"first","16":"instock","17":"sale","18":"taxable","19":"shipping-taxable","20":"purchasable","21":"product-type-simple"},"_links":{"self":[{"href":"https:\/\/blankpage.ee\/_ruumist-ruumi\/wp-json\/wp\/v2\/product\/5188","targetHints":{"allow":["GET"]}}],"collection":[{"href":"https:\/\/blankpage.ee\/_ruumist-ruumi\/wp-json\/wp\/v2\/product"}],"about":[{"href":"https:\/\/blankpage.ee\/_ruumist-ruumi\/wp-json\/wp\/v2\/types\/product"}],"replies":[{"embeddable":true,"href":"https:\/\/blankpage.ee\/_ruumist-ruumi\/wp-json\/wp\/v2\/comments?post=5188"}],"wp:featuredmedia":[{"embeddable":true,"href":"https:\/\/blankpage.ee\/_ruumist-ruumi\/wp-json\/wp\/v2\/media\/5189"}],"wp:attachment":[{"href":"https:\/\/blankpage.ee\/_ruumist-ruumi\/wp-json\/wp\/v2\/media?parent=5188"}],"wp:term":[{"taxonomy":"product_brand","embeddable":true,"href":"https:\/\/blankpage.ee\/_ruumist-ruumi\/wp-json\/wp\/v2\/product_brand?post=5188"},{"taxonomy":"product_cat","embeddable":true,"href":"https:\/\/blankpage.ee\/_ruumist-ruumi\/wp-json\/wp\/v2\/product_cat?post=5188"},{"taxonomy":"product_tag","embeddable":true,"href":"https:\/\/blankpage.ee\/_ruumist-ruumi\/wp-json\/wp\/v2\/product_tag?post=5188"}],"curies":[{"name":"wp","href":"https:\/\/api.w.org\/{rel}","templated":true}]}}