{"id":5192,"date":"2024-11-01T09:50:09","date_gmt":"2024-11-01T09:50:09","guid":{"rendered":"https:\/\/ruumistruumi.ee\/pood\/valge-vitriinkapp-rimini-white-riw04-paulownia-puidust\/"},"modified":"2025-06-17T08:56:55","modified_gmt":"2025-06-17T08:56:55","slug":"valge-vitriinkapp-rimini-white-riw04-lehtpuu-puidust","status":"publish","type":"product","link":"https:\/\/blankpage.ee\/_ruumist-ruumi\/pood\/valge-vitriinkapp-rimini-white-riw04-lehtpuu-puidust\/","title":{"rendered":"Valge vitriinkapp Rimini White RIW04, lehtpuu puidust"},"content":{"rendered":"<p>Rimini White RIW04 vitriinkapp elutuppa. See elegantne vitriinkapp toob Provencali stiili v\u00f5lu teie elutuppa, pakkudes samas praktilist hoiuruumi. Kapi valged nikerdused ja tumedaks kulunud pruun \u00fclaosa lisavad ajatut ilu, samas kui metallist k\u00e4epidemed ja kaardus jalad annavad sellele ainulaadse iseloomu.<\/p>\n<p>Vitriinkapp on valmistatud kvaliteetsest Paulownia puidust ja MDF-st, mis tagab vastupidavuse ja pikaealisuse. Kapil on \u00fcks uks ja kaks riiulit, pakkudes piisavalt ruumi teie lemmikesemete esitlemiseks. Kapi loomulik, pleegitatud spoon koos n\u00e4htavate oksakohtadega lisab sellele maal\u00e4hedast sarmi.<\/p>\n<p>Omadused:<br \/>\n<strong>Materjal:<\/strong> Paulownia puit ja MDF.<br \/>\n<strong>V\u00e4rv:<\/strong> Valge, tumepruun \u00fclaosa ja pruunid detailid.<br \/>\n<strong>M\u00f5\u00f5tmed:<\/strong> Laius 48 cm, s\u00fcgavus 35 cm, k\u00f5rgus 133 cm.<br \/>\n<strong>T\u00e4iendavad detailid:<\/strong> Kaks riiulit, metallist k\u00e4epidemed ja kaardus jalad.<br \/>\n<strong>Kokkupanek:<\/strong> Kokkupandud, ei vaja paigaldust. S\u00e4\u00e4stab aega ja vaeva.<\/p>\n<p>&nbsp;<\/p>\n","protected":false},"excerpt":{"rendered":"<p>Rimini White RIW04 vitriinkapp elutuppa. See elegantne vitriinkapp toob Provencali stiili v\u00f5lu teie elutuppa, pakkudes samas praktilist hoiuruumi. Kapi valged nikerdused ja tumedaks kulunud pruun \u00fclaosa lisavad ajatut ilu, samas kui metallist k\u00e4epidemed ja kaardus jalad annavad sellele ainulaadse iseloomu. Vitriinkapp on valmistatud kvaliteetsest Paulownia puidust ja MDF-st, mis tagab vastupidavuse ja pikaealisuse. Kapil on [&hellip;]<\/p>\n","protected":false},"featured_media":5193,"comment_status":"open","ping_status":"closed","template":"","meta":[],"product_brand":[],"product_cat":[73],"product_tag":[],"class_list":{"0":"post-5192","1":"product","2":"type-product","3":"status-publish","4":"has-post-thumbnail","6":"product_cat-vitriinkapid","7":"product_shipping_class-livin-hill","8":"pa_kaepidemed-metall","9":"pa_kollektsioon-rimini-white","10":"pa_materjal-paulownia-puit","11":"pa_riiulite-arv-76","12":"pa_sahtlite-arv-87","13":"pa_uste-arv-88","14":"pa_varv-valge","16":"first","17":"instock","18":"sale","19":"taxable","20":"shipping-taxable","21":"purchasable","22":"product-type-simple"},"_links":{"self":[{"href":"https:\/\/blankpage.ee\/_ruumist-ruumi\/wp-json\/wp\/v2\/product\/5192","targetHints":{"allow":["GET"]}}],"collection":[{"href":"https:\/\/blankpage.ee\/_ruumist-ruumi\/wp-json\/wp\/v2\/product"}],"about":[{"href":"https:\/\/blankpage.ee\/_ruumist-ruumi\/wp-json\/wp\/v2\/types\/product"}],"replies":[{"embeddable":true,"href":"https:\/\/blankpage.ee\/_ruumist-ruumi\/wp-json\/wp\/v2\/comments?post=5192"}],"wp:featuredmedia":[{"embeddable":true,"href":"https:\/\/blankpage.ee\/_ruumist-ruumi\/wp-json\/wp\/v2\/media\/5193"}],"wp:attachment":[{"href":"https:\/\/blankpage.ee\/_ruumist-ruumi\/wp-json\/wp\/v2\/media?parent=5192"}],"wp:term":[{"taxonomy":"product_brand","embeddable":true,"href":"https:\/\/blankpage.ee\/_ruumist-ruumi\/wp-json\/wp\/v2\/product_brand?post=5192"},{"taxonomy":"product_cat","embeddable":true,"href":"https:\/\/blankpage.ee\/_ruumist-ruumi\/wp-json\/wp\/v2\/product_cat?post=5192"},{"taxonomy":"product_tag","embeddable":true,"href":"https:\/\/blankpage.ee\/_ruumist-ruumi\/wp-json\/wp\/v2\/product_tag?post=5192"}],"curies":[{"name":"wp","href":"https:\/\/api.w.org\/{rel}","templated":true}]}}