{"id":5200,"date":"2024-11-20T09:50:44","date_gmt":"2024-11-20T09:50:44","guid":{"rendered":"https:\/\/ruumistruumi.ee\/pood\/valge-kummut-rimini-white-riw08-paulownia-puidust\/"},"modified":"2025-07-22T17:46:39","modified_gmt":"2025-07-22T17:46:39","slug":"valge-kummut-rimini-white-riw08-lehtpuu-puidust","status":"publish","type":"product","link":"https:\/\/blankpage.ee\/_ruumist-ruumi\/pood\/valge-kummut-rimini-white-riw08-lehtpuu-puidust\/","title":{"rendered":"Valge kummut Rimini White RIW08, lehtpuu puidust"},"content":{"rendered":"<p>Rimini White RIW08 kapp elutuppa. See elegantne vitriinkapp on osa Rimini White kollektsioonist ning sobib suurep\u00e4raselt elutoa sisustamiseks. Kapi valge v\u00e4rv ja tumedaks t\u00f6\u00f6deldud pruun pealisplaat loovad harmoonilise kontrasti, mis lisab ruumile \u00f5hulisust ja soojust. Kapi esik\u00fclge kaunistavad valged nikerdused, mis annavad sellele provansaalse stiili h\u00f5ngu. <\/p>\n<p>Rimini White RIW08 kapil on kuus ust ja kaks riiulit, pakkudes piisavalt ruumi erinevate esemete hoiustamiseks. Kapi metallist k\u00e4epidemed ja kaardus jalad lisavad sellele ajatut elegantsi. Kapi pind on kaetud naturaalse, pleegitatud spooniga, millel on n\u00e4htavad oksakohad, tuues esile puidu loomuliku ilu.<\/p>\n<p>Omadused:<br \/>\n<strong>Materjal:<\/strong> Paulownia puit ja MDF.<br \/>\n<strong>V\u00e4rv:<\/strong> Valge, tumepruun pealisplaat.<br \/>\n<strong>M\u00f5\u00f5tmed:<\/strong> Laius 120 cm, s\u00fcgavus 40 cm, k\u00f5rgus 85 cm.<br \/>\n<strong>T\u00e4iendavad detailid:<\/strong> Kuus ust, kaks riiulit, metallist k\u00e4epidemed, naturaalse spooniga pind.<br \/>\n<strong>Kokkupanek:<\/strong> Kokkupandud, ei vaja paigaldust. S\u00e4\u00e4stab aega ja vaeva.<\/p>\n<p>&nbsp;<\/p>\n","protected":false},"excerpt":{"rendered":"<p>Rimini White RIW08 kapp elutuppa. See elegantne vitriinkapp on osa Rimini White kollektsioonist ning sobib suurep\u00e4raselt elutoa sisustamiseks. Kapi valge v\u00e4rv ja tumedaks t\u00f6\u00f6deldud pruun pealisplaat loovad harmoonilise kontrasti, mis lisab ruumile \u00f5hulisust ja soojust. Kapi esik\u00fclge kaunistavad valged nikerdused, mis annavad sellele provansaalse stiili h\u00f5ngu. Rimini White RIW08 kapil on kuus ust ja kaks [&hellip;]<\/p>\n","protected":false},"featured_media":5201,"comment_status":"open","ping_status":"closed","template":"","meta":[],"product_brand":[],"product_cat":[81],"product_tag":[],"class_list":{"0":"post-5200","1":"product","2":"type-product","3":"status-publish","4":"has-post-thumbnail","6":"product_cat-kapid-riiulid-ja-kummutid","7":"product_shipping_class-livin-hill","8":"pa_kaepidemed-metall","9":"pa_kollektsioon-rimini-white","10":"pa_materjal-paulownia-puit","11":"pa_riiulite-arv-76","12":"pa_sahtlite-arv-95","13":"pa_uste-arv-241","14":"pa_varv-valge","16":"first","17":"outofstock","18":"sale","19":"taxable","20":"shipping-taxable","21":"purchasable","22":"product-type-simple"},"_links":{"self":[{"href":"https:\/\/blankpage.ee\/_ruumist-ruumi\/wp-json\/wp\/v2\/product\/5200","targetHints":{"allow":["GET"]}}],"collection":[{"href":"https:\/\/blankpage.ee\/_ruumist-ruumi\/wp-json\/wp\/v2\/product"}],"about":[{"href":"https:\/\/blankpage.ee\/_ruumist-ruumi\/wp-json\/wp\/v2\/types\/product"}],"replies":[{"embeddable":true,"href":"https:\/\/blankpage.ee\/_ruumist-ruumi\/wp-json\/wp\/v2\/comments?post=5200"}],"wp:featuredmedia":[{"embeddable":true,"href":"https:\/\/blankpage.ee\/_ruumist-ruumi\/wp-json\/wp\/v2\/media\/5201"}],"wp:attachment":[{"href":"https:\/\/blankpage.ee\/_ruumist-ruumi\/wp-json\/wp\/v2\/media?parent=5200"}],"wp:term":[{"taxonomy":"product_brand","embeddable":true,"href":"https:\/\/blankpage.ee\/_ruumist-ruumi\/wp-json\/wp\/v2\/product_brand?post=5200"},{"taxonomy":"product_cat","embeddable":true,"href":"https:\/\/blankpage.ee\/_ruumist-ruumi\/wp-json\/wp\/v2\/product_cat?post=5200"},{"taxonomy":"product_tag","embeddable":true,"href":"https:\/\/blankpage.ee\/_ruumist-ruumi\/wp-json\/wp\/v2\/product_tag?post=5200"}],"curies":[{"name":"wp","href":"https:\/\/api.w.org\/{rel}","templated":true}]}}