{"id":5207,"date":"2024-11-01T09:51:15","date_gmt":"2024-11-01T09:51:15","guid":{"rendered":"https:\/\/ruumistruumi.ee\/pood\/valge-vitriinkapp-rimini-white-riw09-paulownia-puidust\/"},"modified":"2025-07-22T17:46:39","modified_gmt":"2025-07-22T17:46:39","slug":"valge-vitriinkapp-rimini-white-riw09-paulownia-puidust","status":"publish","type":"product","link":"https:\/\/blankpage.ee\/_ruumist-ruumi\/pood\/valge-vitriinkapp-rimini-white-riw09-paulownia-puidust\/","title":{"rendered":"Valge vitriinkapp Rimini White RIW09, lehtpuu puidust"},"content":{"rendered":"<p>Rimini White RIW09 vitriinkapp elutuppa. See elegantne vitriinkapp toob teie elutuppa Provencali stiili v\u00f5lu, pakkudes samal ajal praktilist hoiuruumi. Valge v\u00e4rvusega kapi peenelt nikerdatud detailid ja tumedaks h\u00f5\u00f5rutud pruun \u00fclemine \u00e4\u00e4ris loovad harmoonilise ja ajatu ilme. Metallist k\u00e4epidemed ja kaarjad jalad lisavad sellele m\u00f6\u00f6bliesemele unikaalset iseloomu.<\/p>\n<p>Rimini White kollektsiooni kuuluv vitriinkapp on valmistatud Paulownia puidust ja MDF-ist, tagades nii vastupidavuse kui ka esteetilise v\u00e4limuse. Kaks ust ja kaks riiulit pakuvad piisavalt ruumi teie lemmikdekoratsioonide v\u00f5i -raamatute esitlemiseks. Loomulik, pleegitatud spoon koos n\u00e4htavate puus\u00f5lmedega lisab kapile soojust ja isikup\u00e4ra.<\/p>\n<p>Omadused:<br \/>\n<strong>Materjal:<\/strong> Paulownia puit ja MDF.<br \/>\n<strong>V\u00e4rv:<\/strong> Valge, tumepruun \u00fclemine \u00e4\u00e4ris.<br \/>\n<strong>M\u00f5\u00f5tmed:<\/strong> Laius 76 cm, s\u00fcgavus 35 cm, k\u00f5rgus 156 cm.<br \/>\n<strong>T\u00e4iendavad detailid:<\/strong> Loomulik, pleegitatud spoon koos n\u00e4htavate s\u00f5lmedega.<br \/>\n<strong>Kokkupanek:<\/strong> Kokkupandud, ei vaja paigaldust. S\u00e4\u00e4stab aega ja vaeva.<\/p>\n<p>&nbsp;<\/p>\n","protected":false},"excerpt":{"rendered":"<p>Rimini White RIW09 vitriinkapp elutuppa. See elegantne vitriinkapp toob teie elutuppa Provencali stiili v\u00f5lu, pakkudes samal ajal praktilist hoiuruumi. Valge v\u00e4rvusega kapi peenelt nikerdatud detailid ja tumedaks h\u00f5\u00f5rutud pruun \u00fclemine \u00e4\u00e4ris loovad harmoonilise ja ajatu ilme. Metallist k\u00e4epidemed ja kaarjad jalad lisavad sellele m\u00f6\u00f6bliesemele unikaalset iseloomu. Rimini White kollektsiooni kuuluv vitriinkapp on valmistatud Paulownia puidust [&hellip;]<\/p>\n","protected":false},"featured_media":151186,"comment_status":"open","ping_status":"closed","template":"","meta":[],"product_brand":[],"product_cat":[73],"product_tag":[],"class_list":{"0":"post-5207","1":"product","2":"type-product","3":"status-publish","4":"has-post-thumbnail","6":"product_cat-vitriinkapid","7":"product_shipping_class-livin-hill","8":"pa_kaepidemed-metall","9":"pa_kollektsioon-rimini-white","10":"pa_materjal-paulownia-puit","11":"pa_riiulite-arv-76","12":"pa_sahtlite-arv-74","13":"pa_uste-arv-94","14":"pa_varv-valge","16":"first","17":"outofstock","18":"sale","19":"taxable","20":"shipping-taxable","21":"purchasable","22":"product-type-simple"},"_links":{"self":[{"href":"https:\/\/blankpage.ee\/_ruumist-ruumi\/wp-json\/wp\/v2\/product\/5207","targetHints":{"allow":["GET"]}}],"collection":[{"href":"https:\/\/blankpage.ee\/_ruumist-ruumi\/wp-json\/wp\/v2\/product"}],"about":[{"href":"https:\/\/blankpage.ee\/_ruumist-ruumi\/wp-json\/wp\/v2\/types\/product"}],"replies":[{"embeddable":true,"href":"https:\/\/blankpage.ee\/_ruumist-ruumi\/wp-json\/wp\/v2\/comments?post=5207"}],"wp:featuredmedia":[{"embeddable":true,"href":"https:\/\/blankpage.ee\/_ruumist-ruumi\/wp-json\/wp\/v2\/media\/151186"}],"wp:attachment":[{"href":"https:\/\/blankpage.ee\/_ruumist-ruumi\/wp-json\/wp\/v2\/media?parent=5207"}],"wp:term":[{"taxonomy":"product_brand","embeddable":true,"href":"https:\/\/blankpage.ee\/_ruumist-ruumi\/wp-json\/wp\/v2\/product_brand?post=5207"},{"taxonomy":"product_cat","embeddable":true,"href":"https:\/\/blankpage.ee\/_ruumist-ruumi\/wp-json\/wp\/v2\/product_cat?post=5207"},{"taxonomy":"product_tag","embeddable":true,"href":"https:\/\/blankpage.ee\/_ruumist-ruumi\/wp-json\/wp\/v2\/product_tag?post=5207"}],"curies":[{"name":"wp","href":"https:\/\/api.w.org\/{rel}","templated":true}]}}