{"id":5211,"date":"2024-11-01T09:51:43","date_gmt":"2024-11-01T09:51:43","guid":{"rendered":"https:\/\/ruumistruumi.ee\/pood\/valge-konsoollaud-rimini-white-riw016-paulownia-puidust\/"},"modified":"2025-06-17T08:56:58","modified_gmt":"2025-06-17T08:56:58","slug":"valge-konsoollaud-rimini-white-riw016-lehtpuu-puidust","status":"publish","type":"product","link":"https:\/\/blankpage.ee\/_ruumist-ruumi\/pood\/valge-konsoollaud-rimini-white-riw016-lehtpuu-puidust\/","title":{"rendered":"Valge konsoollaud Rimini White RIW016, lehtpuu puidust"},"content":{"rendered":"<p>Rimini White RIW016 konsoollaud esikusse. See Provencali stiilis konsoollaud on kaunistatud valgete nikerdustega ning sellel on p\u00fchitud, tumepruun t\u00f6\u00f6pind. Toode on varustatud metallist k\u00e4epidemetega ja kumerate jalgadega, mis lisavad sellele elegantsi ja ajatut stiili.<\/p>\n<p>Rimini White kollektsiooni konsoollaud on valmistatud kvaliteetsest Paulownia puidust ja MDF-ist, tagades vastupidavuse ja pikaealisuse. Valge viimistlus koos tumepruuni t\u00f6\u00f6pinnaga loob kauni kontrasti, mis sobib suurep\u00e4raselt nii klassikalisse kui ka kaasaegsesse interj\u00f6\u00f6ri. Laua naturaalse, pleegitatud spooni pinnal on n\u00e4htavad oksakohad, mis lisavad sellele iseloomu ja ainulaadsust.<\/p>\n<p>Konsoollaud on osaliselt kokku pandud, mis t\u00e4hendab, et see ei vaja paigaldust ja s\u00e4\u00e4stab teie aega ja vaeva. Selle m\u00f5\u00f5tmed on 90 cm lai, 40 cm s\u00fcgav ja 78 cm k\u00f5rge, mis teeb sellest praktilise ja stiilse lisandi igasse esikusse.<\/p>\n<p>Omadused:<br \/>\n<strong>Materjal:<\/strong> Paulownia puit ja MDF.<br \/>\n<strong>V\u00e4rv:<\/strong> Valge, tumepruun t\u00f6\u00f6pind.<br \/>\n<strong>M\u00f5\u00f5tmed:<\/strong> Laius 90 cm, s\u00fcgavus 40 cm, k\u00f5rgus 78 cm.<br \/>\n<strong>T\u00e4iendavad detailid:<\/strong> Naturaalne, pleegitatud spoon n\u00e4htavate oksakohtadega.<br \/>\n<strong>Kokkupanek:<\/strong> Osaliselt kokku pandud, ei vaja paigaldust. S\u00e4\u00e4stab aega ja vaeva.<\/p>\n<p>&nbsp;<\/p>\n","protected":false},"excerpt":{"rendered":"<p>Rimini White RIW016 konsoollaud esikusse. See Provencali stiilis konsoollaud on kaunistatud valgete nikerdustega ning sellel on p\u00fchitud, tumepruun t\u00f6\u00f6pind. Toode on varustatud metallist k\u00e4epidemetega ja kumerate jalgadega, mis lisavad sellele elegantsi ja ajatut stiili. Rimini White kollektsiooni konsoollaud on valmistatud kvaliteetsest Paulownia puidust ja MDF-ist, tagades vastupidavuse ja pikaealisuse. Valge viimistlus koos tumepruuni t\u00f6\u00f6pinnaga loob [&hellip;]<\/p>\n","protected":false},"featured_media":5212,"comment_status":"open","ping_status":"closed","template":"","meta":[],"product_brand":[],"product_cat":[83],"product_tag":[],"class_list":{"0":"post-5211","1":"product","2":"type-product","3":"status-publish","4":"has-post-thumbnail","6":"product_cat-konsoollauad","7":"product_shipping_class-livin-hill","8":"pa_kaepidemed-metall","9":"pa_kollektsioon-rimini-white","10":"pa_materjal-paulownia-puit","11":"pa_sahtlite-arv-74","12":"pa_varv-valge","14":"first","15":"instock","16":"sale","17":"taxable","18":"shipping-taxable","19":"purchasable","20":"product-type-simple"},"_links":{"self":[{"href":"https:\/\/blankpage.ee\/_ruumist-ruumi\/wp-json\/wp\/v2\/product\/5211","targetHints":{"allow":["GET"]}}],"collection":[{"href":"https:\/\/blankpage.ee\/_ruumist-ruumi\/wp-json\/wp\/v2\/product"}],"about":[{"href":"https:\/\/blankpage.ee\/_ruumist-ruumi\/wp-json\/wp\/v2\/types\/product"}],"replies":[{"embeddable":true,"href":"https:\/\/blankpage.ee\/_ruumist-ruumi\/wp-json\/wp\/v2\/comments?post=5211"}],"wp:featuredmedia":[{"embeddable":true,"href":"https:\/\/blankpage.ee\/_ruumist-ruumi\/wp-json\/wp\/v2\/media\/5212"}],"wp:attachment":[{"href":"https:\/\/blankpage.ee\/_ruumist-ruumi\/wp-json\/wp\/v2\/media?parent=5211"}],"wp:term":[{"taxonomy":"product_brand","embeddable":true,"href":"https:\/\/blankpage.ee\/_ruumist-ruumi\/wp-json\/wp\/v2\/product_brand?post=5211"},{"taxonomy":"product_cat","embeddable":true,"href":"https:\/\/blankpage.ee\/_ruumist-ruumi\/wp-json\/wp\/v2\/product_cat?post=5211"},{"taxonomy":"product_tag","embeddable":true,"href":"https:\/\/blankpage.ee\/_ruumist-ruumi\/wp-json\/wp\/v2\/product_tag?post=5211"}],"curies":[{"name":"wp","href":"https:\/\/api.w.org\/{rel}","templated":true}]}}