{"id":5243,"date":"2024-11-01T09:54:28","date_gmt":"2024-11-01T09:54:28","guid":{"rendered":"https:\/\/ruumistruumi.ee\/pood\/valge-kohvilaud-rimini-white-riw027-paulownia-puidust-mdf-ist\/"},"modified":"2025-04-10T11:57:07","modified_gmt":"2025-04-10T11:57:07","slug":"valge-kohvilaud-rimini-white-riw027-paulownia-puidust-mdf-ist","status":"publish","type":"product","link":"https:\/\/blankpage.ee\/_ruumist-ruumi\/pood\/valge-kohvilaud-rimini-white-riw027-paulownia-puidust-mdf-ist\/","title":{"rendered":"Valge kohvilaud Rimini White RIW027, lehtpuu puidust"},"content":{"rendered":"<p>Rimini White RIW027 kohvilaud elutuppa. See Provanssa stiilis kohvilaud toob teie elutuppa ajatut elegantsi ja soojust. Valged nikerdused ning tumedam pruun pealispind loovad harmoonilise kontrasti, mis t\u00e4iendab igat interj\u00f6\u00f6ri. Kergelt kaardus jalad lisavad lauapinnale peenetundelist v\u00f5lu.<\/p>\n<p>Kohvilaud on valmistatud kvaliteetsest Paulownia puidust ja MDF-ist, mis tagavad vastupidavuse ja pikaealisuse. Laua naturaalne, pleegitatud spoon koos n\u00e4htavate oksakohtadega lisab sellele unikaalsust ja isikup\u00e4ra. Osaliselt kokkupandud konstruktsioon muudab paigaldamise lihtsaks ja mugavaks.<\/p>\n<p>Omadused:<br \/>\n<strong>Materjal:<\/strong> Paulownia puit ja MDF.<br \/>\n<strong>V\u00e4rv:<\/strong> Valge, pealispind ja \u00e4\u00e4red pruunid.<br \/>\n<strong>M\u00f5\u00f5tmed:<\/strong> Laua laius 120 cm, s\u00fcgavus 60 cm, k\u00f5rgus 50 cm.<br \/>\n<strong>T\u00e4iendavad detailid:<\/strong> Naturaalne, pleegitatud spoon n\u00e4htavate oksakohtadega.<br \/>\n<strong>Kokkupanek:<\/strong> Osaliselt kokkupandud, ei vaja paigaldust. S\u00e4\u00e4stab aega ja vaeva.<\/p>\n<p>&nbsp;<\/p>\n","protected":false},"excerpt":{"rendered":"<p>Rimini White RIW027 kohvilaud elutuppa. See Provanssa stiilis kohvilaud toob teie elutuppa ajatut elegantsi ja soojust. Valged nikerdused ning tumedam pruun pealispind loovad harmoonilise kontrasti, mis t\u00e4iendab igat interj\u00f6\u00f6ri. Kergelt kaardus jalad lisavad lauapinnale peenetundelist v\u00f5lu. Kohvilaud on valmistatud kvaliteetsest Paulownia puidust ja MDF-ist, mis tagavad vastupidavuse ja pikaealisuse. Laua naturaalne, pleegitatud spoon koos n\u00e4htavate [&hellip;]<\/p>\n","protected":false},"featured_media":5244,"comment_status":"open","ping_status":"closed","template":"","meta":[],"product_brand":[],"product_cat":[118],"product_tag":[],"class_list":{"0":"post-5243","1":"product","2":"type-product","3":"status-publish","4":"has-post-thumbnail","6":"product_cat-diivanilauad","7":"product_shipping_class-livin-hill","8":"pa_kollektsioon-rimini-white","9":"pa_materjal-paulownia-puit","10":"pa_varv-valge","12":"first","13":"instock","14":"sale","15":"taxable","16":"shipping-taxable","17":"purchasable","18":"product-type-simple"},"_links":{"self":[{"href":"https:\/\/blankpage.ee\/_ruumist-ruumi\/wp-json\/wp\/v2\/product\/5243","targetHints":{"allow":["GET"]}}],"collection":[{"href":"https:\/\/blankpage.ee\/_ruumist-ruumi\/wp-json\/wp\/v2\/product"}],"about":[{"href":"https:\/\/blankpage.ee\/_ruumist-ruumi\/wp-json\/wp\/v2\/types\/product"}],"replies":[{"embeddable":true,"href":"https:\/\/blankpage.ee\/_ruumist-ruumi\/wp-json\/wp\/v2\/comments?post=5243"}],"wp:featuredmedia":[{"embeddable":true,"href":"https:\/\/blankpage.ee\/_ruumist-ruumi\/wp-json\/wp\/v2\/media\/5244"}],"wp:attachment":[{"href":"https:\/\/blankpage.ee\/_ruumist-ruumi\/wp-json\/wp\/v2\/media?parent=5243"}],"wp:term":[{"taxonomy":"product_brand","embeddable":true,"href":"https:\/\/blankpage.ee\/_ruumist-ruumi\/wp-json\/wp\/v2\/product_brand?post=5243"},{"taxonomy":"product_cat","embeddable":true,"href":"https:\/\/blankpage.ee\/_ruumist-ruumi\/wp-json\/wp\/v2\/product_cat?post=5243"},{"taxonomy":"product_tag","embeddable":true,"href":"https:\/\/blankpage.ee\/_ruumist-ruumi\/wp-json\/wp\/v2\/product_tag?post=5243"}],"curies":[{"name":"wp","href":"https:\/\/api.w.org\/{rel}","templated":true}]}}