{"id":5250,"date":"2024-11-01T09:55:22","date_gmt":"2024-11-01T09:55:22","guid":{"rendered":"https:\/\/ruumistruumi.ee\/pood\/valge-polsterdatud-taburett-rimini-white-riw046-paulownia-puidust-mdf\/"},"modified":"2025-06-17T08:57:03","modified_gmt":"2025-06-17T08:57:03","slug":"valge-polsterdatud-taburet-rimini-white-riw046-lehtpuu-puidust","status":"publish","type":"product","link":"https:\/\/blankpage.ee\/_ruumist-ruumi\/pood\/valge-polsterdatud-taburet-rimini-white-riw046-lehtpuu-puidust\/","title":{"rendered":"Valge polsterdatud taburet Rimini White RIW046, lehtpuu puidust"},"content":{"rendered":"<p>Rimini White RIW046 polsterdatud taburet esikusse. See elegantne taburet lisab teie esikusse klassikalist Provence&#8217;i stiili, pakkudes samal ajal mugavat istumiskohta. Valge kaunistustega ja kreemika polstriga iste on t\u00f5eline pilgup\u00fc\u00fcdja, millel on kaunilt kaardus jalad, mis lisavad sellele peenet viimistlust.<\/p>\n<p>Taburet on valmistatud Paulownia puidust ja MDF-ist, mis tagab vastupidavuse ja pikaealisuse. Selle valge toon koos pruuni pealispinna ja \u00e4\u00e4ristega loob harmoonilise ja sooja atmosf\u00e4\u00e4ri. Kompaktsete m\u00f5\u00f5tmetega \u2013 laius 45 cm, s\u00fcgavus 35 cm ja k\u00f5rgus 49 cm \u2013 sobib see ideaalselt kitsamatesse ruumidesse, pakkudes samas piisavalt mugavust.<\/p>\n<p>Omadused:<br \/>\n<strong>Materjal:<\/strong> Paulownia puit ja MDF.<br \/>\n<strong>V\u00e4rv:<\/strong> Valge, pruun pealispind ja \u00e4\u00e4rised.<br \/>\n<strong>M\u00f5\u00f5tmed:<\/strong> Laius 45 cm, s\u00fcgavus 35 cm, k\u00f5rgus 49 cm.<br \/>\n<strong>T\u00e4iendavad detailid:<\/strong> K\u00e4sitsi v\u00e4rvitud detailid ja kaardus jalad.<br \/>\n<strong>Kokkupanek:<\/strong> Kokkupandud, ei vaja paigaldust. S\u00e4\u00e4stab aega ja vaeva.<\/p>\n<p>&nbsp;<\/p>\n","protected":false},"excerpt":{"rendered":"<p>Rimini White RIW046 polsterdatud taburet esikusse. See elegantne taburet lisab teie esikusse klassikalist Provence&#8217;i stiili, pakkudes samal ajal mugavat istumiskohta. Valge kaunistustega ja kreemika polstriga iste on t\u00f5eline pilgup\u00fc\u00fcdja, millel on kaunilt kaardus jalad, mis lisavad sellele peenet viimistlust. Taburet on valmistatud Paulownia puidust ja MDF-ist, mis tagab vastupidavuse ja pikaealisuse. Selle valge toon koos [&hellip;]<\/p>\n","protected":false},"featured_media":5251,"comment_status":"open","ping_status":"closed","template":"","meta":[],"product_brand":[],"product_cat":[136],"product_tag":[],"class_list":{"0":"post-5250","1":"product","2":"type-product","3":"status-publish","4":"has-post-thumbnail","6":"product_cat-esikupingid","7":"product_shipping_class-livin-hill","8":"pa_kollektsioon-rimini-white","9":"pa_materjal-paulownia-puit","10":"pa_varv-valge","12":"first","13":"instock","14":"sale","15":"taxable","16":"shipping-taxable","17":"purchasable","18":"product-type-simple"},"_links":{"self":[{"href":"https:\/\/blankpage.ee\/_ruumist-ruumi\/wp-json\/wp\/v2\/product\/5250","targetHints":{"allow":["GET"]}}],"collection":[{"href":"https:\/\/blankpage.ee\/_ruumist-ruumi\/wp-json\/wp\/v2\/product"}],"about":[{"href":"https:\/\/blankpage.ee\/_ruumist-ruumi\/wp-json\/wp\/v2\/types\/product"}],"replies":[{"embeddable":true,"href":"https:\/\/blankpage.ee\/_ruumist-ruumi\/wp-json\/wp\/v2\/comments?post=5250"}],"wp:featuredmedia":[{"embeddable":true,"href":"https:\/\/blankpage.ee\/_ruumist-ruumi\/wp-json\/wp\/v2\/media\/5251"}],"wp:attachment":[{"href":"https:\/\/blankpage.ee\/_ruumist-ruumi\/wp-json\/wp\/v2\/media?parent=5250"}],"wp:term":[{"taxonomy":"product_brand","embeddable":true,"href":"https:\/\/blankpage.ee\/_ruumist-ruumi\/wp-json\/wp\/v2\/product_brand?post=5250"},{"taxonomy":"product_cat","embeddable":true,"href":"https:\/\/blankpage.ee\/_ruumist-ruumi\/wp-json\/wp\/v2\/product_cat?post=5250"},{"taxonomy":"product_tag","embeddable":true,"href":"https:\/\/blankpage.ee\/_ruumist-ruumi\/wp-json\/wp\/v2\/product_tag?post=5250"}],"curies":[{"name":"wp","href":"https:\/\/api.w.org\/{rel}","templated":true}]}}