{"id":52519,"date":"2025-01-06T19:31:06","date_gmt":"2025-01-06T19:31:06","guid":{"rendered":"https:\/\/ruumistruumi.ee\/pood\/uksematt-must-80x120-cm-2\/"},"modified":"2025-08-21T02:14:37","modified_gmt":"2025-08-21T02:14:37","slug":"uksematt-must-80x120-cm-2","status":"publish","type":"product","link":"https:\/\/blankpage.ee\/_ruumist-ruumi\/pood\/uksematt-must-80x120-cm-2\/","title":{"rendered":"Uksematt, must, 80&#215;120 cm"},"content":{"rendered":"<p>Ennetage mustuse sattumist koju uksematiga, mis on h\u00e4davajalik lisa igale terrassile v\u00f5i esikule! Vastupidav materjal: Esiukse matt on valmistatud painduvast, kuid vastupidavast taftitud pol\u00fcprop\u00fcleenist, mis muudab selle kulumis- ja rebenemiskindlaks, tagades pikaajalise t\u00f6\u00f6 ka tiheda liiklusega kohtades.Vee ja mustuse imamine: uksemati materjal p\u00fc\u00fcab t\u00f5husalt kinni mustuse, tolmu ja niiskuse, hoides teie p\u00f5randad puhtad ja kuivad.Libisemiskindel disain: libisemiskindel PVC-alus takistab niiskuse lekkimist ja hoiab mati paigal.Lihtne puhastada: saate selle uksemati kiiresti ja lihtsalt puhastada, raputades seda maha, imedes tolmuimejaga v\u00f5i voolikuga.Laialdased rakendused: see uksematt sobib suurep\u00e4raselt siseruumidesse ukse l\u00e4hedal asuvatesse sissep\u00e4\u00e4sudesse, kappidesse, pesupesemisse v\u00f5i muudesse tiheda liiklusega sise- ja kaetud v\u00e4lialadesse.<\/p>\n<ul>\n<li>V\u00e4rvus: must<\/li>\n<li>Materjal: PP (pol\u00fcprop\u00fcleen) ja PVC<\/li>\n<li>Suurus: 80 x 120 cm (L x P)<\/li>\n<li>Kogukaal: 2900 g\/\u33a1<\/li>\n<li>Frisee kuhja k\u00f5rgus: 6 mm<\/li>\n<li>Libisemiskindel PVC-alus<\/li>\n<\/ul>\n","protected":false},"excerpt":{"rendered":"<p>Ennetage mustuse sattumist koju uksematiga, mis on h\u00e4davajalik lisa igale terrassile v\u00f5i esikule! Vastupidav materjal: Esiukse matt on valmistatud painduvast, kuid vastupidavast taftitud pol\u00fcprop\u00fcleenist, mis muudab selle kulumis- ja rebenemiskindlaks, tagades pikaajalise t\u00f6\u00f6 ka tiheda liiklusega kohtades.Vee ja mustuse imamine: uksemati materjal p\u00fc\u00fcab t\u00f5husalt kinni mustuse, tolmu ja niiskuse, hoides teie p\u00f5randad puhtad ja kuivad.Libisemiskindel [&hellip;]<\/p>\n","protected":false},"featured_media":52520,"comment_status":"open","ping_status":"open","template":"","meta":[],"product_brand":[],"product_cat":[864],"product_tag":[],"class_list":{"0":"post-52519","1":"product","2":"type-product","3":"status-publish","4":"has-post-thumbnail","6":"product_cat-uksematid-ja-esikuvaibad","7":"product_shipping_class-vidaxl","8":"pa_varv-must","10":"first","11":"outofstock","12":"sale","13":"taxable","14":"shipping-taxable","15":"purchasable","16":"product-type-simple"},"_links":{"self":[{"href":"https:\/\/blankpage.ee\/_ruumist-ruumi\/wp-json\/wp\/v2\/product\/52519","targetHints":{"allow":["GET"]}}],"collection":[{"href":"https:\/\/blankpage.ee\/_ruumist-ruumi\/wp-json\/wp\/v2\/product"}],"about":[{"href":"https:\/\/blankpage.ee\/_ruumist-ruumi\/wp-json\/wp\/v2\/types\/product"}],"replies":[{"embeddable":true,"href":"https:\/\/blankpage.ee\/_ruumist-ruumi\/wp-json\/wp\/v2\/comments?post=52519"}],"wp:featuredmedia":[{"embeddable":true,"href":"https:\/\/blankpage.ee\/_ruumist-ruumi\/wp-json\/wp\/v2\/media\/52520"}],"wp:attachment":[{"href":"https:\/\/blankpage.ee\/_ruumist-ruumi\/wp-json\/wp\/v2\/media?parent=52519"}],"wp:term":[{"taxonomy":"product_brand","embeddable":true,"href":"https:\/\/blankpage.ee\/_ruumist-ruumi\/wp-json\/wp\/v2\/product_brand?post=52519"},{"taxonomy":"product_cat","embeddable":true,"href":"https:\/\/blankpage.ee\/_ruumist-ruumi\/wp-json\/wp\/v2\/product_cat?post=52519"},{"taxonomy":"product_tag","embeddable":true,"href":"https:\/\/blankpage.ee\/_ruumist-ruumi\/wp-json\/wp\/v2\/product_tag?post=52519"}],"curies":[{"name":"wp","href":"https:\/\/api.w.org\/{rel}","templated":true}]}}