{"id":5253,"date":"2024-11-01T09:55:48","date_gmt":"2024-11-01T09:55:48","guid":{"rendered":"https:\/\/ruumistruumi.ee\/pood\/valge-seinapeegel-rimini-white-riw053-paulownia-puidust-mdf-st\/"},"modified":"2025-06-17T08:57:03","modified_gmt":"2025-06-17T08:57:03","slug":"valge-seinapeegel-rimini-white-riw053-lehtpuu-puidust","status":"publish","type":"product","link":"https:\/\/blankpage.ee\/_ruumist-ruumi\/pood\/valge-seinapeegel-rimini-white-riw053-lehtpuu-puidust\/","title":{"rendered":"Valge seinapeegel Rimini White RIW053, lehtpuu puidust"},"content":{"rendered":"<p>Rimini White RIW053 seinapeegel elutuppa. See Provence&#8217;i stiilis ristk\u00fclikukujuline peegel lisab teie elutuppa klassikalist elegantsi. Valge raam koos tumepruuni \u00fclemise p\u00e4rjaga loob harmoonilise kontrasti, millele lisavad v\u00f5lu k\u00e4sitsi nikerdatud detailid.<\/p>\n<p>Peegel on valmistatud kvaliteetsest Paulownia puidust ja MDF-ist, mis tagab vastupidavuse ja pikaealisuse. Raami naturaalne, pleegitatud spoon koos n\u00e4htavate oksakohtadega annab tootele ainulaadse ja maal\u00e4hedase ilme. Peegel on eelnevalt kokkupandud, s\u00e4\u00e4stes teie aega ja vaeva.<\/p>\n<p>Omadused:<br \/>\n<strong>Materjal:<\/strong> Paulownia puit ja MDF.<br \/>\n<strong>V\u00e4rv:<\/strong> Valge raam, tumepruun \u00fclemine p\u00e4rg.<br \/>\n<strong>M\u00f5\u00f5tmed:<\/strong> Laius 60 cm, s\u00fcgavus 4 cm, k\u00f5rgus 85 cm.<br \/>\n<strong>T\u00e4iendavad detailid:<\/strong> Naturaalne spoon n\u00e4htavate oksakohtadega.<br \/>\n<strong>Kokkupanek:<\/strong> Kokkupandud, ei vaja paigaldust. S\u00e4\u00e4stab aega ja vaeva.<\/p>\n<p>&nbsp;<\/p>\n","protected":false},"excerpt":{"rendered":"<p>Rimini White RIW053 seinapeegel elutuppa. See Provence&#8217;i stiilis ristk\u00fclikukujuline peegel lisab teie elutuppa klassikalist elegantsi. Valge raam koos tumepruuni \u00fclemise p\u00e4rjaga loob harmoonilise kontrasti, millele lisavad v\u00f5lu k\u00e4sitsi nikerdatud detailid. Peegel on valmistatud kvaliteetsest Paulownia puidust ja MDF-ist, mis tagab vastupidavuse ja pikaealisuse. Raami naturaalne, pleegitatud spoon koos n\u00e4htavate oksakohtadega annab tootele ainulaadse ja maal\u00e4hedase [&hellip;]<\/p>\n","protected":false},"featured_media":5254,"comment_status":"open","ping_status":"closed","template":"","meta":[],"product_brand":[],"product_cat":[104],"product_tag":[],"class_list":{"0":"post-5253","1":"product","2":"type-product","3":"status-publish","4":"has-post-thumbnail","6":"product_cat-peeglid","7":"product_shipping_class-livin-hill","8":"pa_kollektsioon-rimini-white","9":"pa_materjal-paulownia-puit","10":"pa_varv-valge","12":"first","13":"instock","14":"sale","15":"taxable","16":"shipping-taxable","17":"purchasable","18":"product-type-simple"},"_links":{"self":[{"href":"https:\/\/blankpage.ee\/_ruumist-ruumi\/wp-json\/wp\/v2\/product\/5253","targetHints":{"allow":["GET"]}}],"collection":[{"href":"https:\/\/blankpage.ee\/_ruumist-ruumi\/wp-json\/wp\/v2\/product"}],"about":[{"href":"https:\/\/blankpage.ee\/_ruumist-ruumi\/wp-json\/wp\/v2\/types\/product"}],"replies":[{"embeddable":true,"href":"https:\/\/blankpage.ee\/_ruumist-ruumi\/wp-json\/wp\/v2\/comments?post=5253"}],"wp:featuredmedia":[{"embeddable":true,"href":"https:\/\/blankpage.ee\/_ruumist-ruumi\/wp-json\/wp\/v2\/media\/5254"}],"wp:attachment":[{"href":"https:\/\/blankpage.ee\/_ruumist-ruumi\/wp-json\/wp\/v2\/media?parent=5253"}],"wp:term":[{"taxonomy":"product_brand","embeddable":true,"href":"https:\/\/blankpage.ee\/_ruumist-ruumi\/wp-json\/wp\/v2\/product_brand?post=5253"},{"taxonomy":"product_cat","embeddable":true,"href":"https:\/\/blankpage.ee\/_ruumist-ruumi\/wp-json\/wp\/v2\/product_cat?post=5253"},{"taxonomy":"product_tag","embeddable":true,"href":"https:\/\/blankpage.ee\/_ruumist-ruumi\/wp-json\/wp\/v2\/product_tag?post=5253"}],"curies":[{"name":"wp","href":"https:\/\/api.w.org\/{rel}","templated":true}]}}