{"id":5263,"date":"2024-11-01T09:57:14","date_gmt":"2024-11-01T09:57:14","guid":{"rendered":"https:\/\/ruumistruumi.ee\/pood\/valge-ookapp-latina-la018-paulownia-puidust\/"},"modified":"2025-06-17T08:57:04","modified_gmt":"2025-06-17T08:57:04","slug":"valge-ookapp-latina-la018-lehtpuu-puidust","status":"publish","type":"product","link":"https:\/\/blankpage.ee\/_ruumist-ruumi\/pood\/valge-ookapp-latina-la018-lehtpuu-puidust\/","title":{"rendered":"Valge \u00f6\u00f6kapp Latina LA018, lehtpuu puidust"},"content":{"rendered":"<p>Latina LA018 \u00f6\u00f6kapp magamistuppa. Latina kollektsiooni kuuluv stiilne \u00f6\u00f6kapp klassikalises stiilis, mis lisab teie magamistoale ajatut elegantsi. Kapi dekoratiivsed metallist k\u00e4epidemed messingitoonis ning nikerdused kapi alusel loovad ainulaadse visuaalse efekti. Korpuse, pealmise osa ja soklite valge matt viimistlus koos freesitud servadega annavad kapile peene ja viimistletud ilme. Toode on varustatud \u00fche sahtliga, millel on puidust siinid, ning \u00fche uksega, mis avaneb vasakule.<\/p>\n<p>Omadused:<br \/>\n<strong>Materjal:<\/strong> Paulownia puit ja MDF.<br \/>\n<strong>V\u00e4rv:<\/strong> Valge, messingitoonis detailid.<br \/>\n<strong>M\u00f5\u00f5tmed:<\/strong> Laius 46 cm, s\u00fcgavus 36 cm, k\u00f5rgus 71 cm.<br \/>\n<strong>T\u00e4iendavad detailid:<\/strong> \u00dcks uks, metallist k\u00e4epidemed.<br \/>\n<strong>Kokkupanek:<\/strong> Kokkupandud, ei vaja paigaldust. S\u00e4\u00e4stab aega ja vaeva.<\/p>\n<p>&nbsp;<\/p>\n","protected":false},"excerpt":{"rendered":"<p>Latina LA018 \u00f6\u00f6kapp magamistuppa. Latina kollektsiooni kuuluv stiilne \u00f6\u00f6kapp klassikalises stiilis, mis lisab teie magamistoale ajatut elegantsi. Kapi dekoratiivsed metallist k\u00e4epidemed messingitoonis ning nikerdused kapi alusel loovad ainulaadse visuaalse efekti. Korpuse, pealmise osa ja soklite valge matt viimistlus koos freesitud servadega annavad kapile peene ja viimistletud ilme. Toode on varustatud \u00fche sahtliga, millel on puidust [&hellip;]<\/p>\n","protected":false},"featured_media":5264,"comment_status":"open","ping_status":"closed","template":"","meta":[],"product_brand":[],"product_cat":[92],"product_tag":[],"class_list":{"0":"post-5263","1":"product","2":"type-product","3":"status-publish","4":"has-post-thumbnail","6":"product_cat-ookapid","7":"product_shipping_class-livin-hill","8":"pa_kaepidemed-metall","9":"pa_kollektsioon-latina","10":"pa_materjal-paulownia-puit","11":"pa_sahtlite-arv-87","12":"pa_uste-arv-88","13":"pa_varv-valge","15":"first","16":"instock","17":"sale","18":"taxable","19":"shipping-taxable","20":"purchasable","21":"product-type-simple"},"_links":{"self":[{"href":"https:\/\/blankpage.ee\/_ruumist-ruumi\/wp-json\/wp\/v2\/product\/5263","targetHints":{"allow":["GET"]}}],"collection":[{"href":"https:\/\/blankpage.ee\/_ruumist-ruumi\/wp-json\/wp\/v2\/product"}],"about":[{"href":"https:\/\/blankpage.ee\/_ruumist-ruumi\/wp-json\/wp\/v2\/types\/product"}],"replies":[{"embeddable":true,"href":"https:\/\/blankpage.ee\/_ruumist-ruumi\/wp-json\/wp\/v2\/comments?post=5263"}],"wp:featuredmedia":[{"embeddable":true,"href":"https:\/\/blankpage.ee\/_ruumist-ruumi\/wp-json\/wp\/v2\/media\/5264"}],"wp:attachment":[{"href":"https:\/\/blankpage.ee\/_ruumist-ruumi\/wp-json\/wp\/v2\/media?parent=5263"}],"wp:term":[{"taxonomy":"product_brand","embeddable":true,"href":"https:\/\/blankpage.ee\/_ruumist-ruumi\/wp-json\/wp\/v2\/product_brand?post=5263"},{"taxonomy":"product_cat","embeddable":true,"href":"https:\/\/blankpage.ee\/_ruumist-ruumi\/wp-json\/wp\/v2\/product_cat?post=5263"},{"taxonomy":"product_tag","embeddable":true,"href":"https:\/\/blankpage.ee\/_ruumist-ruumi\/wp-json\/wp\/v2\/product_tag?post=5263"}],"curies":[{"name":"wp","href":"https:\/\/api.w.org\/{rel}","templated":true}]}}