{"id":5265,"date":"2024-11-01T09:57:39","date_gmt":"2024-11-01T09:57:39","guid":{"rendered":"https:\/\/ruumistruumi.ee\/pood\/kroomitud-konsoollaud-glamour-gl1527-taaskasutatud-tamme-puidust\/"},"modified":"2025-04-10T11:57:08","modified_gmt":"2025-04-10T11:57:08","slug":"hobe-konsoollaud-glamour-gl1527-taaskasutatud-tammepuidust","status":"publish","type":"product","link":"https:\/\/blankpage.ee\/_ruumist-ruumi\/pood\/hobe-konsoollaud-glamour-gl1527-taaskasutatud-tammepuidust\/","title":{"rendered":"H\u00f5be konsoollaud Glamour GL1527, taaskasutatud tammepuidust"},"content":{"rendered":"<p>Glamour GL1527 konsoollaud esikusse. See stiilne konsoollaud, mis toetub profileeritud roostevabast terasest jalgadele, lisab teie esikusse modernset glamuuri. Lauaplaat ja alus on valmistatud harjatud taaskasutatud tammepuidust, millel on hele, naturaalse puidu toon koos valgendusega. Lauaplaadil on mustriline intarsia, mis lisab visuaalset huvi ja ainulaadsust.<\/p>\n<p>Konsoollaud on suurep\u00e4rane valik neile, kes hindavad nii esteetikat kui ka funktsionaalsust. Taaskasutatud tammepuit annab igale lauale unikaalse ilme, samas kui roostevabast terasest jalad tagavad vastupidavuse ja stabiilsuse. See laud sobib ideaalselt nii kaasaegsesse kui ka klassikalisse interj\u00f6\u00f6ri, pakkudes praktilist pinda v\u00f5tmete, postkasti ja muude igap\u00e4evaste esemete hoidmiseks.<\/p>\n<p>Omadused:<br \/>\n<strong>Materjal:<\/strong> Taaskasutatud tammepuit ja roostevabast terasest jalad.<br \/>\n<strong>V\u00e4rv:<\/strong> Kroomitud jalad ja hele naturaalne puidust lauaplaat.<br \/>\n<strong>M\u00f5\u00f5tmed:<\/strong> Laius 160 cm, s\u00fcgavus 45 cm, k\u00f5rgus 85 cm.<br \/>\n<strong>T\u00e4iendavad detailid:<\/strong> Lauaplaadi intarsia muster.<br \/>\n<strong>Kokkupanek:<\/strong> Osaliselt kokku pandud, ei vaja paigaldust. S\u00e4\u00e4stab aega ja vaeva.<\/p>\n<p>&nbsp;<\/p>\n","protected":false},"excerpt":{"rendered":"<p>Glamour GL1527 konsoollaud esikusse. See stiilne konsoollaud, mis toetub profileeritud roostevabast terasest jalgadele, lisab teie esikusse modernset glamuuri. Lauaplaat ja alus on valmistatud harjatud taaskasutatud tammepuidust, millel on hele, naturaalse puidu toon koos valgendusega. Lauaplaadil on mustriline intarsia, mis lisab visuaalset huvi ja ainulaadsust. Konsoollaud on suurep\u00e4rane valik neile, kes hindavad nii esteetikat kui ka [&hellip;]<\/p>\n","protected":false},"featured_media":5266,"comment_status":"open","ping_status":"closed","template":"","meta":[],"product_brand":[],"product_cat":[83],"product_tag":[],"class_list":{"0":"post-5265","1":"product","2":"type-product","3":"status-publish","4":"has-post-thumbnail","6":"product_cat-konsoollauad","7":"product_shipping_class-livin-hill","8":"pa_kollektsioon-glamour","9":"pa_materjal-taaskasutatud-puit","10":"pa_varv-hall","12":"first","13":"instock","14":"sale","15":"taxable","16":"shipping-taxable","17":"purchasable","18":"product-type-simple"},"_links":{"self":[{"href":"https:\/\/blankpage.ee\/_ruumist-ruumi\/wp-json\/wp\/v2\/product\/5265","targetHints":{"allow":["GET"]}}],"collection":[{"href":"https:\/\/blankpage.ee\/_ruumist-ruumi\/wp-json\/wp\/v2\/product"}],"about":[{"href":"https:\/\/blankpage.ee\/_ruumist-ruumi\/wp-json\/wp\/v2\/types\/product"}],"replies":[{"embeddable":true,"href":"https:\/\/blankpage.ee\/_ruumist-ruumi\/wp-json\/wp\/v2\/comments?post=5265"}],"wp:featuredmedia":[{"embeddable":true,"href":"https:\/\/blankpage.ee\/_ruumist-ruumi\/wp-json\/wp\/v2\/media\/5266"}],"wp:attachment":[{"href":"https:\/\/blankpage.ee\/_ruumist-ruumi\/wp-json\/wp\/v2\/media?parent=5265"}],"wp:term":[{"taxonomy":"product_brand","embeddable":true,"href":"https:\/\/blankpage.ee\/_ruumist-ruumi\/wp-json\/wp\/v2\/product_brand?post=5265"},{"taxonomy":"product_cat","embeddable":true,"href":"https:\/\/blankpage.ee\/_ruumist-ruumi\/wp-json\/wp\/v2\/product_cat?post=5265"},{"taxonomy":"product_tag","embeddable":true,"href":"https:\/\/blankpage.ee\/_ruumist-ruumi\/wp-json\/wp\/v2\/product_tag?post=5265"}],"curies":[{"name":"wp","href":"https:\/\/api.w.org\/{rel}","templated":true}]}}