{"id":5311,"date":"2024-11-01T10:00:29","date_gmt":"2024-11-01T10:00:29","guid":{"rendered":"https:\/\/ruumistruumi.ee\/pood\/kuldne-aksentlaud-glamour-gl1715-mdf-ja-roostevabast-terasest-jalgadega\/"},"modified":"2025-04-10T11:57:10","modified_gmt":"2025-04-10T11:57:10","slug":"kuldne-korvallaud-glamour-gl1715-roostevaba-teras-mdf","status":"publish","type":"product","link":"https:\/\/blankpage.ee\/_ruumist-ruumi\/pood\/kuldne-korvallaud-glamour-gl1715-roostevaba-teras-mdf\/","title":{"rendered":"Kuldne k\u00f5rvallaud Glamour GL1715, roostevaba teras, MDF"},"content":{"rendered":"<p>Glamour GL1715 aktsentlaud elutuppa. See stiilne k\u00fclglaud lisab teie eluruumile kaasaegset elegantsi, olles samas praktiline ja mitmek\u00fclgne. Geomeetriline roostevabast terasest raam kuldsetes toonides loob pilkup\u00fc\u00fcdva aluse, millele toetub MDF-plaadist valmistatud kaheksanurkne pealis, mis j\u00e4ljendab toorest betooni.<\/p>\n<p>Omadused:<br \/>\n<strong>Materjal:<\/strong> MDF-plaadist pealis ja roostevabast terasest jalad.<br \/>\n<strong>V\u00e4rv:<\/strong> Kuldne raam ja hall betooni imitatsiooniga pealis.<br \/>\n<strong>M\u00f5\u00f5tmed:<\/strong> Laius 68 cm, s\u00fcgavus 68 cm, k\u00f5rgus 55 cm.<br \/>\n<strong>T\u00e4iendavad detailid:<\/strong> Kokkupandud, ei vaja paigaldust. S\u00e4\u00e4stab aega ja vaeva.<\/p>\n<p>&nbsp;<\/p>\n","protected":false},"excerpt":{"rendered":"<p>Glamour GL1715 aktsentlaud elutuppa. See stiilne k\u00fclglaud lisab teie eluruumile kaasaegset elegantsi, olles samas praktiline ja mitmek\u00fclgne. Geomeetriline roostevabast terasest raam kuldsetes toonides loob pilkup\u00fc\u00fcdva aluse, millele toetub MDF-plaadist valmistatud kaheksanurkne pealis, mis j\u00e4ljendab toorest betooni. Omadused: Materjal: MDF-plaadist pealis ja roostevabast terasest jalad. V\u00e4rv: Kuldne raam ja hall betooni imitatsiooniga pealis. M\u00f5\u00f5tmed: Laius 68 [&hellip;]<\/p>\n","protected":false},"featured_media":5312,"comment_status":"open","ping_status":"closed","template":"","meta":[],"product_brand":[],"product_cat":[145],"product_tag":[],"class_list":{"0":"post-5311","1":"product","2":"type-product","3":"status-publish","4":"has-post-thumbnail","6":"product_cat-lisalauad","7":"product_shipping_class-livin-hill","8":"pa_kollektsioon-glamour","9":"pa_materjal-metall","10":"pa_varv-kuldne","12":"first","13":"instock","14":"sale","15":"taxable","16":"shipping-taxable","17":"purchasable","18":"product-type-simple"},"_links":{"self":[{"href":"https:\/\/blankpage.ee\/_ruumist-ruumi\/wp-json\/wp\/v2\/product\/5311","targetHints":{"allow":["GET"]}}],"collection":[{"href":"https:\/\/blankpage.ee\/_ruumist-ruumi\/wp-json\/wp\/v2\/product"}],"about":[{"href":"https:\/\/blankpage.ee\/_ruumist-ruumi\/wp-json\/wp\/v2\/types\/product"}],"replies":[{"embeddable":true,"href":"https:\/\/blankpage.ee\/_ruumist-ruumi\/wp-json\/wp\/v2\/comments?post=5311"}],"wp:featuredmedia":[{"embeddable":true,"href":"https:\/\/blankpage.ee\/_ruumist-ruumi\/wp-json\/wp\/v2\/media\/5312"}],"wp:attachment":[{"href":"https:\/\/blankpage.ee\/_ruumist-ruumi\/wp-json\/wp\/v2\/media?parent=5311"}],"wp:term":[{"taxonomy":"product_brand","embeddable":true,"href":"https:\/\/blankpage.ee\/_ruumist-ruumi\/wp-json\/wp\/v2\/product_brand?post=5311"},{"taxonomy":"product_cat","embeddable":true,"href":"https:\/\/blankpage.ee\/_ruumist-ruumi\/wp-json\/wp\/v2\/product_cat?post=5311"},{"taxonomy":"product_tag","embeddable":true,"href":"https:\/\/blankpage.ee\/_ruumist-ruumi\/wp-json\/wp\/v2\/product_tag?post=5311"}],"curies":[{"name":"wp","href":"https:\/\/api.w.org\/{rel}","templated":true}]}}