{"id":5332,"date":"2024-11-01T10:07:36","date_gmt":"2024-11-01T10:07:36","guid":{"rendered":"https:\/\/ruumistruumi.ee\/pood\/beez-konsoollaud-livorno-liv080-paulownia-puidust\/"},"modified":"2025-07-22T17:46:43","modified_gmt":"2025-07-22T17:46:43","slug":"beez-konsoollaud-livorno-liv080-lehtpuu-puidust","status":"publish","type":"product","link":"https:\/\/blankpage.ee\/_ruumist-ruumi\/pood\/beez-konsoollaud-livorno-liv080-lehtpuu-puidust\/","title":{"rendered":"Bee\u017e konsoollaud Livorno LIV080, lehtpuu puidust"},"content":{"rendered":"<p>Livorno LIV080 konsoollaud esikusse. See stiilne ja k\u00e4sitsi v\u00e4rvitud konsoollaud toob esikusse provansaalse ja boho stiili h\u00f5ngu. Laud on valmistatud Paulownia puidust ja MDF-ist, millel on dekoratiivsed metallist messingist k\u00e4epidemed, dekoratiivsed luugid sahtlite esipaneelidel ning keeratud jalad. Korpus, pealisplaat ja soklid on kaunistatud freesitud servadega ning viimistletud ebakorrap\u00e4rase bee\u017ei tooniga, millel on valged kulutused.<\/p>\n<p>Livorno kollektsiooni kuuluv konsoollaud pakub lisaks oma kaunile v\u00e4limusele ka praktilisust, olles varustatud \u00fche riiuliga, mis pakub hoiuruumi igap\u00e4evaste esemete jaoks. Osaliselt kokkupandud konstruktsioon s\u00e4\u00e4stab aega ja vaeva, muutes paigaldamise lihtsaks. Metallist k\u00e4epidemed lisavad elegantset viimistlust ning tagavad vastupidavuse.<\/p>\n<p>Omadused:<br \/>\n<strong>Materjal:<\/strong> Paulownia puit ja MDF.<br \/>\n<strong>V\u00e4rv:<\/strong> Beez, valge kulutusega.<br \/>\n<strong>M\u00f5\u00f5tmed:<\/strong> Laius 120 cm, s\u00fcgavus 40 cm, k\u00f5rgus 80 cm.<br \/>\n<strong>T\u00e4iendavad detailid:<\/strong> \u00dcks riiul ja metallist k\u00e4epidemed.<br \/>\n<strong>Kokkupanek:<\/strong> Osaliselt kokku pandud, lihtsustades paigaldamist.<\/p>\n<p>&nbsp;<\/p>\n","protected":false},"excerpt":{"rendered":"<p>Livorno LIV080 konsoollaud esikusse. See stiilne ja k\u00e4sitsi v\u00e4rvitud konsoollaud toob esikusse provansaalse ja boho stiili h\u00f5ngu. Laud on valmistatud Paulownia puidust ja MDF-ist, millel on dekoratiivsed metallist messingist k\u00e4epidemed, dekoratiivsed luugid sahtlite esipaneelidel ning keeratud jalad. Korpus, pealisplaat ja soklid on kaunistatud freesitud servadega ning viimistletud ebakorrap\u00e4rase bee\u017ei tooniga, millel on valged kulutused. Livorno [&hellip;]<\/p>\n","protected":false},"featured_media":5333,"comment_status":"open","ping_status":"closed","template":"","meta":[],"product_brand":[],"product_cat":[83],"product_tag":[],"class_list":{"0":"post-5332","1":"product","2":"type-product","3":"status-publish","4":"has-post-thumbnail","6":"product_cat-konsoollauad","7":"product_shipping_class-livin-hill","8":"pa_kaepidemed-metall","9":"pa_kollektsioon-livorno","10":"pa_materjal-paulownia-puit","11":"pa_riiulite-arv-99","12":"pa_sahtlite-arv-95","13":"pa_varv-beez","15":"first","16":"outofstock","17":"sale","18":"taxable","19":"shipping-taxable","20":"purchasable","21":"product-type-simple"},"_links":{"self":[{"href":"https:\/\/blankpage.ee\/_ruumist-ruumi\/wp-json\/wp\/v2\/product\/5332","targetHints":{"allow":["GET"]}}],"collection":[{"href":"https:\/\/blankpage.ee\/_ruumist-ruumi\/wp-json\/wp\/v2\/product"}],"about":[{"href":"https:\/\/blankpage.ee\/_ruumist-ruumi\/wp-json\/wp\/v2\/types\/product"}],"replies":[{"embeddable":true,"href":"https:\/\/blankpage.ee\/_ruumist-ruumi\/wp-json\/wp\/v2\/comments?post=5332"}],"wp:featuredmedia":[{"embeddable":true,"href":"https:\/\/blankpage.ee\/_ruumist-ruumi\/wp-json\/wp\/v2\/media\/5333"}],"wp:attachment":[{"href":"https:\/\/blankpage.ee\/_ruumist-ruumi\/wp-json\/wp\/v2\/media?parent=5332"}],"wp:term":[{"taxonomy":"product_brand","embeddable":true,"href":"https:\/\/blankpage.ee\/_ruumist-ruumi\/wp-json\/wp\/v2\/product_brand?post=5332"},{"taxonomy":"product_cat","embeddable":true,"href":"https:\/\/blankpage.ee\/_ruumist-ruumi\/wp-json\/wp\/v2\/product_cat?post=5332"},{"taxonomy":"product_tag","embeddable":true,"href":"https:\/\/blankpage.ee\/_ruumist-ruumi\/wp-json\/wp\/v2\/product_tag?post=5332"}],"curies":[{"name":"wp","href":"https:\/\/api.w.org\/{rel}","templated":true}]}}