{"id":5344,"date":"2024-11-01T10:08:33","date_gmt":"2024-11-01T10:08:33","guid":{"rendered":"https:\/\/ruumistruumi.ee\/pood\/beez-riidekapp-savona-sav044-paulownia-puidust\/"},"modified":"2025-04-10T11:57:10","modified_gmt":"2025-04-10T11:57:10","slug":"beez-riidekapp-savona-sav044-lehtpuu-puidust","status":"publish","type":"product","link":"https:\/\/blankpage.ee\/_ruumist-ruumi\/pood\/beez-riidekapp-savona-sav044-lehtpuu-puidust\/","title":{"rendered":"Bee\u017e riidekapp Savona SAV044, lehtpuu puidust"},"content":{"rendered":"<p>Savona SAV044 garderoob magamistuppa. See Provence&#8217;i stiilis garderoob on elegantne lisand teie magamistoale, pakkudes harmoonilist kombinatsiooni kreemitoonidest ja heledast pruunist viimistlusest. Metallist dekoratiivsed k\u00e4epidemed ja kaarjad jalad lisavad sellele m\u00f6\u00f6bliesemele isikup\u00e4ra ja stiili.<\/p>\n<p>Garderoobil on kaks ust ja kolm riiulit, pakkudes piisavalt ruumi riiete ja aksessuaaride hoiustamiseks. T\u00e4nu oma kompaktsetele m\u00f5\u00f5tmetele &#8211; laius 120 cm, s\u00fcgavus 60 cm ja k\u00f5rgus 200 cm &#8211; sobib see ideaalselt erinevatesse ruumidesse, pakkudes samas piisavalt hoiuruumi.<\/p>\n<p>Valmistatud kvaliteetsest Paulownia puidust ja MDF-ist, on Savona garderoob vastupidav ja kauakestev valik. Kokkupandud, ei vaja paigaldust, s\u00e4\u00e4stes teie aega ja vaeva.<\/p>\n<p>Omadused:<br \/>\n<strong>Materjal:<\/strong> Paulownia puit ja MDF.<br \/>\n<strong>V\u00e4rv:<\/strong> Kreem heleda pruuni viimistlusega.<br \/>\n<strong>M\u00f5\u00f5tmed:<\/strong> Laius 120 cm, s\u00fcgavus 60 cm, k\u00f5rgus 200 cm.<br \/>\n<strong>T\u00e4iendavad detailid:<\/strong> Metallist k\u00e4epidemed, kolm riiulit.<br \/>\n<strong>Kokkupanek:<\/strong> Kokkupandud, ei vaja paigaldust.<\/p>\n<p>&nbsp;<\/p>\n","protected":false},"excerpt":{"rendered":"<p>Savona SAV044 garderoob magamistuppa. See Provence&#8217;i stiilis garderoob on elegantne lisand teie magamistoale, pakkudes harmoonilist kombinatsiooni kreemitoonidest ja heledast pruunist viimistlusest. Metallist dekoratiivsed k\u00e4epidemed ja kaarjad jalad lisavad sellele m\u00f6\u00f6bliesemele isikup\u00e4ra ja stiili. Garderoobil on kaks ust ja kolm riiulit, pakkudes piisavalt ruumi riiete ja aksessuaaride hoiustamiseks. T\u00e4nu oma kompaktsetele m\u00f5\u00f5tmetele &#8211; laius 120 cm, [&hellip;]<\/p>\n","protected":false},"featured_media":5345,"comment_status":"open","ping_status":"closed","template":"","meta":[],"product_brand":[],"product_cat":[257],"product_tag":[],"class_list":{"0":"post-5344","1":"product","2":"type-product","3":"status-publish","4":"has-post-thumbnail","6":"product_cat-riidekapid","7":"product_shipping_class-livin-hill","8":"pa_kaepidemed-metall","9":"pa_kollektsioon-sale","10":"pa_materjal-paulownia-puit","11":"pa_riiulite-arv-89","12":"pa_uste-arv-94","13":"pa_varv-beez","15":"first","16":"instock","17":"sale","18":"taxable","19":"shipping-taxable","20":"purchasable","21":"product-type-simple"},"_links":{"self":[{"href":"https:\/\/blankpage.ee\/_ruumist-ruumi\/wp-json\/wp\/v2\/product\/5344","targetHints":{"allow":["GET"]}}],"collection":[{"href":"https:\/\/blankpage.ee\/_ruumist-ruumi\/wp-json\/wp\/v2\/product"}],"about":[{"href":"https:\/\/blankpage.ee\/_ruumist-ruumi\/wp-json\/wp\/v2\/types\/product"}],"replies":[{"embeddable":true,"href":"https:\/\/blankpage.ee\/_ruumist-ruumi\/wp-json\/wp\/v2\/comments?post=5344"}],"wp:featuredmedia":[{"embeddable":true,"href":"https:\/\/blankpage.ee\/_ruumist-ruumi\/wp-json\/wp\/v2\/media\/5345"}],"wp:attachment":[{"href":"https:\/\/blankpage.ee\/_ruumist-ruumi\/wp-json\/wp\/v2\/media?parent=5344"}],"wp:term":[{"taxonomy":"product_brand","embeddable":true,"href":"https:\/\/blankpage.ee\/_ruumist-ruumi\/wp-json\/wp\/v2\/product_brand?post=5344"},{"taxonomy":"product_cat","embeddable":true,"href":"https:\/\/blankpage.ee\/_ruumist-ruumi\/wp-json\/wp\/v2\/product_cat?post=5344"},{"taxonomy":"product_tag","embeddable":true,"href":"https:\/\/blankpage.ee\/_ruumist-ruumi\/wp-json\/wp\/v2\/product_tag?post=5344"}],"curies":[{"name":"wp","href":"https:\/\/api.w.org\/{rel}","templated":true}]}}