{"id":5353,"date":"2024-11-01T10:09:26","date_gmt":"2024-11-01T10:09:26","guid":{"rendered":"https:\/\/ruumistruumi.ee\/pood\/tundrahall-kummut-capella-capd01-165-akatsiapuust\/"},"modified":"2025-04-10T11:57:10","modified_gmt":"2025-04-10T11:57:10","slug":"hall-kummut-capella-capd01-165-akaatsiapuidust","status":"publish","type":"product","link":"https:\/\/blankpage.ee\/_ruumist-ruumi\/pood\/hall-kummut-capella-capd01-165-akaatsiapuidust\/","title":{"rendered":"Hall kummut Capella CAPD01-165, akaatsiapuidust"},"content":{"rendered":"<p>Capella CAPD01-165 kummut elutuppa. See originaalne retrostiilis kummut on valmistatud kvaliteetsest eksootilisest akaatsiapuidust, millele lisavad iseloomu servak\u00e4epidemed ja ainulaadne Tundra Hall v\u00e4rvitoon. Kapi esipaneelidel on 3D-struktuur, mida r\u00f5hutavad horisontaalsed lamellid. Tumedast grafiidist metallist sirged jalad lisavad tootele modernset elegantsi. Kummutil on kaks ust ja neli riiulit, pakkudes piisavalt hoiuruumi erinevate esemete jaoks.<\/p>\n<p>Capella kollektsiooni kuuluv kummut on osaliselt kokku pandud, mis t\u00e4hendab, et selle paigaldamine on lihtne ja kiire. Milled k\u00e4epidemed ja pehme sulgemise mehhanism tagavad sujuva ja vaikse kasutuskogemuse. Kummuti m\u00f5\u00f5tmed on 165 cm laius, 45 cm s\u00fcgavus ja 78 cm k\u00f5rgus, muutes selle sobivaks erinevatesse eluruumidesse.<\/p>\n<p>Omadused:<br \/>\n<strong>Materjal:<\/strong> Akaatsiapuit ja MDF.<br \/>\n<strong>V\u00e4rv:<\/strong> Tundra Hall, tumedad grafiidist jalad.<br \/>\n<strong>M\u00f5\u00f5tmed:<\/strong> Laius 165 cm, s\u00fcgavus 45 cm, k\u00f5rgus 78 cm.<br \/>\n<strong>T\u00e4iendavad detailid:<\/strong> Kaks ust, neli riiulit, milled k\u00e4epidemed, pehme sulgemine.<br \/>\n<strong>Kokkupanek:<\/strong> Osaliselt kokku pandud, lihtsustades paigaldamist.<\/p>\n<p>&nbsp;<\/p>\n","protected":false},"excerpt":{"rendered":"<p>Capella CAPD01-165 kummut elutuppa. See originaalne retrostiilis kummut on valmistatud kvaliteetsest eksootilisest akaatsiapuidust, millele lisavad iseloomu servak\u00e4epidemed ja ainulaadne Tundra Hall v\u00e4rvitoon. Kapi esipaneelidel on 3D-struktuur, mida r\u00f5hutavad horisontaalsed lamellid. Tumedast grafiidist metallist sirged jalad lisavad tootele modernset elegantsi. Kummutil on kaks ust ja neli riiulit, pakkudes piisavalt hoiuruumi erinevate esemete jaoks. Capella kollektsiooni kuuluv [&hellip;]<\/p>\n","protected":false},"featured_media":5354,"comment_status":"open","ping_status":"closed","template":"","meta":[],"product_brand":[],"product_cat":[81],"product_tag":[],"class_list":{"0":"post-5353","1":"product","2":"type-product","3":"status-publish","4":"has-post-thumbnail","6":"product_cat-kapid-riiulid-ja-kummutid","7":"product_shipping_class-livin-hill","8":"pa_kaepidemed-freesitud-kaepidemed","9":"pa_kollektsioon-capella","10":"pa_materjal-akaatsiapuit","11":"pa_riiulite-arv-110","12":"pa_sahtlite-arv-87","13":"pa_uste-arv-94","14":"pa_varv-hall","16":"first","17":"instock","18":"sale","19":"taxable","20":"shipping-taxable","21":"purchasable","22":"product-type-simple"},"_links":{"self":[{"href":"https:\/\/blankpage.ee\/_ruumist-ruumi\/wp-json\/wp\/v2\/product\/5353","targetHints":{"allow":["GET"]}}],"collection":[{"href":"https:\/\/blankpage.ee\/_ruumist-ruumi\/wp-json\/wp\/v2\/product"}],"about":[{"href":"https:\/\/blankpage.ee\/_ruumist-ruumi\/wp-json\/wp\/v2\/types\/product"}],"replies":[{"embeddable":true,"href":"https:\/\/blankpage.ee\/_ruumist-ruumi\/wp-json\/wp\/v2\/comments?post=5353"}],"wp:featuredmedia":[{"embeddable":true,"href":"https:\/\/blankpage.ee\/_ruumist-ruumi\/wp-json\/wp\/v2\/media\/5354"}],"wp:attachment":[{"href":"https:\/\/blankpage.ee\/_ruumist-ruumi\/wp-json\/wp\/v2\/media?parent=5353"}],"wp:term":[{"taxonomy":"product_brand","embeddable":true,"href":"https:\/\/blankpage.ee\/_ruumist-ruumi\/wp-json\/wp\/v2\/product_brand?post=5353"},{"taxonomy":"product_cat","embeddable":true,"href":"https:\/\/blankpage.ee\/_ruumist-ruumi\/wp-json\/wp\/v2\/product_cat?post=5353"},{"taxonomy":"product_tag","embeddable":true,"href":"https:\/\/blankpage.ee\/_ruumist-ruumi\/wp-json\/wp\/v2\/product_tag?post=5353"}],"curies":[{"name":"wp","href":"https:\/\/api.w.org\/{rel}","templated":true}]}}