{"id":5374,"date":"2024-11-01T10:10:34","date_gmt":"2024-11-01T10:10:34","guid":{"rendered":"https:\/\/ruumistruumi.ee\/pood\/tundrahall-soogilaud-capella-capd05-200-akatsiapuust\/"},"modified":"2025-04-10T11:57:11","modified_gmt":"2025-04-10T11:57:11","slug":"hall-soogilaud-capella-capd05-200-akaatsiapuidust","status":"publish","type":"product","link":"https:\/\/blankpage.ee\/_ruumist-ruumi\/pood\/hall-soogilaud-capella-capd05-200-akaatsiapuidust\/","title":{"rendered":"Hall s\u00f6\u00f6gilaud Capella CAPD05-200, akaatsiapuidust"},"content":{"rendered":"<p>Capella CAPD05-200 s\u00f6\u00f6gilaud s\u00f6\u00f6gituppa. See ainulaadne massiivne laud retro stiilis on valmistatud kvaliteetsest eksootilisest akaatsiapuidust, millel on eriline Tundra Gray toon. Tumedad grafiidi v\u00e4rvi metallist sirged jalad lisavad lauale stabiilsust ja kaasaegset h\u00f5ngu. <\/p>\n<p>Capella kollektsiooni kuuluv s\u00f6\u00f6gilaud on ideaalne valik neile, kes hindavad kvaliteetset k\u00e4sit\u00f6\u00f6d ja ajatut disaini. Laua pind on piisavalt suur, et mahutada mugavalt kogu pere v\u00f5i s\u00f5pruskond, pakkudes samas elegantset v\u00e4limust, mis t\u00e4iendab iga s\u00f6\u00f6gitoa interj\u00f6\u00f6ri. <\/p>\n<p>Omadused:<br \/>\n<strong>Materjal:<\/strong> Akaatsiapuit ja MDF.<br \/>\n<strong>V\u00e4rv:<\/strong> Tundra Gray lauaplaat ja tumedad grafiidi v\u00e4rvi jalad.<br \/>\n<strong>M\u00f5\u00f5tmed:<\/strong> Laua laius 200 cm, s\u00fcgavus 100 cm, k\u00f5rgus 76 cm.<br \/>\n<strong>T\u00e4iendavad detailid:<\/strong> Osaliselt kokku pandud, ei vaja paigaldust. S\u00e4\u00e4stab aega ja vaeva.<\/p>\n<p>&nbsp;<\/p>\n","protected":false},"excerpt":{"rendered":"<p>Capella CAPD05-200 s\u00f6\u00f6gilaud s\u00f6\u00f6gituppa. See ainulaadne massiivne laud retro stiilis on valmistatud kvaliteetsest eksootilisest akaatsiapuidust, millel on eriline Tundra Gray toon. Tumedad grafiidi v\u00e4rvi metallist sirged jalad lisavad lauale stabiilsust ja kaasaegset h\u00f5ngu. Capella kollektsiooni kuuluv s\u00f6\u00f6gilaud on ideaalne valik neile, kes hindavad kvaliteetset k\u00e4sit\u00f6\u00f6d ja ajatut disaini. Laua pind on piisavalt suur, et mahutada [&hellip;]<\/p>\n","protected":false},"featured_media":5375,"comment_status":"open","ping_status":"closed","template":"","meta":[],"product_brand":[],"product_cat":[71],"product_tag":[],"class_list":{"0":"post-5374","1":"product","2":"type-product","3":"status-publish","4":"has-post-thumbnail","6":"product_cat-moobel","7":"product_shipping_class-livin-hill","8":"pa_kollektsioon-capella","9":"pa_materjal-akaatsiapuit","10":"pa_varv-hall","12":"first","13":"instock","14":"sale","15":"taxable","16":"shipping-taxable","17":"purchasable","18":"product-type-simple"},"_links":{"self":[{"href":"https:\/\/blankpage.ee\/_ruumist-ruumi\/wp-json\/wp\/v2\/product\/5374","targetHints":{"allow":["GET"]}}],"collection":[{"href":"https:\/\/blankpage.ee\/_ruumist-ruumi\/wp-json\/wp\/v2\/product"}],"about":[{"href":"https:\/\/blankpage.ee\/_ruumist-ruumi\/wp-json\/wp\/v2\/types\/product"}],"replies":[{"embeddable":true,"href":"https:\/\/blankpage.ee\/_ruumist-ruumi\/wp-json\/wp\/v2\/comments?post=5374"}],"wp:featuredmedia":[{"embeddable":true,"href":"https:\/\/blankpage.ee\/_ruumist-ruumi\/wp-json\/wp\/v2\/media\/5375"}],"wp:attachment":[{"href":"https:\/\/blankpage.ee\/_ruumist-ruumi\/wp-json\/wp\/v2\/media?parent=5374"}],"wp:term":[{"taxonomy":"product_brand","embeddable":true,"href":"https:\/\/blankpage.ee\/_ruumist-ruumi\/wp-json\/wp\/v2\/product_brand?post=5374"},{"taxonomy":"product_cat","embeddable":true,"href":"https:\/\/blankpage.ee\/_ruumist-ruumi\/wp-json\/wp\/v2\/product_cat?post=5374"},{"taxonomy":"product_tag","embeddable":true,"href":"https:\/\/blankpage.ee\/_ruumist-ruumi\/wp-json\/wp\/v2\/product_tag?post=5374"}],"curies":[{"name":"wp","href":"https:\/\/api.w.org\/{rel}","templated":true}]}}