{"id":5459,"date":"2024-11-01T10:16:21","date_gmt":"2024-11-01T10:16:21","guid":{"rendered":"https:\/\/ruumistruumi.ee\/pood\/liivakarva-soogilaud-flow-flod05-200-akatsiapuust\/"},"modified":"2025-06-17T08:57:08","modified_gmt":"2025-06-17T08:57:08","slug":"helepruun-soogilaud-flow-flod05-200-akaatsiapuidust","status":"publish","type":"product","link":"https:\/\/blankpage.ee\/_ruumist-ruumi\/pood\/helepruun-soogilaud-flow-flod05-200-akaatsiapuidust\/","title":{"rendered":"Helepruun s\u00f6\u00f6gilaud Flow FLOD05-200, akaatsiapuidust"},"content":{"rendered":"<p>Flow FLOD05-200 s\u00f6\u00f6gilaud s\u00f6\u00f6gituppa. See originaalne ja massiivne laud on valmistatud kvaliteetsest harjatud eksootilisest akaatsiapuidust, mis lisab igale s\u00f6\u00f6gitoale isikup\u00e4ra ja soojust. Lihtsad, h\u00f5\u00f5rutud grafiitv\u00e4rvi metallist jalad moodustavad U-kuju, \u00fchendudes omavahel keskmises alumises osas, pakkudes stabiilsust ja kaasaegset stiili. Lauaplaat on liivakarva puidu toonis, mis toob ruumi soojust ja naturaalset ilu.<\/p>\n<p>Omadused:<br \/>\n<strong>Materjal:<\/strong> Akaatsiapuit ja MDF.<br \/>\n<strong>V\u00e4rv:<\/strong> Liivakarva lauaplaat ja grafiitv\u00e4rvi jalad.<br \/>\n<strong>M\u00f5\u00f5tmed:<\/strong> Laua laius 200 cm, s\u00fcgavus 100 cm, k\u00f5rgus 76 cm.<br \/>\n<strong>T\u00e4iendavad detailid:<\/strong> Laua osaliselt kokkupandud disain s\u00e4\u00e4stab aega ja vaeva.<\/p>\n<p>&nbsp;<\/p>\n","protected":false},"excerpt":{"rendered":"<p>Flow FLOD05-200 s\u00f6\u00f6gilaud s\u00f6\u00f6gituppa. See originaalne ja massiivne laud on valmistatud kvaliteetsest harjatud eksootilisest akaatsiapuidust, mis lisab igale s\u00f6\u00f6gitoale isikup\u00e4ra ja soojust. Lihtsad, h\u00f5\u00f5rutud grafiitv\u00e4rvi metallist jalad moodustavad U-kuju, \u00fchendudes omavahel keskmises alumises osas, pakkudes stabiilsust ja kaasaegset stiili. Lauaplaat on liivakarva puidu toonis, mis toob ruumi soojust ja naturaalset ilu. Omadused: Materjal: Akaatsiapuit ja [&hellip;]<\/p>\n","protected":false},"featured_media":5460,"comment_status":"open","ping_status":"closed","template":"","meta":[],"product_brand":[],"product_cat":[93],"product_tag":[],"class_list":{"0":"post-5459","1":"product","2":"type-product","3":"status-publish","4":"has-post-thumbnail","6":"product_cat-soogilauad","7":"product_shipping_class-livin-hill","8":"pa_kollektsioon-flow","9":"pa_materjal-akaatsiapuit","10":"pa_varv-helepruun","12":"first","13":"instock","14":"sale","15":"taxable","16":"shipping-taxable","17":"purchasable","18":"product-type-simple"},"_links":{"self":[{"href":"https:\/\/blankpage.ee\/_ruumist-ruumi\/wp-json\/wp\/v2\/product\/5459","targetHints":{"allow":["GET"]}}],"collection":[{"href":"https:\/\/blankpage.ee\/_ruumist-ruumi\/wp-json\/wp\/v2\/product"}],"about":[{"href":"https:\/\/blankpage.ee\/_ruumist-ruumi\/wp-json\/wp\/v2\/types\/product"}],"replies":[{"embeddable":true,"href":"https:\/\/blankpage.ee\/_ruumist-ruumi\/wp-json\/wp\/v2\/comments?post=5459"}],"wp:featuredmedia":[{"embeddable":true,"href":"https:\/\/blankpage.ee\/_ruumist-ruumi\/wp-json\/wp\/v2\/media\/5460"}],"wp:attachment":[{"href":"https:\/\/blankpage.ee\/_ruumist-ruumi\/wp-json\/wp\/v2\/media?parent=5459"}],"wp:term":[{"taxonomy":"product_brand","embeddable":true,"href":"https:\/\/blankpage.ee\/_ruumist-ruumi\/wp-json\/wp\/v2\/product_brand?post=5459"},{"taxonomy":"product_cat","embeddable":true,"href":"https:\/\/blankpage.ee\/_ruumist-ruumi\/wp-json\/wp\/v2\/product_cat?post=5459"},{"taxonomy":"product_tag","embeddable":true,"href":"https:\/\/blankpage.ee\/_ruumist-ruumi\/wp-json\/wp\/v2\/product_tag?post=5459"}],"curies":[{"name":"wp","href":"https:\/\/api.w.org\/{rel}","templated":true}]}}