{"id":5504,"date":"2024-11-01T10:19:45","date_gmt":"2024-11-01T10:19:45","guid":{"rendered":"https:\/\/ruumistruumi.ee\/pood\/liivakarva-ookapp-flow-flob02a-akatsiapuust\/"},"modified":"2025-07-15T18:41:43","modified_gmt":"2025-07-15T18:41:43","slug":"liivakarva-ookapp-flow-flob02a-akatsiapuust","status":"publish","type":"product","link":"https:\/\/blankpage.ee\/_ruumist-ruumi\/pood\/liivakarva-ookapp-flow-flob02a-akatsiapuust\/","title":{"rendered":"Helepruun \u00f6\u00f6kapp Flow FLOB02A, akaatsiapuidust"},"content":{"rendered":"<p>Flow FLOB02A \u00f6\u00f6kapp magamistuppa. See elegantne ja funktsionaalne \u00f6\u00f6kapp on osa Flow kollektsioonist, tuues teie magamistuppa ainulaadse loft-stiili. Valmistatud kvaliteetsest harjatud eksootilisest akaatsiapuidust, millele lisavad iseloomu graafilise tooniga lihtsad metallist jalad. Kapi esik\u00fcljed ja k\u00fcljeelemendid on liivakarva toonis, luues sooja ja kutsuva atmosf\u00e4\u00e4ri.<\/p>\n<p>Flow FLOB02A \u00f6\u00f6kapp on praktiline ja stiilne valik, millel on \u00fcks riiul, pakkudes mugavat hoiuruumi. Kapi k\u00e4epidemed on peenelt freesitud, lisades disainile kaasaegset elegantsi. Pehme sulgumise mehhanism tagab sujuva ja vaikse kasutamise, muutes selle ideaalseks kaaslaseks igasse magamistuppa.<\/p>\n<p>Omadused:<br \/>\n<strong>Materjal:<\/strong> Akaatsiapuit ja MDF.<br \/>\n<strong>V\u00e4rv:<\/strong> Liivakarva toon ja graafilised jalad.<br \/>\n<strong>M\u00f5\u00f5tmed:<\/strong> Laius 55 cm, s\u00fcgavus 40 cm, k\u00f5rgus 60 cm.<br \/>\n<strong>T\u00e4iendavad detailid:<\/strong> Pehme sulgumise mehhanism ja freesitud k\u00e4epidemed.<br \/>\n<strong>Kokkupanek:<\/strong> Kokkupandud, ei vaja paigaldust. S\u00e4\u00e4stab aega ja vaeva.<\/p>\n<p>&nbsp;<\/p>\n","protected":false},"excerpt":{"rendered":"<p>Flow FLOB02A \u00f6\u00f6kapp magamistuppa. See elegantne ja funktsionaalne \u00f6\u00f6kapp on osa Flow kollektsioonist, tuues teie magamistuppa ainulaadse loft-stiili. Valmistatud kvaliteetsest harjatud eksootilisest akaatsiapuidust, millele lisavad iseloomu graafilise tooniga lihtsad metallist jalad. Kapi esik\u00fcljed ja k\u00fcljeelemendid on liivakarva toonis, luues sooja ja kutsuva atmosf\u00e4\u00e4ri. Flow FLOB02A \u00f6\u00f6kapp on praktiline ja stiilne valik, millel on \u00fcks riiul, [&hellip;]<\/p>\n","protected":false},"featured_media":5505,"comment_status":"open","ping_status":"closed","template":"","meta":[],"product_brand":[],"product_cat":[92],"product_tag":[],"class_list":{"0":"post-5504","1":"product","2":"type-product","3":"status-publish","4":"has-post-thumbnail","6":"product_cat-ookapid","7":"product_shipping_class-livin-hill","8":"pa_kaepidemed-freesitud-kaepidemed","9":"pa_kollektsioon-flow","10":"pa_materjal-akaatsiapuit","11":"pa_riiulite-arv-99","12":"pa_sahtlite-arv-87","13":"pa_varv-helepruun","15":"first","16":"outofstock","17":"sale","18":"taxable","19":"shipping-taxable","20":"purchasable","21":"product-type-simple"},"_links":{"self":[{"href":"https:\/\/blankpage.ee\/_ruumist-ruumi\/wp-json\/wp\/v2\/product\/5504","targetHints":{"allow":["GET"]}}],"collection":[{"href":"https:\/\/blankpage.ee\/_ruumist-ruumi\/wp-json\/wp\/v2\/product"}],"about":[{"href":"https:\/\/blankpage.ee\/_ruumist-ruumi\/wp-json\/wp\/v2\/types\/product"}],"replies":[{"embeddable":true,"href":"https:\/\/blankpage.ee\/_ruumist-ruumi\/wp-json\/wp\/v2\/comments?post=5504"}],"wp:featuredmedia":[{"embeddable":true,"href":"https:\/\/blankpage.ee\/_ruumist-ruumi\/wp-json\/wp\/v2\/media\/5505"}],"wp:attachment":[{"href":"https:\/\/blankpage.ee\/_ruumist-ruumi\/wp-json\/wp\/v2\/media?parent=5504"}],"wp:term":[{"taxonomy":"product_brand","embeddable":true,"href":"https:\/\/blankpage.ee\/_ruumist-ruumi\/wp-json\/wp\/v2\/product_brand?post=5504"},{"taxonomy":"product_cat","embeddable":true,"href":"https:\/\/blankpage.ee\/_ruumist-ruumi\/wp-json\/wp\/v2\/product_cat?post=5504"},{"taxonomy":"product_tag","embeddable":true,"href":"https:\/\/blankpage.ee\/_ruumist-ruumi\/wp-json\/wp\/v2\/product_tag?post=5504"}],"curies":[{"name":"wp","href":"https:\/\/api.w.org\/{rel}","templated":true}]}}