{"id":5514,"date":"2024-11-01T10:20:18","date_gmt":"2024-11-01T10:20:18","guid":{"rendered":"https:\/\/ruumistruumi.ee\/pood\/liivakarva-ookapp-flow-flob02b-akatsiapuust\/"},"modified":"2025-04-10T11:57:15","modified_gmt":"2025-04-10T11:57:15","slug":"helepruun-ookapp-flow-flob02b-akaatsiapuidust","status":"publish","type":"product","link":"https:\/\/blankpage.ee\/_ruumist-ruumi\/pood\/helepruun-ookapp-flow-flob02b-akaatsiapuidust\/","title":{"rendered":"Helepruun \u00f6\u00f6kapp Flow FLOB02B, akaatsiapuidust"},"content":{"rendered":"<p>Flow FLOB02B \u00f6\u00f6kapp magamistuppa. See ainulaadne ja kvaliteetne \u00f6\u00f6kapp on valmistatud harjatud eksootilisest akaatsiapuidust, mis lisab teie magamistoale soojust ja iseloomu. Loft-stiilis disain koos lihtsate, grafiiditooni metalljalgadega loob harmoonilise ja kaasaegse ilme. Kapi esipaneelid ja k\u00fcljeelemendid on liivakarva toonis, tuues esile puidu loomuliku ilu.<\/p>\n<p>Flow kollektsiooni kuuluv \u00f6\u00f6kapp on praktiline ja stiilne lisand, millel on pehmed sulgemismehhanismid ja freesitud k\u00e4epidemed, mis tagavad mugava kasutamise. Kapp on kokkupandud, ei vaja paigaldust, s\u00e4\u00e4stes teie aega ja vaeva.<\/p>\n<p>Omadused:<br \/>\n<strong>Materjal:<\/strong> Akaatsiapuit ja MDF.<br \/>\n<strong>V\u00e4rv:<\/strong> Liivakarva toonis esipaneelid ja grafiiditooni jalad.<br \/>\n<strong>M\u00f5\u00f5tmed:<\/strong> Laius 55 cm, s\u00fcgavus 40 cm, k\u00f5rgus 60 cm.<br \/>\n<strong>T\u00e4iendavad detailid:<\/strong> Pehme sulgemise mehhanism ja freesitud k\u00e4epidemed.<br \/>\n<strong>Kokkupanek:<\/strong> Kokkupandud, ei vaja paigaldust. S\u00e4\u00e4stab aega ja vaeva.<\/p>\n<p>&nbsp;<\/p>\n","protected":false},"excerpt":{"rendered":"<p>Flow FLOB02B \u00f6\u00f6kapp magamistuppa. See ainulaadne ja kvaliteetne \u00f6\u00f6kapp on valmistatud harjatud eksootilisest akaatsiapuidust, mis lisab teie magamistoale soojust ja iseloomu. Loft-stiilis disain koos lihtsate, grafiiditooni metalljalgadega loob harmoonilise ja kaasaegse ilme. Kapi esipaneelid ja k\u00fcljeelemendid on liivakarva toonis, tuues esile puidu loomuliku ilu. Flow kollektsiooni kuuluv \u00f6\u00f6kapp on praktiline ja stiilne lisand, millel on [&hellip;]<\/p>\n","protected":false},"featured_media":5515,"comment_status":"open","ping_status":"closed","template":"","meta":[],"product_brand":[],"product_cat":[92],"product_tag":[],"class_list":{"0":"post-5514","1":"product","2":"type-product","3":"status-publish","4":"has-post-thumbnail","6":"product_cat-ookapid","7":"product_shipping_class-livin-hill","8":"pa_kaepidemed-freesitud-kaepidemed","9":"pa_kollektsioon-flow","10":"pa_materjal-akaatsiapuit","11":"pa_sahtlite-arv-74","12":"pa_varv-helepruun","14":"first","15":"instock","16":"sale","17":"taxable","18":"shipping-taxable","19":"purchasable","20":"product-type-simple"},"_links":{"self":[{"href":"https:\/\/blankpage.ee\/_ruumist-ruumi\/wp-json\/wp\/v2\/product\/5514","targetHints":{"allow":["GET"]}}],"collection":[{"href":"https:\/\/blankpage.ee\/_ruumist-ruumi\/wp-json\/wp\/v2\/product"}],"about":[{"href":"https:\/\/blankpage.ee\/_ruumist-ruumi\/wp-json\/wp\/v2\/types\/product"}],"replies":[{"embeddable":true,"href":"https:\/\/blankpage.ee\/_ruumist-ruumi\/wp-json\/wp\/v2\/comments?post=5514"}],"wp:featuredmedia":[{"embeddable":true,"href":"https:\/\/blankpage.ee\/_ruumist-ruumi\/wp-json\/wp\/v2\/media\/5515"}],"wp:attachment":[{"href":"https:\/\/blankpage.ee\/_ruumist-ruumi\/wp-json\/wp\/v2\/media?parent=5514"}],"wp:term":[{"taxonomy":"product_brand","embeddable":true,"href":"https:\/\/blankpage.ee\/_ruumist-ruumi\/wp-json\/wp\/v2\/product_brand?post=5514"},{"taxonomy":"product_cat","embeddable":true,"href":"https:\/\/blankpage.ee\/_ruumist-ruumi\/wp-json\/wp\/v2\/product_cat?post=5514"},{"taxonomy":"product_tag","embeddable":true,"href":"https:\/\/blankpage.ee\/_ruumist-ruumi\/wp-json\/wp\/v2\/product_tag?post=5514"}],"curies":[{"name":"wp","href":"https:\/\/api.w.org\/{rel}","templated":true}]}}