{"id":5532,"date":"2024-11-01T10:22:44","date_gmt":"2024-11-01T10:22:44","guid":{"rendered":"https:\/\/ruumistruumi.ee\/pood\/valge-konsoollaud-rimini-white-riw033-paulownia-puidust\/"},"modified":"2025-07-15T18:41:44","modified_gmt":"2025-07-15T18:41:44","slug":"valge-konsoollaud-rimini-white-riw033-lehtpuu-puidust","status":"publish","type":"product","link":"https:\/\/blankpage.ee\/_ruumist-ruumi\/pood\/valge-konsoollaud-rimini-white-riw033-lehtpuu-puidust\/","title":{"rendered":"Valge konsoollaud Rimini White RIW033, lehtpuu puidust"},"content":{"rendered":"<p>Rimini White RIW033 konsoollaud esikusse. See elegantne konsoollaud on disainitud Provencali stiilis, pakkudes teie esikule ajatut v\u00f5lu. Valged nikerdused ja tumedast pruunist puitlaastust t\u00f6\u00f6tasapind loovad kauni kontrasti, mis t\u00f5stab esile selle m\u00f6\u00f6blieseme unikaalsuse. Metallist k\u00e4epidemed ja kaardus jalad lisavad detaili, mis muudab selle laua t\u00f5eliselt eriliseks.<\/p>\n<p>Konsoollaud on valmistatud kvaliteetsest Paulownia puidust ja MDF-ist, tagades vastupidavuse ja pikaealisuse. Laua looduslik, pleegitatud spoon koos n\u00e4htavate oksakohtadega lisab sellele loomuliku ja maal\u00e4hedase ilme. Osaliselt kokkupandud, ei vaja paigaldust, s\u00e4\u00e4stab aega ja vaeva, v\u00f5imaldades teil nautida selle ilu kohe.<\/p>\n<p>Omadused:<br \/>\n<strong>Materjal:<\/strong> Paulownia puit ja MDF.<br \/>\n<strong>V\u00e4rv:<\/strong> Valge, tumepruun t\u00f6\u00f6tasapind, pealisv\u00e4rv: pruun.<br \/>\n<strong>M\u00f5\u00f5tmed:<\/strong> Laius 80 cm, s\u00fcgavus 30 cm, k\u00f5rgus 80 cm.<br \/>\n<strong>T\u00e4iendavad detailid:<\/strong> Metallist k\u00e4epidemed ja looduslik, pleegitatud spoon.<br \/>\n<strong>Kokkupanek:<\/strong> Osaliselt kokkupandud, ei vaja paigaldust.<\/p>\n<p>&nbsp;<\/p>\n","protected":false},"excerpt":{"rendered":"<p>Rimini White RIW033 konsoollaud esikusse. See elegantne konsoollaud on disainitud Provencali stiilis, pakkudes teie esikule ajatut v\u00f5lu. Valged nikerdused ja tumedast pruunist puitlaastust t\u00f6\u00f6tasapind loovad kauni kontrasti, mis t\u00f5stab esile selle m\u00f6\u00f6blieseme unikaalsuse. Metallist k\u00e4epidemed ja kaardus jalad lisavad detaili, mis muudab selle laua t\u00f5eliselt eriliseks. Konsoollaud on valmistatud kvaliteetsest Paulownia puidust ja MDF-ist, tagades [&hellip;]<\/p>\n","protected":false},"featured_media":5533,"comment_status":"open","ping_status":"closed","template":"","meta":[],"product_brand":[],"product_cat":[83],"product_tag":[],"class_list":{"0":"post-5532","1":"product","2":"type-product","3":"status-publish","4":"has-post-thumbnail","6":"product_cat-konsoollauad","7":"product_shipping_class-livin-hill","8":"pa_kaepidemed-metall","9":"pa_kollektsioon-rimini-white","10":"pa_materjal-paulownia-puit","11":"pa_sahtlite-arv-87","12":"pa_varv-valge","14":"first","15":"outofstock","16":"sale","17":"taxable","18":"shipping-taxable","19":"purchasable","20":"product-type-simple"},"_links":{"self":[{"href":"https:\/\/blankpage.ee\/_ruumist-ruumi\/wp-json\/wp\/v2\/product\/5532","targetHints":{"allow":["GET"]}}],"collection":[{"href":"https:\/\/blankpage.ee\/_ruumist-ruumi\/wp-json\/wp\/v2\/product"}],"about":[{"href":"https:\/\/blankpage.ee\/_ruumist-ruumi\/wp-json\/wp\/v2\/types\/product"}],"replies":[{"embeddable":true,"href":"https:\/\/blankpage.ee\/_ruumist-ruumi\/wp-json\/wp\/v2\/comments?post=5532"}],"wp:featuredmedia":[{"embeddable":true,"href":"https:\/\/blankpage.ee\/_ruumist-ruumi\/wp-json\/wp\/v2\/media\/5533"}],"wp:attachment":[{"href":"https:\/\/blankpage.ee\/_ruumist-ruumi\/wp-json\/wp\/v2\/media?parent=5532"}],"wp:term":[{"taxonomy":"product_brand","embeddable":true,"href":"https:\/\/blankpage.ee\/_ruumist-ruumi\/wp-json\/wp\/v2\/product_brand?post=5532"},{"taxonomy":"product_cat","embeddable":true,"href":"https:\/\/blankpage.ee\/_ruumist-ruumi\/wp-json\/wp\/v2\/product_cat?post=5532"},{"taxonomy":"product_tag","embeddable":true,"href":"https:\/\/blankpage.ee\/_ruumist-ruumi\/wp-json\/wp\/v2\/product_tag?post=5532"}],"curies":[{"name":"wp","href":"https:\/\/api.w.org\/{rel}","templated":true}]}}