{"id":5540,"date":"2024-11-01T10:24:27","date_gmt":"2024-11-01T10:24:27","guid":{"rendered":"https:\/\/ruumistruumi.ee\/pood\/beez-seinapeegel-rimini-ri055-paulownia-puidust-mdf\/"},"modified":"2025-06-17T08:57:12","modified_gmt":"2025-06-17T08:57:12","slug":"beez-seinapeegel-rimini-ri055-lehtpuu-puidust","status":"publish","type":"product","link":"https:\/\/blankpage.ee\/_ruumist-ruumi\/pood\/beez-seinapeegel-rimini-ri055-lehtpuu-puidust\/","title":{"rendered":"Bee\u017e seinapeegel Rimini RI055, lehtpuu puidust"},"content":{"rendered":"<p>Rimini RI055 seinapeegel dekoratsioonideks. See peegel lisab igale ruumile elegantset Provencali stiili, tuues esile ruumi loomuliku ilu. Kreemjas toon ja delikaatsed detailid muudavad selle peegli silmapaistvaks elemendiks, mis sobitub suurep\u00e4raselt nii klassikalisse kui ka modernsesse interj\u00f6\u00f6ri.<\/p>\n<p>Peegel on valmistatud kvaliteetsest Paulownia puidust ja MDF-ist, tagades vastupidavuse ja pikaealisuse. Selle m\u00f5\u00f5tmed on 91 cm laiuses ja k\u00f5rguses ning 2 cm s\u00fcgavuses, mis teeb sellest ideaalse valiku nii v\u00e4iksematesse kui ka avaramatesse ruumidesse. Rimini kollektsiooni kuuluv peegel on kokkupandud, ei vaja paigaldust, s\u00e4\u00e4stes aega ja vaeva.<\/p>\n<p>Omadused:<br \/>\n<strong>Materjal:<\/strong> Paulownia puit ja MDF.<br \/>\n<strong>V\u00e4rv:<\/strong> Kreemjas toon.<br \/>\n<strong>M\u00f5\u00f5tmed:<\/strong> Laius 91 cm, s\u00fcgavus 2 cm, k\u00f5rgus 91 cm.<br \/>\n<strong>T\u00e4iendavad detailid:<\/strong> Rimini kollektsioon, valmis kasutamiseks.<\/p>\n<p>&nbsp;<\/p>\n","protected":false},"excerpt":{"rendered":"<p>Rimini RI055 seinapeegel dekoratsioonideks. See peegel lisab igale ruumile elegantset Provencali stiili, tuues esile ruumi loomuliku ilu. Kreemjas toon ja delikaatsed detailid muudavad selle peegli silmapaistvaks elemendiks, mis sobitub suurep\u00e4raselt nii klassikalisse kui ka modernsesse interj\u00f6\u00f6ri. Peegel on valmistatud kvaliteetsest Paulownia puidust ja MDF-ist, tagades vastupidavuse ja pikaealisuse. Selle m\u00f5\u00f5tmed on 91 cm laiuses ja [&hellip;]<\/p>\n","protected":false},"featured_media":5541,"comment_status":"open","ping_status":"closed","template":"","meta":[],"product_brand":[],"product_cat":[104],"product_tag":[],"class_list":{"0":"post-5540","1":"product","2":"type-product","3":"status-publish","4":"has-post-thumbnail","6":"product_cat-peeglid","7":"product_shipping_class-livin-hill","8":"pa_kollektsioon-rimini","9":"pa_materjal-paulownia-puit","10":"pa_varv-beez","12":"first","13":"instock","14":"sale","15":"taxable","16":"shipping-taxable","17":"purchasable","18":"product-type-simple"},"_links":{"self":[{"href":"https:\/\/blankpage.ee\/_ruumist-ruumi\/wp-json\/wp\/v2\/product\/5540","targetHints":{"allow":["GET"]}}],"collection":[{"href":"https:\/\/blankpage.ee\/_ruumist-ruumi\/wp-json\/wp\/v2\/product"}],"about":[{"href":"https:\/\/blankpage.ee\/_ruumist-ruumi\/wp-json\/wp\/v2\/types\/product"}],"replies":[{"embeddable":true,"href":"https:\/\/blankpage.ee\/_ruumist-ruumi\/wp-json\/wp\/v2\/comments?post=5540"}],"wp:featuredmedia":[{"embeddable":true,"href":"https:\/\/blankpage.ee\/_ruumist-ruumi\/wp-json\/wp\/v2\/media\/5541"}],"wp:attachment":[{"href":"https:\/\/blankpage.ee\/_ruumist-ruumi\/wp-json\/wp\/v2\/media?parent=5540"}],"wp:term":[{"taxonomy":"product_brand","embeddable":true,"href":"https:\/\/blankpage.ee\/_ruumist-ruumi\/wp-json\/wp\/v2\/product_brand?post=5540"},{"taxonomy":"product_cat","embeddable":true,"href":"https:\/\/blankpage.ee\/_ruumist-ruumi\/wp-json\/wp\/v2\/product_cat?post=5540"},{"taxonomy":"product_tag","embeddable":true,"href":"https:\/\/blankpage.ee\/_ruumist-ruumi\/wp-json\/wp\/v2\/product_tag?post=5540"}],"curies":[{"name":"wp","href":"https:\/\/api.w.org\/{rel}","templated":true}]}}