{"id":5552,"date":"2024-11-01T10:25:42","date_gmt":"2024-11-01T10:25:42","guid":{"rendered":"https:\/\/ruumistruumi.ee\/pood\/beez-kummut-rimini-ri032s-paulownia-puidust\/"},"modified":"2025-07-22T17:46:46","modified_gmt":"2025-07-22T17:46:46","slug":"beez-kummut-rimini-ri032s-lehtpuu-puidust","status":"publish","type":"product","link":"https:\/\/blankpage.ee\/_ruumist-ruumi\/pood\/beez-kummut-rimini-ri032s-lehtpuu-puidust\/","title":{"rendered":"Bee\u017e kummut Rimini RI032S, lehtpuu puidust"},"content":{"rendered":"<p>Rimini RI032S kapp elutuppa. See elegantne vitriinkapp on osa Rimini kollektsioonist, tuues teie elutuppa Provence&#8217;i stiili v\u00f5lu. Kapi kreemjas toon koos heleda pruuni pealispinna ja viimistlusega loob harmoonilise ja sooja atmosf\u00e4\u00e4ri. Metallist karbikujulised k\u00e4epidemed ja kaardus jalad lisavad sellele m\u00f6\u00f6bliesemele ainulaadset iseloomu.<\/p>\n<p>Rimini RI032S kapp on valmistatud kvaliteetsest Paulownia puidust ja MDF-ist, tagades vastupidavuse ja pikaealisuse. Kaks ust ja \u00fcks riiul pakuvad piisavalt hoiuruumi, et hoida teie elutuba korras ja organiseeritud. Kapp on kokkupandud, ei vaja paigaldust, s\u00e4\u00e4stes teie aega ja vaeva.<\/p>\n<p>Omadused:<br \/>\n<strong>Materjal:<\/strong> Paulownia puit ja MDF.<br \/>\n<strong>V\u00e4rv:<\/strong> Kreemjas, pealispind ja viimistlus hele pruun.<br \/>\n<strong>M\u00f5\u00f5tmed:<\/strong> Laius 120 cm, s\u00fcgavus 40 cm, k\u00f5rgus 90 cm.<br \/>\n<strong>T\u00e4iendavad detailid:<\/strong> 2 ust, 1 riiul, metallist k\u00e4epidemed.<br \/>\n<strong>Kokkupanek:<\/strong> Kokkupandud, ei vaja paigaldust. S\u00e4\u00e4stab aega ja vaeva.<\/p>\n<p>&nbsp;<\/p>\n","protected":false},"excerpt":{"rendered":"<p>Rimini RI032S kapp elutuppa. See elegantne vitriinkapp on osa Rimini kollektsioonist, tuues teie elutuppa Provence&#8217;i stiili v\u00f5lu. Kapi kreemjas toon koos heleda pruuni pealispinna ja viimistlusega loob harmoonilise ja sooja atmosf\u00e4\u00e4ri. Metallist karbikujulised k\u00e4epidemed ja kaardus jalad lisavad sellele m\u00f6\u00f6bliesemele ainulaadset iseloomu. Rimini RI032S kapp on valmistatud kvaliteetsest Paulownia puidust ja MDF-ist, tagades vastupidavuse ja [&hellip;]<\/p>\n","protected":false},"featured_media":5553,"comment_status":"open","ping_status":"closed","template":"","meta":[],"product_brand":[],"product_cat":[81],"product_tag":[],"class_list":{"0":"post-5552","1":"product","2":"type-product","3":"status-publish","4":"has-post-thumbnail","6":"product_cat-kapid-riiulid-ja-kummutid","7":"product_shipping_class-livin-hill","8":"pa_kaepidemed-metall","9":"pa_kollektsioon-rimini","10":"pa_materjal-paulownia-puit","11":"pa_riiulite-arv-99","12":"pa_sahtlite-arv-95","13":"pa_uste-arv-94","14":"pa_varv-beez","16":"first","17":"outofstock","18":"sale","19":"taxable","20":"shipping-taxable","21":"purchasable","22":"product-type-simple"},"_links":{"self":[{"href":"https:\/\/blankpage.ee\/_ruumist-ruumi\/wp-json\/wp\/v2\/product\/5552","targetHints":{"allow":["GET"]}}],"collection":[{"href":"https:\/\/blankpage.ee\/_ruumist-ruumi\/wp-json\/wp\/v2\/product"}],"about":[{"href":"https:\/\/blankpage.ee\/_ruumist-ruumi\/wp-json\/wp\/v2\/types\/product"}],"replies":[{"embeddable":true,"href":"https:\/\/blankpage.ee\/_ruumist-ruumi\/wp-json\/wp\/v2\/comments?post=5552"}],"wp:featuredmedia":[{"embeddable":true,"href":"https:\/\/blankpage.ee\/_ruumist-ruumi\/wp-json\/wp\/v2\/media\/5553"}],"wp:attachment":[{"href":"https:\/\/blankpage.ee\/_ruumist-ruumi\/wp-json\/wp\/v2\/media?parent=5552"}],"wp:term":[{"taxonomy":"product_brand","embeddable":true,"href":"https:\/\/blankpage.ee\/_ruumist-ruumi\/wp-json\/wp\/v2\/product_brand?post=5552"},{"taxonomy":"product_cat","embeddable":true,"href":"https:\/\/blankpage.ee\/_ruumist-ruumi\/wp-json\/wp\/v2\/product_cat?post=5552"},{"taxonomy":"product_tag","embeddable":true,"href":"https:\/\/blankpage.ee\/_ruumist-ruumi\/wp-json\/wp\/v2\/product_tag?post=5552"}],"curies":[{"name":"wp","href":"https:\/\/api.w.org\/{rel}","templated":true}]}}