{"id":5667,"date":"2024-11-01T10:31:33","date_gmt":"2024-11-01T10:31:33","guid":{"rendered":"https:\/\/ruumistruumi.ee\/pood\/hall-muugiautomaat-avola-av375-32-akatsiapuust\/"},"modified":"2025-04-10T11:57:20","modified_gmt":"2025-04-10T11:57:20","slug":"hall-muugiautomaat-avola-av375-32-akatsiapuust","status":"publish","type":"product","link":"https:\/\/blankpage.ee\/_ruumist-ruumi\/pood\/hall-muugiautomaat-avola-av375-32-akatsiapuust\/","title":{"rendered":"Hall kummut Avola AV375-32, akaatsiapuidust"},"content":{"rendered":"<p>Avola AV375-32 kummut elutuppa. See elegantne kummut on osa Avola kollektsioonist ning pakub suurep\u00e4rast lahendust nii stiili kui ka funktsionaalsuse osas. Valmistatud kvaliteetsest akaatsiapuidust ja MDF-ist, kummut lisab igasse elutuppa soojust ja kaasaegsust. Kummuti hallikas-m\u00fcndiroheline viimistlus koos pealmise ja trimmiv\u00e4rviga loob rahuliku ja stiilse atmosf\u00e4\u00e4ri.<\/p>\n<p>Kummutil on kaks ust ja \u00fcks riiul, mis pakuvad piisavalt ruumi erinevate esemete hoiustamiseks. See on ideaalne valik, kui otsite m\u00f6\u00f6blieset, mis \u00fchendab endas praktilisuse ja esteetilise ilu. Kummut on kokkupandud, ei vaja paigaldust, s\u00e4\u00e4stes teie aega ja vaeva.<\/p>\n<p>Omadused:<br \/>\n<strong>Materjal:<\/strong> Akaatsiapuit ja MDF.<br \/>\n<strong>V\u00e4rv:<\/strong> Hallikas-m\u00fcndiroheline.<br \/>\n<strong>M\u00f5\u00f5tmed:<\/strong> Laius 82 cm, s\u00fcgavus 38 cm, k\u00f5rgus 82 cm.<br \/>\n<strong>T\u00e4iendavad detailid:<\/strong> Kaks ust ja \u00fcks riiul.<br \/>\n<strong>Kokkupanek:<\/strong> Kokkupandud, ei vaja paigaldust. S\u00e4\u00e4stab aega ja vaeva.<\/p>\n<p>&nbsp;<\/p>\n","protected":false},"excerpt":{"rendered":"<p>Avola AV375-32 kummut elutuppa. See elegantne kummut on osa Avola kollektsioonist ning pakub suurep\u00e4rast lahendust nii stiili kui ka funktsionaalsuse osas. Valmistatud kvaliteetsest akaatsiapuidust ja MDF-ist, kummut lisab igasse elutuppa soojust ja kaasaegsust. Kummuti hallikas-m\u00fcndiroheline viimistlus koos pealmise ja trimmiv\u00e4rviga loob rahuliku ja stiilse atmosf\u00e4\u00e4ri. Kummutil on kaks ust ja \u00fcks riiul, mis pakuvad piisavalt [&hellip;]<\/p>\n","protected":false},"featured_media":5668,"comment_status":"open","ping_status":"closed","template":"","meta":[],"product_brand":[],"product_cat":[81],"product_tag":[],"class_list":{"0":"post-5667","1":"product","2":"type-product","3":"status-publish","4":"has-post-thumbnail","6":"product_cat-kapid-riiulid-ja-kummutid","7":"product_shipping_class-livin-hill","8":"pa_kollektsioon-avola","9":"pa_materjal-akaatsiapuit","10":"pa_riiulite-arv-99","11":"pa_sahtlite-arv-87","12":"pa_uste-arv-94","13":"pa_varv-hall","15":"first","16":"instock","17":"sale","18":"taxable","19":"shipping-taxable","20":"purchasable","21":"product-type-simple"},"_links":{"self":[{"href":"https:\/\/blankpage.ee\/_ruumist-ruumi\/wp-json\/wp\/v2\/product\/5667","targetHints":{"allow":["GET"]}}],"collection":[{"href":"https:\/\/blankpage.ee\/_ruumist-ruumi\/wp-json\/wp\/v2\/product"}],"about":[{"href":"https:\/\/blankpage.ee\/_ruumist-ruumi\/wp-json\/wp\/v2\/types\/product"}],"replies":[{"embeddable":true,"href":"https:\/\/blankpage.ee\/_ruumist-ruumi\/wp-json\/wp\/v2\/comments?post=5667"}],"wp:featuredmedia":[{"embeddable":true,"href":"https:\/\/blankpage.ee\/_ruumist-ruumi\/wp-json\/wp\/v2\/media\/5668"}],"wp:attachment":[{"href":"https:\/\/blankpage.ee\/_ruumist-ruumi\/wp-json\/wp\/v2\/media?parent=5667"}],"wp:term":[{"taxonomy":"product_brand","embeddable":true,"href":"https:\/\/blankpage.ee\/_ruumist-ruumi\/wp-json\/wp\/v2\/product_brand?post=5667"},{"taxonomy":"product_cat","embeddable":true,"href":"https:\/\/blankpage.ee\/_ruumist-ruumi\/wp-json\/wp\/v2\/product_cat?post=5667"},{"taxonomy":"product_tag","embeddable":true,"href":"https:\/\/blankpage.ee\/_ruumist-ruumi\/wp-json\/wp\/v2\/product_tag?post=5667"}],"curies":[{"name":"wp","href":"https:\/\/api.w.org\/{rel}","templated":true}]}}