{"id":5694,"date":"2024-11-01T10:32:54","date_gmt":"2024-11-01T10:32:54","guid":{"rendered":"https:\/\/ruumistruumi.ee\/pood\/tumesinine-kummut-avola-av775-32-acacia-puidust\/"},"modified":"2025-04-10T11:57:20","modified_gmt":"2025-04-10T11:57:20","slug":"tumesinine-kummut-avola-av775-32-acacia-puidust","status":"publish","type":"product","link":"https:\/\/blankpage.ee\/_ruumist-ruumi\/pood\/tumesinine-kummut-avola-av775-32-acacia-puidust\/","title":{"rendered":"Tumesinine kummut Avola AV775-32, akaatsiapuidust"},"content":{"rendered":"<p>Avola AV775-32 kummut elutuppa. See elegantne kummut kuulub Avola kollektsiooni ja on loodud lisama teie elutuppa stiili ja praktilisust. Kummuti korpus on valmistatud vastupidavast akaatsiapuidust ja MDF-ist, mis tagab pikaajalise vastupidavuse ja kvaliteedi. Merev\u00e4esinine v\u00e4rv koos pealmise ja trimmiv\u00e4rviga loob rahuliku ja kaasaegse ilme.<\/p>\n<p>Kummutil on kaks ust, mis avavad \u00fche riiuli, pakkudes piisavalt hoiuruumi teie elutoa esemete jaoks. Kokkupandud, ei vaja paigaldust. S\u00e4\u00e4stab aega ja vaeva, v\u00f5imaldades teil kohe nautida selle kauni m\u00f6\u00f6blieseme funktsionaalsust ja elegantsi.<\/p>\n<p>Omadused:<br \/>\n<strong>Materjal:<\/strong> Akaatsiapuit ja MDF.<br \/>\n<strong>V\u00e4rv:<\/strong> Merev\u00e4esinine.<br \/>\n<strong>M\u00f5\u00f5tmed:<\/strong> Laius 82 cm, s\u00fcgavus 38 cm, k\u00f5rgus 82 cm.<br \/>\n<strong>T\u00e4iendavad detailid:<\/strong> Kaks ust ja \u00fcks riiul.<br \/>\n<strong>Kokkupanek:<\/strong> Kokkupandud, ei vaja paigaldust. S\u00e4\u00e4stab aega ja vaeva.<\/p>\n<p>&nbsp;<\/p>\n","protected":false},"excerpt":{"rendered":"<p>Avola AV775-32 kummut elutuppa. See elegantne kummut kuulub Avola kollektsiooni ja on loodud lisama teie elutuppa stiili ja praktilisust. Kummuti korpus on valmistatud vastupidavast akaatsiapuidust ja MDF-ist, mis tagab pikaajalise vastupidavuse ja kvaliteedi. Merev\u00e4esinine v\u00e4rv koos pealmise ja trimmiv\u00e4rviga loob rahuliku ja kaasaegse ilme. Kummutil on kaks ust, mis avavad \u00fche riiuli, pakkudes piisavalt hoiuruumi [&hellip;]<\/p>\n","protected":false},"featured_media":5695,"comment_status":"open","ping_status":"closed","template":"","meta":[],"product_brand":[],"product_cat":[81],"product_tag":[],"class_list":{"0":"post-5694","1":"product","2":"type-product","3":"status-publish","4":"has-post-thumbnail","6":"product_cat-kapid-riiulid-ja-kummutid","7":"product_shipping_class-livin-hill","8":"pa_kollektsioon-avola","9":"pa_materjal-akaatsiapuit","10":"pa_riiulite-arv-99","11":"pa_sahtlite-arv-87","12":"pa_uste-arv-94","13":"pa_varv-tumesinine","15":"first","16":"instock","17":"sale","18":"taxable","19":"shipping-taxable","20":"purchasable","21":"product-type-simple"},"_links":{"self":[{"href":"https:\/\/blankpage.ee\/_ruumist-ruumi\/wp-json\/wp\/v2\/product\/5694","targetHints":{"allow":["GET"]}}],"collection":[{"href":"https:\/\/blankpage.ee\/_ruumist-ruumi\/wp-json\/wp\/v2\/product"}],"about":[{"href":"https:\/\/blankpage.ee\/_ruumist-ruumi\/wp-json\/wp\/v2\/types\/product"}],"replies":[{"embeddable":true,"href":"https:\/\/blankpage.ee\/_ruumist-ruumi\/wp-json\/wp\/v2\/comments?post=5694"}],"wp:featuredmedia":[{"embeddable":true,"href":"https:\/\/blankpage.ee\/_ruumist-ruumi\/wp-json\/wp\/v2\/media\/5695"}],"wp:attachment":[{"href":"https:\/\/blankpage.ee\/_ruumist-ruumi\/wp-json\/wp\/v2\/media?parent=5694"}],"wp:term":[{"taxonomy":"product_brand","embeddable":true,"href":"https:\/\/blankpage.ee\/_ruumist-ruumi\/wp-json\/wp\/v2\/product_brand?post=5694"},{"taxonomy":"product_cat","embeddable":true,"href":"https:\/\/blankpage.ee\/_ruumist-ruumi\/wp-json\/wp\/v2\/product_cat?post=5694"},{"taxonomy":"product_tag","embeddable":true,"href":"https:\/\/blankpage.ee\/_ruumist-ruumi\/wp-json\/wp\/v2\/product_tag?post=5694"}],"curies":[{"name":"wp","href":"https:\/\/api.w.org\/{rel}","templated":true}]}}