{"id":5728,"date":"2024-11-01T10:34:45","date_gmt":"2024-11-01T10:34:45","guid":{"rendered":"https:\/\/ruumistruumi.ee\/pood\/tumesinine-konsoollaud-avola-av1633-60-kummipuidust\/"},"modified":"2025-07-22T17:46:47","modified_gmt":"2025-07-22T17:46:47","slug":"tumesinine-konsoollaud-avola-av1633-60-kummipuust","status":"publish","type":"product","link":"https:\/\/blankpage.ee\/_ruumist-ruumi\/pood\/tumesinine-konsoollaud-avola-av1633-60-kummipuust\/","title":{"rendered":"Tumesinine konsoollaud Avola AV1633-60, kummipuidust"},"content":{"rendered":"<p>Avola AV1633-60 konsoollaud esikusse. See elegantne Hamptoni stiilis konsoollaud on suurep\u00e4rane t\u00e4iendus igasse esikusse, pakkudes nii praktilisust kui ka stiili. Laual on kaunilt keerutatud jalad ning funktsionaalsed sahtlid lihtsate k\u00e4epidemetega, mis lisavad sellele iseloomu. Lisaks on konsoollaual \u00fcks riiul, mis pakub t\u00e4iendavat hoiuruumi. Laua pinnal on iseloomulik vanandamine koore\u00fcraskite kujul, mis annab sellele unikaalse v\u00e4limuse.<\/p>\n<p>Avola kollektsiooni konsoollaud on valmistatud vastupidavast kummipuust ning selle merev\u00e4esinine v\u00e4rv koos kontrastse \u00fclaosa ja viimistlusega loob pilkup\u00fc\u00fcdva ja ajatu ilme. Laua m\u00f5\u00f5tmed on 152,5 cm lai, 35,5 cm s\u00fcgav ja 86,5 cm k\u00f5rge, mis teeb sellest ideaalse valiku kitsamatesse ruumidesse. Keskmine sahtel m\u00f5\u00f5tmetega 64 x 22,5 x 12,5 cm ja k\u00fclgmised sahtlid m\u00f5\u00f5tmetega 33 x 22,5 x 12,5 cm pakuvad piisavalt ruumi v\u00e4iksemate esemete hoiustamiseks. Jalad, mille k\u00f5rgus on 8 cm, lisavad lauale visuaalset kergust ja elegantsi.<\/p>\n<p>Omadused:<br \/>\n<strong>Materjal:<\/strong> Vastupidav kummipuu.<br \/>\n<strong>V\u00e4rv:<\/strong> Merev\u00e4esinine viimistlus.<br \/>\n<strong>M\u00f5\u00f5tmed:<\/strong> Laius 152,5 cm, s\u00fcgavus 35,5 cm, k\u00f5rgus 86,5 cm.<br \/>\n<strong>T\u00e4iendavad detailid:<\/strong> Metallist k\u00e4epidemed ja osaliselt kokkupandud konstruktsioon, mis s\u00e4\u00e4stab aega ja vaeva.<\/p>\n<p>&nbsp;<\/p>\n","protected":false},"excerpt":{"rendered":"<p>Avola AV1633-60 konsoollaud esikusse. See elegantne Hamptoni stiilis konsoollaud on suurep\u00e4rane t\u00e4iendus igasse esikusse, pakkudes nii praktilisust kui ka stiili. Laual on kaunilt keerutatud jalad ning funktsionaalsed sahtlid lihtsate k\u00e4epidemetega, mis lisavad sellele iseloomu. Lisaks on konsoollaual \u00fcks riiul, mis pakub t\u00e4iendavat hoiuruumi. Laua pinnal on iseloomulik vanandamine koore\u00fcraskite kujul, mis annab sellele unikaalse v\u00e4limuse. [&hellip;]<\/p>\n","protected":false},"featured_media":5729,"comment_status":"open","ping_status":"closed","template":"","meta":[],"product_brand":[],"product_cat":[83],"product_tag":[],"class_list":{"0":"post-5728","1":"product","2":"type-product","3":"status-publish","4":"has-post-thumbnail","6":"product_cat-konsoollauad","7":"product_shipping_class-livin-hill","8":"pa_kaepidemed-metall","9":"pa_kollektsioon-avola","10":"pa_materjal-kummipuit","11":"pa_riiulite-arv-99","12":"pa_sahtlite-arv-95","13":"pa_varv-tumesinine","15":"first","16":"outofstock","17":"sale","18":"taxable","19":"shipping-taxable","20":"purchasable","21":"product-type-simple"},"_links":{"self":[{"href":"https:\/\/blankpage.ee\/_ruumist-ruumi\/wp-json\/wp\/v2\/product\/5728","targetHints":{"allow":["GET"]}}],"collection":[{"href":"https:\/\/blankpage.ee\/_ruumist-ruumi\/wp-json\/wp\/v2\/product"}],"about":[{"href":"https:\/\/blankpage.ee\/_ruumist-ruumi\/wp-json\/wp\/v2\/types\/product"}],"replies":[{"embeddable":true,"href":"https:\/\/blankpage.ee\/_ruumist-ruumi\/wp-json\/wp\/v2\/comments?post=5728"}],"wp:featuredmedia":[{"embeddable":true,"href":"https:\/\/blankpage.ee\/_ruumist-ruumi\/wp-json\/wp\/v2\/media\/5729"}],"wp:attachment":[{"href":"https:\/\/blankpage.ee\/_ruumist-ruumi\/wp-json\/wp\/v2\/media?parent=5728"}],"wp:term":[{"taxonomy":"product_brand","embeddable":true,"href":"https:\/\/blankpage.ee\/_ruumist-ruumi\/wp-json\/wp\/v2\/product_brand?post=5728"},{"taxonomy":"product_cat","embeddable":true,"href":"https:\/\/blankpage.ee\/_ruumist-ruumi\/wp-json\/wp\/v2\/product_cat?post=5728"},{"taxonomy":"product_tag","embeddable":true,"href":"https:\/\/blankpage.ee\/_ruumist-ruumi\/wp-json\/wp\/v2\/product_tag?post=5728"}],"curies":[{"name":"wp","href":"https:\/\/api.w.org\/{rel}","templated":true}]}}