{"id":5765,"date":"2024-11-01T10:37:05","date_gmt":"2024-11-01T10:37:05","guid":{"rendered":"https:\/\/ruumistruumi.ee\/pood\/tume-sienna-ottomani-avola-av1730-78-ehtne-nahk\/"},"modified":"2025-04-10T11:57:23","modified_gmt":"2025-04-10T11:57:23","slug":"tumepruun-pink-avola-av1730-78-ehtsast-nahast","status":"publish","type":"product","link":"https:\/\/blankpage.ee\/_ruumist-ruumi\/pood\/tumepruun-pink-avola-av1730-78-ehtsast-nahast\/","title":{"rendered":"Tumepruun pink Avola AV1730-78, ehtsast nahast"},"content":{"rendered":"<p>Avola AV1730-78 polsterdatud tumba esikusse. See tumba lisab teie esikusse stiili ja funktsionaalsust. Tumma istumisosa on valmistatud naturaalsest nahast, millel on tume siena v\u00e4rv, ning sellel on industriaalstiilis must metallraam. <\/p>\n<p>Avola kollektsiooni kuuluv tumba on ideaalne valik neile, kes hindavad luksuslikku v\u00e4limust ja vastupidavust. Quilted iste lisab visuaalset s\u00fcgavust ja pehmust, pakkudes samal ajal mugavat istumiskohta. Tumba on juba kokkupandud, mis s\u00e4\u00e4stab teie aega ja vaeva.<\/p>\n<p>Omadused:<br \/>\n<strong>Materjal:<\/strong> Naturaalne nahk ja metallist jalad.<br \/>\n<strong>V\u00e4rv:<\/strong> Tume siena istumisosa ja mustad jalad.<br \/>\n<strong>M\u00f5\u00f5tmed:<\/strong> Laius 140 cm, s\u00fcgavus 45 cm, k\u00f5rgus 45 cm.<br \/>\n<strong>T\u00e4iendavad detailid:<\/strong> Quilted istumisosa.<br \/>\n<strong>Kokkupanek:<\/strong> Kokkupandud, ei vaja paigaldust. S\u00e4\u00e4stab aega ja vaeva.<\/p>\n<p>&nbsp;<\/p>\n","protected":false},"excerpt":{"rendered":"<p>Avola AV1730-78 polsterdatud tumba esikusse. See tumba lisab teie esikusse stiili ja funktsionaalsust. Tumma istumisosa on valmistatud naturaalsest nahast, millel on tume siena v\u00e4rv, ning sellel on industriaalstiilis must metallraam. Avola kollektsiooni kuuluv tumba on ideaalne valik neile, kes hindavad luksuslikku v\u00e4limust ja vastupidavust. Quilted iste lisab visuaalset s\u00fcgavust ja pehmust, pakkudes samal ajal mugavat [&hellip;]<\/p>\n","protected":false},"featured_media":5766,"comment_status":"open","ping_status":"closed","template":"","meta":[],"product_brand":[],"product_cat":[136],"product_tag":[],"class_list":{"0":"post-5765","1":"product","2":"type-product","3":"status-publish","4":"has-post-thumbnail","6":"product_cat-esikupingid","7":"product_shipping_class-livin-hill","8":"pa_kollektsioon-avola","9":"pa_materjal-metall","10":"pa_materjal-nahk","11":"pa_varv-tumepruun","13":"first","14":"instock","15":"sale","16":"taxable","17":"shipping-taxable","18":"purchasable","19":"product-type-simple"},"_links":{"self":[{"href":"https:\/\/blankpage.ee\/_ruumist-ruumi\/wp-json\/wp\/v2\/product\/5765","targetHints":{"allow":["GET"]}}],"collection":[{"href":"https:\/\/blankpage.ee\/_ruumist-ruumi\/wp-json\/wp\/v2\/product"}],"about":[{"href":"https:\/\/blankpage.ee\/_ruumist-ruumi\/wp-json\/wp\/v2\/types\/product"}],"replies":[{"embeddable":true,"href":"https:\/\/blankpage.ee\/_ruumist-ruumi\/wp-json\/wp\/v2\/comments?post=5765"}],"wp:featuredmedia":[{"embeddable":true,"href":"https:\/\/blankpage.ee\/_ruumist-ruumi\/wp-json\/wp\/v2\/media\/5766"}],"wp:attachment":[{"href":"https:\/\/blankpage.ee\/_ruumist-ruumi\/wp-json\/wp\/v2\/media?parent=5765"}],"wp:term":[{"taxonomy":"product_brand","embeddable":true,"href":"https:\/\/blankpage.ee\/_ruumist-ruumi\/wp-json\/wp\/v2\/product_brand?post=5765"},{"taxonomy":"product_cat","embeddable":true,"href":"https:\/\/blankpage.ee\/_ruumist-ruumi\/wp-json\/wp\/v2\/product_cat?post=5765"},{"taxonomy":"product_tag","embeddable":true,"href":"https:\/\/blankpage.ee\/_ruumist-ruumi\/wp-json\/wp\/v2\/product_tag?post=5765"}],"curies":[{"name":"wp","href":"https:\/\/api.w.org\/{rel}","templated":true}]}}