{"id":5791,"date":"2024-11-01T10:51:05","date_gmt":"2024-11-01T10:51:05","guid":{"rendered":"https:\/\/ruumistruumi.ee\/pood\/helepruun-kummut-avola-av1995-63-akaatsiapuidust\/"},"modified":"2025-04-10T11:57:24","modified_gmt":"2025-04-10T11:57:24","slug":"helepruun-kummut-avola-av1995-63-akaatsiapuidust","status":"publish","type":"product","link":"https:\/\/blankpage.ee\/_ruumist-ruumi\/pood\/helepruun-kummut-avola-av1995-63-akaatsiapuidust\/","title":{"rendered":"Helepruun kummut Avola AV1995-63, akaatsiapuidust"},"content":{"rendered":"<p>Avola AV1995-63 kummut elutuppa. See elegantne kummut on valmistatud naturaalsest akaatsiapuidust, mille esik\u00fclg on kaunistatud inkrusteeringuga, r\u00f5hutades materjali struktuuri. Mustad metallist jalad annavad tootele industriaalstiili, mis toob teie elutuppa kaasaegse ja stiilse ilme.<\/p>\n<p>Kummutil on kolm ust ja kaks riiulit, pakkudes rohkelt hoiuruumi igap\u00e4evaste esemete jaoks. Metallist k\u00e4epidemed lisavad kummutile t\u00e4iendavat elegantsi ja vastupidavust. Parempoolse riiuli m\u00f5\u00f5tmed on 103,5 x 38 cm ja vasakpoolse riiuli m\u00f5\u00f5tmed on 52 x 38 cm. Parempoolse ukse m\u00f5\u00f5tmed on 96,5 x 66 cm ja vasakpoolse ukse m\u00f5\u00f5tmed on 46,5 x 66 cm. Riiulite k\u00f5rgust ei saa reguleerida, kuid esik\u00fclje 3D-struktuur lisab visuaalset s\u00fcgavust ja isikup\u00e4ra.<\/p>\n<p>Omadused:<br \/>\n<strong>Materjal:<\/strong> Akaatsiapuit ja metallist jalad.<br \/>\n<strong>V\u00e4rv:<\/strong> Naturaalne hele puit ja mustad jalad.<br \/>\n<strong>M\u00f5\u00f5tmed:<\/strong> Laius 160 cm, s\u00fcgavus 46 cm, k\u00f5rgus 84 cm.<br \/>\n<strong>T\u00e4iendavad detailid:<\/strong> Esik\u00fclg 3D-struktuuriga, riiulite k\u00f5rgus ei ole reguleeritav.<br \/>\n<strong>Kokkupanek:<\/strong> Osaliselt kokku pandud, ei vaja paigaldust. S\u00e4\u00e4stab aega ja vaeva.<\/p>\n<p>&nbsp;<\/p>\n","protected":false},"excerpt":{"rendered":"<p>Avola AV1995-63 kummut elutuppa. See elegantne kummut on valmistatud naturaalsest akaatsiapuidust, mille esik\u00fclg on kaunistatud inkrusteeringuga, r\u00f5hutades materjali struktuuri. Mustad metallist jalad annavad tootele industriaalstiili, mis toob teie elutuppa kaasaegse ja stiilse ilme. Kummutil on kolm ust ja kaks riiulit, pakkudes rohkelt hoiuruumi igap\u00e4evaste esemete jaoks. Metallist k\u00e4epidemed lisavad kummutile t\u00e4iendavat elegantsi ja vastupidavust. Parempoolse [&hellip;]<\/p>\n","protected":false},"featured_media":5792,"comment_status":"open","ping_status":"closed","template":"","meta":[],"product_brand":[],"product_cat":[81],"product_tag":[],"class_list":{"0":"post-5791","1":"product","2":"type-product","3":"status-publish","4":"has-post-thumbnail","6":"product_cat-kapid-riiulid-ja-kummutid","7":"product_shipping_class-livin-hill","8":"pa_kaepidemed-metall","9":"pa_kollektsioon-avola","10":"pa_materjal-akaatsiapuit","11":"pa_riiulite-arv-76","12":"pa_uste-arv-84","13":"pa_varv-pruun","15":"first","16":"instock","17":"sale","18":"taxable","19":"shipping-taxable","20":"purchasable","21":"product-type-simple"},"_links":{"self":[{"href":"https:\/\/blankpage.ee\/_ruumist-ruumi\/wp-json\/wp\/v2\/product\/5791","targetHints":{"allow":["GET"]}}],"collection":[{"href":"https:\/\/blankpage.ee\/_ruumist-ruumi\/wp-json\/wp\/v2\/product"}],"about":[{"href":"https:\/\/blankpage.ee\/_ruumist-ruumi\/wp-json\/wp\/v2\/types\/product"}],"replies":[{"embeddable":true,"href":"https:\/\/blankpage.ee\/_ruumist-ruumi\/wp-json\/wp\/v2\/comments?post=5791"}],"wp:featuredmedia":[{"embeddable":true,"href":"https:\/\/blankpage.ee\/_ruumist-ruumi\/wp-json\/wp\/v2\/media\/5792"}],"wp:attachment":[{"href":"https:\/\/blankpage.ee\/_ruumist-ruumi\/wp-json\/wp\/v2\/media?parent=5791"}],"wp:term":[{"taxonomy":"product_brand","embeddable":true,"href":"https:\/\/blankpage.ee\/_ruumist-ruumi\/wp-json\/wp\/v2\/product_brand?post=5791"},{"taxonomy":"product_cat","embeddable":true,"href":"https:\/\/blankpage.ee\/_ruumist-ruumi\/wp-json\/wp\/v2\/product_cat?post=5791"},{"taxonomy":"product_tag","embeddable":true,"href":"https:\/\/blankpage.ee\/_ruumist-ruumi\/wp-json\/wp\/v2\/product_tag?post=5791"}],"curies":[{"name":"wp","href":"https:\/\/api.w.org\/{rel}","templated":true}]}}