{"id":5879,"date":"2024-11-01T10:55:53","date_gmt":"2024-11-01T10:55:53","guid":{"rendered":"https:\/\/ruumistruumi.ee\/pood\/kuldne-kulmkapp-avola-av1550-50-akatsiapuust-ja-vineerist\/"},"modified":"2025-04-10T11:57:26","modified_gmt":"2025-04-10T11:57:26","slug":"helepruun-kummut-avola-av1550-50-akaatsiapuidust","status":"publish","type":"product","link":"https:\/\/blankpage.ee\/_ruumist-ruumi\/pood\/helepruun-kummut-avola-av1550-50-akaatsiapuidust\/","title":{"rendered":"Helepruun kummut Avola AV1550-50, akaatsiapuidust"},"content":{"rendered":"<p>Avola AV1550-50 kummut elutuppa. See glamuurse stiiliga kummut on valmistatud tugevast akaatsiapuidust, mille esipaneelidel on peegelpinnaga dekoratiivsed liistud, lisades ruumile elegantsi ja stiili. V\u00e4rvikombinatsioon, mis \u00fchendab vana kulda h\u00f5beda ja pruuni kulumise efektiga, loob t\u00f5eliselt h\u00e4mmastava ilme.<\/p>\n<p>Kummutil on kaks ust ja \u00fcks riiul, pakkudes piisavalt hoiuruumi. Metallist k\u00e4epidemed lisavad modernset puudutust, samas kui peegeluksed annavad ruumile avarust ja valgust. Kummuti m\u00f5\u00f5tmed on 127 cm lai, 40,5 cm s\u00fcgav ja 99 cm k\u00f5rge, muutes selle sobivaks erinevatesse eluruumidesse. Uste avamise m\u00f5\u00f5tmed on 119 x 79 cm, riiuli m\u00f5\u00f5tmed 123 x 35 x 38 cm ning jalgade k\u00f5rgus 11,5 cm. Riiuli k\u00f5rgus ei ole reguleeritav, kuid see on kokkupandud, s\u00e4\u00e4stes teie aega ja vaeva.<\/p>\n<p>Omadused:<br \/>\n<strong>Materjal:<\/strong> Akaatsiapuit ja vineer.<br \/>\n<strong>V\u00e4rv:<\/strong> Kuldne h\u00f5be-pruunide kulumisj\u00e4lgedega.<br \/>\n<strong>M\u00f5\u00f5tmed:<\/strong> Laius 127 cm, s\u00fcgavus 40,5 cm, k\u00f5rgus 99 cm.<br \/>\n<strong>T\u00e4iendavad detailid:<\/strong> Dekoratiivsed liistud, peegeluksed.<br \/>\n<strong>Kokkupanek:<\/strong> Kokkupandud, ei vaja paigaldust. S\u00e4\u00e4stab aega ja vaeva.<\/p>\n<p>&nbsp;<\/p>\n","protected":false},"excerpt":{"rendered":"<p>Avola AV1550-50 kummut elutuppa. See glamuurse stiiliga kummut on valmistatud tugevast akaatsiapuidust, mille esipaneelidel on peegelpinnaga dekoratiivsed liistud, lisades ruumile elegantsi ja stiili. V\u00e4rvikombinatsioon, mis \u00fchendab vana kulda h\u00f5beda ja pruuni kulumise efektiga, loob t\u00f5eliselt h\u00e4mmastava ilme. Kummutil on kaks ust ja \u00fcks riiul, pakkudes piisavalt hoiuruumi. Metallist k\u00e4epidemed lisavad modernset puudutust, samas kui peegeluksed [&hellip;]<\/p>\n","protected":false},"featured_media":5880,"comment_status":"open","ping_status":"closed","template":"","meta":[],"product_brand":[],"product_cat":[81],"product_tag":[],"class_list":{"0":"post-5879","1":"product","2":"type-product","3":"status-publish","4":"has-post-thumbnail","6":"product_cat-kapid-riiulid-ja-kummutid","7":"product_shipping_class-livin-hill","8":"pa_kaepidemed-metall","9":"pa_kollektsioon-avola","10":"pa_materjal-akaatsiapuit","11":"pa_riiulite-arv-99","12":"pa_uste-arv-94","13":"pa_varv-helepruun","15":"first","16":"instock","17":"sale","18":"taxable","19":"shipping-taxable","20":"purchasable","21":"product-type-simple"},"_links":{"self":[{"href":"https:\/\/blankpage.ee\/_ruumist-ruumi\/wp-json\/wp\/v2\/product\/5879","targetHints":{"allow":["GET"]}}],"collection":[{"href":"https:\/\/blankpage.ee\/_ruumist-ruumi\/wp-json\/wp\/v2\/product"}],"about":[{"href":"https:\/\/blankpage.ee\/_ruumist-ruumi\/wp-json\/wp\/v2\/types\/product"}],"replies":[{"embeddable":true,"href":"https:\/\/blankpage.ee\/_ruumist-ruumi\/wp-json\/wp\/v2\/comments?post=5879"}],"wp:featuredmedia":[{"embeddable":true,"href":"https:\/\/blankpage.ee\/_ruumist-ruumi\/wp-json\/wp\/v2\/media\/5880"}],"wp:attachment":[{"href":"https:\/\/blankpage.ee\/_ruumist-ruumi\/wp-json\/wp\/v2\/media?parent=5879"}],"wp:term":[{"taxonomy":"product_brand","embeddable":true,"href":"https:\/\/blankpage.ee\/_ruumist-ruumi\/wp-json\/wp\/v2\/product_brand?post=5879"},{"taxonomy":"product_cat","embeddable":true,"href":"https:\/\/blankpage.ee\/_ruumist-ruumi\/wp-json\/wp\/v2\/product_cat?post=5879"},{"taxonomy":"product_tag","embeddable":true,"href":"https:\/\/blankpage.ee\/_ruumist-ruumi\/wp-json\/wp\/v2\/product_tag?post=5879"}],"curies":[{"name":"wp","href":"https:\/\/api.w.org\/{rel}","templated":true}]}}